{"id":102,"date":"2024-12-09T03:59:30","date_gmt":"2024-12-09T03:59:30","guid":{"rendered":"https:\/\/hanhtrinhkydieu.id.vn\/?page_id=102"},"modified":"2024-12-12T07:38:18","modified_gmt":"2024-12-12T07:38:18","slug":"triet-san-va-phau-thuat","status":"publish","type":"page","link":"https:\/\/hanhtrinhkydieu.id.vn\/index.php\/triet-san-va-phau-thuat\/","title":{"rendered":"Tri\u1ec7t s\u1ea3n v\u00e0 ph\u1eabu thu\u1eadt"},"content":{"rendered":"\t\t<div data-elementor-type=\"wp-page\" data-elementor-id=\"102\" class=\"elementor elementor-102\">\n\t\t\t\t<div class=\"elementor-element elementor-element-5a6d637 e-flex e-con-boxed e-con e-parent\" data-id=\"5a6d637\" data-element_type=\"container\" data-e-type=\"container\" data-settings=\"{&quot;background_background&quot;:&quot;classic&quot;}\">\n\t\t\t\t\t<div class=\"e-con-inner\">\n\t\t\t\t<div class=\"elementor-element elementor-element-7842601 animated-slow elementor-invisible elementor-widget elementor-widget-heading\" data-id=\"7842601\" data-element_type=\"widget\" data-e-type=\"widget\" data-settings=\"{&quot;_animation&quot;:&quot;fadeInUp&quot;}\" data-widget_type=\"heading.default\">\n\t\t\t\t\t<h2 class=\"elementor-heading-title elementor-size-default\">TRI\u1ec6T S\u1ea2N V\u00c0 PH\u1eaaU THU\u1eacT<\/h2>\t\t\t\t<\/div>\n\t\t\t\t\t<\/div>\n\t\t\t\t<\/div>\n\t\t<div class=\"elementor-element elementor-element-c09b3c2 e-flex e-con-boxed e-con e-parent\" data-id=\"c09b3c2\" data-element_type=\"container\" data-e-type=\"container\">\n\t\t\t\t\t<div class=\"e-con-inner\">\n\t\t<div class=\"elementor-element elementor-element-fb1bc92 e-con-full e-flex e-con e-child\" data-id=\"fb1bc92\" data-element_type=\"container\" data-e-type=\"container\">\n\t\t\t\t<div class=\"elementor-element elementor-element-bd8c791 elementor-widget__width-initial elementor-widget elementor-widget-image\" data-id=\"bd8c791\" data-element_type=\"widget\" data-e-type=\"widget\" data-widget_type=\"image.default\">\n\t\t\t\t\t\t\t\t\t\t\t\t\t\t\t<img fetchpriority=\"high\" decoding=\"async\" width=\"602\" height=\"372\" src=\"https:\/\/hanhtrinhkydieu.id.vn\/wp-content\/uploads\/2024\/12\/2b1cd30fd39169cf3080.jpg\" class=\"attachment-large size-large wp-image-475\" alt=\"\" srcset=\"https:\/\/hanhtrinhkydieu.id.vn\/wp-content\/uploads\/2024\/12\/2b1cd30fd39169cf3080.jpg 602w, https:\/\/hanhtrinhkydieu.id.vn\/wp-content\/uploads\/2024\/12\/2b1cd30fd39169cf3080-300x185.jpg 300w, https:\/\/hanhtrinhkydieu.id.vn\/wp-content\/uploads\/2024\/12\/2b1cd30fd39169cf3080-24x15.jpg 24w, https:\/\/hanhtrinhkydieu.id.vn\/wp-content\/uploads\/2024\/12\/2b1cd30fd39169cf3080-36x22.jpg 36w, https:\/\/hanhtrinhkydieu.id.vn\/wp-content\/uploads\/2024\/12\/2b1cd30fd39169cf3080-48x30.jpg 48w, https:\/\/hanhtrinhkydieu.id.vn\/wp-content\/uploads\/2024\/12\/2b1cd30fd39169cf3080-600x371.jpg 600w\" sizes=\"(max-width: 602px) 100vw, 602px\" \/>\t\t\t\t\t\t\t\t\t\t\t\t\t\t\t<\/div>\n\t\t\t\t<\/div>\n\t\t<div class=\"elementor-element elementor-element-75b69a9 e-con-full e-flex e-con e-child\" data-id=\"75b69a9\" data-element_type=\"container\" data-e-type=\"container\">\n\t\t\t\t<div class=\"elementor-element elementor-element-b34cfd2 animated-slow elementor-invisible elementor-widget elementor-widget-heading\" data-id=\"b34cfd2\" data-element_type=\"widget\" data-e-type=\"widget\" data-settings=\"{&quot;_animation&quot;:&quot;fadeInUp&quot;}\" data-widget_type=\"heading.default\">\n\t\t\t\t\t<h2 class=\"elementor-heading-title elementor-size-default\">T\u1ea1i sao c\u1ea7n tri\u1ec7t s\u1ea3n v\u00e0 ph\u1eabu thu\u1eadt cho th\u00fa c\u01b0ng?<\/h2>\t\t\t\t<\/div>\n\t\t\t\t<div class=\"elementor-element elementor-element-e9cd0e7 elementor-icon-list--layout-traditional elementor-list-item-link-full_width elementor-widget elementor-widget-icon-list\" data-id=\"e9cd0e7\" data-element_type=\"widget\" data-e-type=\"widget\" data-widget_type=\"icon-list.default\">\n\t\t\t\t\t\t\t<ul class=\"elementor-icon-list-items\">\n\t\t\t\t\t\t\t<li class=\"elementor-icon-list-item\">\n\t\t\t\t\t\t\t\t\t\t<span class=\"elementor-icon-list-text\">Ng\u0103n ng\u1eeba mang thai ngo\u00e0i \u00fd mu\u1ed1n, gi\u1ea3m nguy c\u01a1 c\u00e1c b\u1ec7nh nh\u01b0 ung th\u01b0 t\u1eed cung, u x\u01a1 tuy\u1ebfn ti\u1ec1n li\u1ec7t,\u2026<\/span>\n\t\t\t\t\t\t\t\t\t<\/li>\n\t\t\t\t\t\t\t\t<li class=\"elementor-icon-list-item\">\n\t\t\t\t\t\t\t\t\t\t<span class=\"elementor-icon-list-text\">Gi\u1ea3i quy\u1ebft c\u00e1c v\u1ea5n \u0111\u1ec1 s\u1ee9c kh\u1ecfe nghi\u00eam tr\u1ecdng nh\u01b0 s\u1ecfi th\u1eadn, kh\u1ed1i u, ho\u1eb7c g\u00e3y x\u01b0\u01a1ng,\u2026<\/span>\n\t\t\t\t\t\t\t\t\t<\/li>\n\t\t\t\t\t\t\t\t<li class=\"elementor-icon-list-item\">\n\t\t\t\t\t\t\t\t\t\t<span class=\"elementor-icon-list-text\">C\u1ea3i thi\u1ec7n ch\u1ea5t l\u01b0\u1ee3ng s\u1ed1ng v\u00e0 k\u00e9o d\u00e0i tu\u1ed5i th\u1ecd cho th\u00fa c\u01b0n<\/span>\n\t\t\t\t\t\t\t\t\t<\/li>\n\t\t\t\t\t\t<\/ul>\n\t\t\t\t\t\t<\/div>\n\t\t\t\t<\/div>\n\t\t\t\t\t<\/div>\n\t\t\t\t<\/div>\n\t\t<div class=\"elementor-element elementor-element-07c9188 e-flex e-con-boxed e-con e-parent\" data-id=\"07c9188\" data-element_type=\"container\" data-e-type=\"container\" data-settings=\"{&quot;background_background&quot;:&quot;classic&quot;}\">\n\t\t\t\t\t<div class=\"e-con-inner\">\n\t\t\t\t<div class=\"elementor-element elementor-element-55f9006 animated-slow elementor-invisible elementor-widget elementor-widget-heading\" data-id=\"55f9006\" data-element_type=\"widget\" data-e-type=\"widget\" data-settings=\"{&quot;_animation&quot;:&quot;fadeInUp&quot;}\" data-widget_type=\"heading.default\">\n\t\t\t\t\t<h2 class=\"elementor-heading-title elementor-size-default\">B\u1ea1n c\u00f3 th\u1ec3 ch\u01b0a bi\u1ebft<\/h2>\t\t\t\t<\/div>\n\t\t\t\t\t<\/div>\n\t\t\t\t<\/div>\n\t\t<div class=\"elementor-element elementor-element-15627a8 e-flex e-con-boxed e-con e-parent\" data-id=\"15627a8\" data-element_type=\"container\" data-e-type=\"container\">\n\t\t\t\t\t<div class=\"e-con-inner\">\n\t\t\t\t<div class=\"elementor-element elementor-element-20b399b elementor-widget elementor-widget-text-editor\" data-id=\"20b399b\" data-element_type=\"widget\" data-e-type=\"widget\" data-widget_type=\"text-editor.default\">\n\t\t\t\t\t\t\t\t\t<p><b>Tri\u1ec7t s\u1ea3n c\u00f3 th\u1ec3 gi\u00fap th\u00fa c\u01b0ng gi\u1ea3m nguy c\u01a1 m\u1eafc b\u1ec7nh ung th\u01b0 \u0111\u1ebfn 80%.<\/b><\/p><p><b>M\u1ed9t s\u1ed1 gi\u1ed1ng ch\u00f3\/m\u00e8o c\u00f3 nguy c\u01a1 m\u1eafc b\u1ec7nh di truy\u1ec1n cao, c\u1ea7n \u0111\u01b0\u1ee3c ph\u1eabu thu\u1eadt s\u1edbm \u0111\u1ec3 c\u1ea3i thi\u1ec7n s\u1ee9c kh\u1ecfe.<\/b><\/p>\t\t\t\t\t\t\t\t<\/div>\n\t\t\t\t\t<\/div>\n\t\t\t\t<\/div>\n\t\t<div class=\"elementor-element elementor-element-0b77978 e-flex e-con-boxed e-con e-parent\" data-id=\"0b77978\" data-element_type=\"container\" data-e-type=\"container\" data-settings=\"{&quot;background_background&quot;:&quot;classic&quot;}\">\n\t\t\t\t\t<div class=\"e-con-inner\">\n\t\t\t\t<div class=\"elementor-element elementor-element-3c6a45f animated-slow elementor-invisible elementor-widget elementor-widget-heading\" data-id=\"3c6a45f\" data-element_type=\"widget\" data-e-type=\"widget\" data-settings=\"{&quot;_animation&quot;:&quot;fadeInUp&quot;}\" data-widget_type=\"heading.default\">\n\t\t\t\t\t<h2 class=\"elementor-heading-title elementor-size-default\">Quy tr\u00ecnh tri\u1ec7t s\u1ea3n v\u00e0 ph\u1eabu thu\u1eadt<\/h2>\t\t\t\t<\/div>\n\t\t\t\t\t<\/div>\n\t\t\t\t<\/div>\n\t\t<div class=\"elementor-element elementor-element-e0ccb02 e-flex e-con-boxed e-con e-parent\" data-id=\"e0ccb02\" data-element_type=\"container\" data-e-type=\"container\">\n\t\t\t\t\t<div class=\"e-con-inner\">\n\t\t\t\t<div class=\"elementor-element elementor-element-a991298 elementor-widget elementor-widget-text-editor\" data-id=\"a991298\" data-element_type=\"widget\" data-e-type=\"widget\" data-widget_type=\"text-editor.default\">\n\t\t\t\t\t\t\t\t\t<p><b>1. Kh\u00e1m l\u00e2m s\u00e0ng<\/b>: Ki\u1ec3m tra t\u00ecnh tr\u1ea1ng s\u1ee9c kh\u1ecfe v\u00e0 \u0111\u00e1nh gi\u00e1 nguy c\u01a1.<\/p><p><b>2. T\u01b0 v\u1ea5n<\/b>: Gi\u1ea3i th\u00edch chi ti\u1ebft quy tr\u00ecnh tri\u1ec7t s\u1ea3n\/ph\u1eabu thu\u1eadt v\u00e0 h\u01b0\u1edbng d\u1eabn ch\u0103m s\u00f3c.<\/p><p><b>3. Th\u1ef1c hi\u1ec7n ph\u1eabu thu\u1eadt<\/b>: \u0110\u01b0\u1ee3c th\u1ef1c hi\u1ec7n trong m\u00f4i tr\u01b0\u1eddng v\u00f4 tr\u00f9ng b\u1edfi \u0111\u1ed9i ng\u0169 b\u00e1c s\u0129 chuy\u00ean nghi\u1ec7p.<\/p><p><b>4. H\u1ed3i s\u1ee9c v\u00e0 theo d\u00f5i:<\/b> Sau ph\u1eabu thu\u1eadt, th\u00fa c\u01b0ng s\u1ebd \u0111\u01b0\u1ee3c ch\u0103m s\u00f3c v\u00e0 theo d\u00f5i s\u00e1t sao<\/p>\t\t\t\t\t\t\t\t<\/div>\n\t\t\t\t\t<\/div>\n\t\t\t\t<\/div>\n\t\t<div class=\"elementor-element elementor-element-34d1242 e-flex e-con-boxed e-con e-parent\" data-id=\"34d1242\" data-element_type=\"container\" data-e-type=\"container\" data-settings=\"{&quot;background_background&quot;:&quot;classic&quot;}\">\n\t\t\t\t\t<div class=\"e-con-inner\">\n\t\t\t\t<div class=\"elementor-element elementor-element-ab4aae1 animated-slow elementor-invisible elementor-widget elementor-widget-heading\" data-id=\"ab4aae1\" data-element_type=\"widget\" data-e-type=\"widget\" data-settings=\"{&quot;_animation&quot;:&quot;fadeInUp&quot;}\" data-widget_type=\"heading.default\">\n\t\t\t\t\t<h2 class=\"elementor-heading-title elementor-size-default\">C\u00e1c c\u00e2u h\u1ecfi th\u01b0\u1eddng g\u1eb7p<\/h2>\t\t\t\t<\/div>\n\t\t\t\t\t<\/div>\n\t\t\t\t<\/div>\n\t\t<div class=\"elementor-element elementor-element-6cee91f e-flex e-con-boxed e-con e-parent\" data-id=\"6cee91f\" data-element_type=\"container\" data-e-type=\"container\">\n\t\t\t\t\t<div class=\"e-con-inner\">\n\t\t\t\t<div class=\"elementor-element elementor-element-9e91cea elementor-widget elementor-widget-text-editor\" data-id=\"9e91cea\" data-element_type=\"widget\" data-e-type=\"widget\" data-widget_type=\"text-editor.default\">\n\t\t\t\t\t\t\t\t\t<p><b>1. Tri\u1ec7t s\u1ea3n c\u00f3 \u1ea3nh h\u01b0\u1edfng \u0111\u1ebfn t\u00ednh c\u00e1ch th\u00fa c\u01b0ng kh\u00f4ng?<\/b><\/p><p>Kh\u00f4ng, tri\u1ec7t s\u1ea3n gi\u00fap gi\u1ea3m b\u1edbt h\u00e0nh vi hung h\u0103ng nh\u01b0ng kh\u00f4ng l\u00e0m thay \u0111\u1ed5i t\u00ednh c\u00e1ch c\u01a1 b\u1ea3n.<\/p><p><b>2. Th\u00fa c\u01b0ng c\u1ea7n chu\u1ea9n b\u1ecb g\u00ec tr\u01b0\u1edbc ph\u1eabu thu\u1eadt?<\/b><\/p><p>Th\u00fa c\u01b0ng c\u1ea7n nh\u1ecbn \u0103n 8-12 ti\u1ebfng v\u00e0 \u0111\u01b0\u1ee3c ki\u1ec3m tra s\u1ee9c kh\u1ecfe \u0111\u1ea7y \u0111\u1ee7 tr\u01b0\u1edbc khi ph\u1eabu thu\u1eadt<\/p>\t\t\t\t\t\t\t\t<\/div>\n\t\t\t\t\t<\/div>\n\t\t\t\t<\/div>\n\t\t<div class=\"elementor-element elementor-element-c0607df e-flex e-con-boxed e-con e-parent\" data-id=\"c0607df\" data-element_type=\"container\" data-e-type=\"container\" data-settings=\"{&quot;background_background&quot;:&quot;classic&quot;}\">\n\t\t\t\t\t<div class=\"e-con-inner\">\n\t\t\t\t<div class=\"elementor-element elementor-element-597c36a animated-slow elementor-invisible elementor-widget elementor-widget-heading\" data-id=\"597c36a\" data-element_type=\"widget\" data-e-type=\"widget\" data-settings=\"{&quot;_animation&quot;:&quot;fadeInUp&quot;}\" data-widget_type=\"heading.default\">\n\t\t\t\t\t<h2 class=\"elementor-heading-title elementor-size-default\">\u0110\u1eb6T L\u1ecaCH H\u1eb8N TR\u1ef0C TUY\u1ebeN \u0110\u1ec2 \u0110\u01af\u1ee2C PH\u1ee4C V\u1ee4 NGAY KHI \u0110\u1ebeN PH\u00d2NG KH\u00c1M<\/h2>\t\t\t\t<\/div>\n\t\t\t\t\t<\/div>\n\t\t\t\t<\/div>\n\t\t<div class=\"elementor-element elementor-element-373d8e7f e-con-full e-flex e-con e-parent\" data-id=\"373d8e7f\" data-element_type=\"container\" data-e-type=\"container\" data-settings=\"{&quot;background_background&quot;:&quot;classic&quot;}\">\n\t\t\t\t<div class=\"elementor-element elementor-element-285198ee elementor-widget elementor-widget-shortcode\" data-id=\"285198ee\" data-element_type=\"widget\" data-e-type=\"widget\" data-widget_type=\"shortcode.default\">\n\t\t\t\t\t\t\t<div class=\"elementor-shortcode\"><div class=\"forminator-ui forminator-custom-form forminator-custom-form-355 forminator-design--default  forminator_ajax\" data-forminator-render=\"0\" data-form=\"forminator-module-355\" data-uid=\"69ee2ec0686a0\"><br\/><\/div><form\n\t\t\t\tid=\"forminator-module-355\"\n\t\t\t\tclass=\"forminator-ui forminator-custom-form forminator-custom-form-355 forminator-design--default  forminator_ajax\"\n\t\t\t\tmethod=\"post\"\n\t\t\t\tdata-forminator-render=\"0\"\n\t\t\t\tdata-form-id=\"355\"\n\t\t\t\t data-color-option=\"theme\" data-design=\"default\" data-grid=\"open\" style=\"display: none;\"\n\t\t\t\tdata-uid=\"69ee2ec0686a0\"\n\t\t\t><div role=\"alert\" aria-live=\"polite\" class=\"forminator-response-message forminator-error\" aria-hidden=\"true\"><\/div><div class=\"forminator-row\"><div id=\"name-1\" class=\"forminator-field-name forminator-col forminator-col-12 \"><div class=\"forminator-field\"><label for=\"forminator-field-name-1_69ee2ec0686a0\" id=\"forminator-field-name-1_69ee2ec0686a0-label\" class=\"forminator-label\">H\u1ecd v\u00e0 t\u00ean<\/label><input type=\"text\" name=\"name-1\" value=\"\" placeholder=\"H\u1ecd v\u00e0 t\u00ean\" id=\"forminator-field-name-1_69ee2ec0686a0\" class=\"forminator-input forminator-name--field\" aria-required=\"false\" autocomplete=\"name\" \/><\/div><\/div><\/div><div class=\"forminator-row\"><div id=\"phone-1\" class=\"forminator-field-phone forminator-col forminator-col-12 \"><div class=\"forminator-field\"><label for=\"forminator-field-phone-1_69ee2ec0686a0\" id=\"forminator-field-phone-1_69ee2ec0686a0-label\" class=\"forminator-label\">S\u1ed1 \u0111i\u1ec7n tho\u1ea1i<\/label><input type=\"text\" name=\"phone-1\" value=\"\" placeholder=\"S\u1ed1 \u0111i\u1ec7n tho\u1ea1i\" id=\"forminator-field-phone-1_69ee2ec0686a0\" class=\"forminator-input forminator-field--phone\" data-required=\"\" aria-required=\"false\" autocomplete=\"off\" \/><\/div><\/div><\/div><div class=\"forminator-row\"><div id=\"date-1\" class=\"forminator-field-date forminator-col forminator-col-12 \"><div class=\"forminator-field\"><label for=\"forminator-field-date-1-picker_69ee2ec0686a0\" id=\"forminator-field-date-1-picker_69ee2ec0686a0-label\" class=\"forminator-label\">Ng\u00e0y \u0111\u1ebfn kh\u00e1m<\/label><div class=\"forminator-input-with-icon\"><span class=\"forminator-icon-calendar\" aria-hidden=\"true\"><\/span><input autocomplete=\"off\" type=\"text\" size=\"1\" name=\"date-1\" value=\"\" placeholder=\"Ng\u00e0y \u0111\u1ebfn kh\u00e1m\" id=\"forminator-field-date-1-picker_69ee2ec0686a0\" class=\"forminator-input forminator-datepicker\" data-required=\"\" data-format=\"dd-mm-yy\" data-restrict-type=\"\" data-restrict=\"\" data-start-year=\"1926\" data-end-year=\"2126\" data-past-dates=\"enable\" data-start-of-week=\"1\" data-start-date=\"\" data-end-date=\"\" data-start-field=\"\" data-end-field=\"\" data-start-offset=\"\" data-end-offset=\"\" data-disable-date=\"\" data-disable-range=\"\" \/><\/div><\/div><\/div><\/div><div class=\"forminator-row\"><div id=\"radio-1\" class=\"forminator-field-radio forminator-col forminator-col-12 \"><div role=\"radiogroup\" class=\"forminator-field\" aria-labelledby=\"forminator-radiogroup-radio-1-69ee2ec0686a0-label\"><span id=\"forminator-radiogroup-radio-1-69ee2ec0686a0-label\" class=\"forminator-label\">L\u1ef1a ch\u1ecdn d\u1ecbch v\u1ee5 <span class=\"forminator-required\">*<\/span><\/span><label id=\"forminator-field-radio-1-label-1\" for=\"forminator-field-radio-1-1-69ee2ec0686a0\" class=\"forminator-radio\" title=\"D\u1ecbch v\u1ee5 ch\u0103m s\u00f3c c\u01a1 b\u1ea3n\"><input type=\"radio\" name=\"radio-1\" value=\"one\" id=\"forminator-field-radio-1-1-69ee2ec0686a0\" aria-labelledby=\"forminator-field-radio-1-label-1\" data-calculation=\"0\"   data-hidden-behavior=\"zero\"\/><span class=\"forminator-radio-bullet\" aria-hidden=\"true\"><\/span><span class=\"forminator-radio-label\">D\u1ecbch v\u1ee5 ch\u0103m s\u00f3c c\u01a1 b\u1ea3n<\/span><\/label><label id=\"forminator-field-radio-1-label-2\" for=\"forminator-field-radio-1-2-69ee2ec0686a0\" class=\"forminator-radio\" title=\"D\u1ecbch v\u1ee5 ch\u0103m s\u00f3c s\u1ee9c kh\u1ecfe\"><input type=\"radio\" name=\"radio-1\" value=\"two\" id=\"forminator-field-radio-1-2-69ee2ec0686a0\" aria-labelledby=\"forminator-field-radio-1-label-2\" data-calculation=\"0\"   data-hidden-behavior=\"zero\"\/><span class=\"forminator-radio-bullet\" aria-hidden=\"true\"><\/span><span class=\"forminator-radio-label\">D\u1ecbch v\u1ee5 ch\u0103m s\u00f3c s\u1ee9c kh\u1ecfe<\/span><\/label><label id=\"forminator-field-radio-1-label-3\" for=\"forminator-field-radio-1-3-69ee2ec0686a0\" class=\"forminator-radio\" title=\"D\u1ecbch v\u1ee5 hu\u1ea5n luy\u1ec7n\"><input type=\"radio\" name=\"radio-1\" value=\"D\u1ecbch-v\u1ee5-hu\u1ea5n-luy\u1ec7n\" id=\"forminator-field-radio-1-3-69ee2ec0686a0\" aria-labelledby=\"forminator-field-radio-1-label-3\" data-calculation=\"0\"   data-hidden-behavior=\"zero\"\/><span class=\"forminator-radio-bullet\" aria-hidden=\"true\"><\/span><span class=\"forminator-radio-label\">D\u1ecbch v\u1ee5 hu\u1ea5n luy\u1ec7n<\/span><\/label><label id=\"forminator-field-radio-1-label-4\" for=\"forminator-field-radio-1-4-69ee2ec0686a0\" class=\"forminator-radio\" title=\"D\u1ecbch v\u1ee5 tr\u00f4ng gi\u1eef v\u00e0 ch\u0103m s\u00f3c t\u1ea1i nh\u00e0\"><input type=\"radio\" name=\"radio-1\" value=\"D\u1ecbch-v\u1ee5-tr\u00f4ng-gi\u1eef-v\u00e0-ch\u0103m-s\u00f3c-t\u1ea1i-nh\u00e0\" id=\"forminator-field-radio-1-4-69ee2ec0686a0\" aria-labelledby=\"forminator-field-radio-1-label-4\" data-calculation=\"0\"   data-hidden-behavior=\"zero\"\/><span class=\"forminator-radio-bullet\" aria-hidden=\"true\"><\/span><span class=\"forminator-radio-label\">D\u1ecbch v\u1ee5 tr\u00f4ng gi\u1eef v\u00e0 ch\u0103m s\u00f3c t\u1ea1i nh\u00e0<\/span><\/label><label id=\"forminator-field-radio-1-label-5\" for=\"forminator-field-radio-1-5-69ee2ec0686a0\" class=\"forminator-radio\" title=\"D\u1ecbch v\u1ee5 l\u00e0m \u0111\u1eb9p v\u00e0 spa\"><input type=\"radio\" name=\"radio-1\" value=\"D\u1ecbch-v\u1ee5-l\u00e0m-\u0111\u1eb9p-v\u00e0-spa\" id=\"forminator-field-radio-1-5-69ee2ec0686a0\" aria-labelledby=\"forminator-field-radio-1-label-5\" data-calculation=\"0\"   data-hidden-behavior=\"zero\"\/><span class=\"forminator-radio-bullet\" aria-hidden=\"true\"><\/span><span class=\"forminator-radio-label\">D\u1ecbch v\u1ee5 l\u00e0m \u0111\u1eb9p v\u00e0 spa<\/span><\/label><label id=\"forminator-field-radio-1-label-6\" for=\"forminator-field-radio-1-6-69ee2ec0686a0\" class=\"forminator-radio\" title=\"D\u1ecbch v\u1ee5 dinh d\u01b0\u1ee1ng\"><input type=\"radio\" name=\"radio-1\" value=\"D\u1ecbch-v\u1ee5-dinh-d\u01b0\u1ee1ng\" id=\"forminator-field-radio-1-6-69ee2ec0686a0\" aria-labelledby=\"forminator-field-radio-1-label-6\" data-calculation=\"0\"   data-hidden-behavior=\"zero\"\/><span class=\"forminator-radio-bullet\" aria-hidden=\"true\"><\/span><span class=\"forminator-radio-label\">D\u1ecbch v\u1ee5 dinh d\u01b0\u1ee1ng<\/span><\/label><\/div><\/div><\/div><input type=\"hidden\" name=\"referer_url\" value=\"\" \/><div class=\"forminator-row forminator-row-last\"><div class=\"forminator-col\"><div class=\"forminator-field\"><button class=\"forminator-button forminator-button-submit\">\u0110\u1eb6T L\u1ecaCH KH&Aacute;M<\/button><\/div><\/div><\/div><input type=\"hidden\" id=\"forminator_nonce\" name=\"forminator_nonce\" value=\"6cae4163d5\" \/><input type=\"hidden\" name=\"_wp_http_referer\" value=\"\/index.php\/wp-json\/wp\/v2\/pages\/102\" \/><input type=\"hidden\" name=\"form_id\" value=\"355\"><input type=\"hidden\" name=\"page_id\" value=\"102\"><input type=\"hidden\" name=\"form_type\" value=\"default\"><input type=\"hidden\" name=\"current_url\" value=\"https:\/\/hanhtrinhkydieu.id.vn\/index.php\/triet-san-va-phau-thuat\/\"><input type=\"hidden\" name=\"render_id\" value=\"0\"><input type=\"hidden\" name=\"action\" value=\"forminator_submit_form_custom-forms\"><\/form><\/div>\n\t\t\t\t\t\t<\/div>\n\t\t\t\t<\/div>\n\t\t\t\t<\/div>\n\t\t","protected":false},"excerpt":{"rendered":"<p>TRI\u1ec6T S\u1ea2N V\u00c0 PH\u1eaaU THU\u1eacT T\u1ea1i sao c\u1ea7n tri\u1ec7t s\u1ea3n v\u00e0 ph\u1eabu thu\u1eadt cho th\u00fa c\u01b0ng? Ng\u0103n ng\u1eeba mang thai ngo\u00e0i \u00fd mu\u1ed1n, gi\u1ea3m nguy c\u01a1 c\u00e1c b\u1ec7nh nh\u01b0 ung th\u01b0 t\u1eed cung, u x\u01a1 tuy\u1ebfn ti\u1ec1n li\u1ec7t,\u2026 Gi\u1ea3i quy\u1ebft c\u00e1c v\u1ea5n \u0111\u1ec1 s\u1ee9c kh\u1ecfe nghi\u00eam tr\u1ecdng nh\u01b0 s\u1ecfi th\u1eadn, kh\u1ed1i u, ho\u1eb7c g\u00e3y x\u01b0\u01a1ng,\u2026&#8230;<\/p>\n","protected":false},"author":1,"featured_media":0,"parent":0,"menu_order":0,"comment_status":"closed","ping_status":"closed","template":"","meta":{"_kadence_starter_templates_imported_post":false,"_kad_post_transparent":"","_kad_post_title":"hide","_kad_post_layout":"fullwidth","_kad_post_sidebar_id":"","_kad_post_content_style":"unboxed","_kad_post_vertical_padding":"hide","_kad_post_feature":"hide","_kad_post_feature_position":"","_kad_post_header":false,"_kad_post_footer":false,"_kad_post_classname":"","footnotes":""},"class_list":["post-102","page","type-page","status-publish","hentry"],"_links":{"self":[{"href":"https:\/\/hanhtrinhkydieu.id.vn\/index.php\/wp-json\/wp\/v2\/pages\/102","targetHints":{"allow":["GET"]}}],"collection":[{"href":"https:\/\/hanhtrinhkydieu.id.vn\/index.php\/wp-json\/wp\/v2\/pages"}],"about":[{"href":"https:\/\/hanhtrinhkydieu.id.vn\/index.php\/wp-json\/wp\/v2\/types\/page"}],"author":[{"embeddable":true,"href":"https:\/\/hanhtrinhkydieu.id.vn\/index.php\/wp-json\/wp\/v2\/users\/1"}],"replies":[{"embeddable":true,"href":"https:\/\/hanhtrinhkydieu.id.vn\/index.php\/wp-json\/wp\/v2\/comments?post=102"}],"version-history":[{"count":4,"href":"https:\/\/hanhtrinhkydieu.id.vn\/index.php\/wp-json\/wp\/v2\/pages\/102\/revisions"}],"predecessor-version":[{"id":513,"href":"https:\/\/hanhtrinhkydieu.id.vn\/index.php\/wp-json\/wp\/v2\/pages\/102\/revisions\/513"}],"wp:attachment":[{"href":"https:\/\/hanhtrinhkydieu.id.vn\/index.php\/wp-json\/wp\/v2\/media?parent=102"}],"curies":[{"name":"wp","href":"https:\/\/api.w.org\/{rel}","templated":true}]}}