{"id":106,"date":"2024-12-09T04:00:58","date_gmt":"2024-12-09T04:00:58","guid":{"rendered":"https:\/\/hanhtrinhkydieu.id.vn\/?page_id=106"},"modified":"2024-12-12T07:35:37","modified_gmt":"2024-12-12T07:35:37","slug":"huan-luyen-co-ban","status":"publish","type":"page","link":"https:\/\/hanhtrinhkydieu.id.vn\/index.php\/huan-luyen-co-ban\/","title":{"rendered":"Hu\u1ea5n luy\u1ec7n c\u01a1 b\u1ea3n"},"content":{"rendered":"\t\t<div data-elementor-type=\"wp-page\" data-elementor-id=\"106\" class=\"elementor elementor-106\">\n\t\t\t\t<div class=\"elementor-element elementor-element-81b3875 e-flex e-con-boxed e-con e-parent\" data-id=\"81b3875\" data-element_type=\"container\" data-e-type=\"container\" data-settings=\"{&quot;background_background&quot;:&quot;classic&quot;}\">\n\t\t\t\t\t<div class=\"e-con-inner\">\n\t\t\t\t<div class=\"elementor-element elementor-element-c18c032 animated-slow elementor-invisible elementor-widget elementor-widget-heading\" data-id=\"c18c032\" data-element_type=\"widget\" data-e-type=\"widget\" data-settings=\"{&quot;_animation&quot;:&quot;fadeInUp&quot;}\" data-widget_type=\"heading.default\">\n\t\t\t\t\t<h2 class=\"elementor-heading-title elementor-size-default\">Hu\u1ea5n luy\u1ec7n c\u01a1 b\u1ea3n<\/h2>\t\t\t\t<\/div>\n\t\t\t\t\t<\/div>\n\t\t\t\t<\/div>\n\t\t<div class=\"elementor-element elementor-element-60ea060 e-flex e-con-boxed e-con e-parent\" data-id=\"60ea060\" data-element_type=\"container\" data-e-type=\"container\">\n\t\t\t\t\t<div class=\"e-con-inner\">\n\t\t<div class=\"elementor-element elementor-element-713f01a e-con-full e-flex e-con e-child\" data-id=\"713f01a\" data-element_type=\"container\" data-e-type=\"container\">\n\t\t\t\t<div class=\"elementor-element elementor-element-e8f8ab4 elementor-widget elementor-widget-image\" data-id=\"e8f8ab4\" data-element_type=\"widget\" data-e-type=\"widget\" data-widget_type=\"image.default\">\n\t\t\t\t\t\t\t\t\t\t\t\t\t\t\t<img fetchpriority=\"high\" decoding=\"async\" width=\"602\" height=\"372\" src=\"https:\/\/hanhtrinhkydieu.id.vn\/wp-content\/uploads\/2024\/12\/2b1cd30fd39169cf3080.jpg\" class=\"attachment-large size-large wp-image-475\" alt=\"\" srcset=\"https:\/\/hanhtrinhkydieu.id.vn\/wp-content\/uploads\/2024\/12\/2b1cd30fd39169cf3080.jpg 602w, https:\/\/hanhtrinhkydieu.id.vn\/wp-content\/uploads\/2024\/12\/2b1cd30fd39169cf3080-300x185.jpg 300w, https:\/\/hanhtrinhkydieu.id.vn\/wp-content\/uploads\/2024\/12\/2b1cd30fd39169cf3080-24x15.jpg 24w, https:\/\/hanhtrinhkydieu.id.vn\/wp-content\/uploads\/2024\/12\/2b1cd30fd39169cf3080-36x22.jpg 36w, https:\/\/hanhtrinhkydieu.id.vn\/wp-content\/uploads\/2024\/12\/2b1cd30fd39169cf3080-48x30.jpg 48w, https:\/\/hanhtrinhkydieu.id.vn\/wp-content\/uploads\/2024\/12\/2b1cd30fd39169cf3080-600x371.jpg 600w\" sizes=\"(max-width: 602px) 100vw, 602px\" \/>\t\t\t\t\t\t\t\t\t\t\t\t\t\t\t<\/div>\n\t\t\t\t<\/div>\n\t\t<div class=\"elementor-element elementor-element-1837e21 e-con-full e-flex e-con e-child\" data-id=\"1837e21\" data-element_type=\"container\" data-e-type=\"container\">\n\t\t\t\t<div class=\"elementor-element elementor-element-bbf6cb6 animated-slow elementor-invisible elementor-widget elementor-widget-heading\" data-id=\"bbf6cb6\" data-element_type=\"widget\" data-e-type=\"widget\" data-settings=\"{&quot;_animation&quot;:&quot;fadeInUp&quot;}\" data-widget_type=\"heading.default\">\n\t\t\t\t\t<h2 class=\"elementor-heading-title elementor-size-default\">T\u1ea1i sao hu\u1ea5n luy\u1ec7n th\u00fa c\u01b0ng l\u1ea1i quan tr\u1ecdng?<\/h2>\t\t\t\t<\/div>\n\t\t\t\t<div class=\"elementor-element elementor-element-93c6c4c elementor-widget elementor-widget-text-editor\" data-id=\"93c6c4c\" data-element_type=\"widget\" data-e-type=\"widget\" data-widget_type=\"text-editor.default\">\n\t\t\t\t\t\t\t\t\t<p>Ngoan ngo\u00e3n v\u00e0 d\u1ec5 ki\u1ec3m so\u00e1t: Gi\u1ea3m thi\u1ec3u c\u00e1c t\u00ecnh hu\u1ed1ng nguy hi\u1ec3m v\u00e0 kh\u00f3 ch\u1ecbu.<\/p><p>T\u1ef1 tin v\u00e0 h\u1ea1nh ph\u00fac: Khi hi\u1ec3u r\u00f5 vai tr\u00f2 c\u1ee7a m\u00ecnh, th\u00fa c\u01b0ng s\u1ebd c\u1ea3m th\u1ea5y an to\u00e0n v\u00e0 tho\u1ea3i m\u00e1i h\u01a1n.<\/p><p>G\u1eafn b\u00f3 ch\u1eb7t ch\u1ebd v\u1edbi ch\u1ee7: Hu\u1ea5n luy\u1ec7n l\u00e0 m\u1ed9t qu\u00e1 tr\u00ecnh t\u01b0\u01a1ng t\u00e1c, gi\u00fap t\u0103ng c\u01b0\u1eddng t\u00ecnh c\u1ea3m gi\u1eefa b\u1ea1n v\u00e0 th\u00fa c\u01b0ng.<\/p><p>\u00a0<\/p>\t\t\t\t\t\t\t\t<\/div>\n\t\t\t\t<\/div>\n\t\t\t\t\t<\/div>\n\t\t\t\t<\/div>\n\t\t<div class=\"elementor-element elementor-element-9d6e14e e-flex e-con-boxed e-con e-parent\" data-id=\"9d6e14e\" data-element_type=\"container\" data-e-type=\"container\" data-settings=\"{&quot;background_background&quot;:&quot;classic&quot;}\">\n\t\t\t\t\t<div class=\"e-con-inner\">\n\t\t\t\t<div class=\"elementor-element elementor-element-c564503 animated-slow elementor-invisible elementor-widget elementor-widget-heading\" data-id=\"c564503\" data-element_type=\"widget\" data-e-type=\"widget\" data-settings=\"{&quot;_animation&quot;:&quot;fadeInUp&quot;}\" data-widget_type=\"heading.default\">\n\t\t\t\t\t<h2 class=\"elementor-heading-title elementor-size-default\">Ca\u0301c c\u00e2u ho\u0309i th\u01b0\u01a1\u0300ng g\u0103\u0323p<\/h2>\t\t\t\t<\/div>\n\t\t\t\t\t<\/div>\n\t\t\t\t<\/div>\n\t\t<div class=\"elementor-element elementor-element-5fbdef1 e-flex e-con-boxed e-con e-parent\" data-id=\"5fbdef1\" data-element_type=\"container\" data-e-type=\"container\">\n\t\t\t\t\t<div class=\"e-con-inner\">\n\t\t\t\t<div class=\"elementor-element elementor-element-b523b7a elementor-widget elementor-widget-text-editor\" data-id=\"b523b7a\" data-element_type=\"widget\" data-e-type=\"widget\" data-widget_type=\"text-editor.default\">\n\t\t\t\t\t\t\t\t\t<p><b>1. Khi na\u0300o n\u00ean b\u0103\u0301t \u0111\u00e2\u0300u hu\u00e2\u0301n luy\u00ea\u0323n thu\u0301 c\u01b0ng?<\/b><\/p><p><b>Ch\u00f3 con:<\/b> N\u00ean b\u1eaft \u0111\u1ea7u hu\u1ea5n luy\u1ec7n khi ch\u00f3 con \u0111\u01b0\u1ee3c 8-12 tu\u1ea7n tu\u1ed5i. \u0110\u00e2y l\u00e0 giai \u0111o\u1ea1n ch\u00fang r\u1ea5t d\u1ec5 ti\u1ebfp thu v\u00e0 h\u00ecnh th\u00e0nh th\u00f3i quen.<\/p><p><b>M\u00e8o con<\/b>: B\u1ea1n c\u00f3 th\u1ec3 b\u1eaft \u0111\u1ea7u hu\u1ea5n luy\u1ec7n m\u00e8o con t\u1eeb khi ch\u00fang \u0111\u01b0\u1ee3c 8 tu\u1ea7n tu\u1ed5i. Tuy nhi\u00ean, m\u00e8o th\u01b0\u1eddng t\u1ef1 l\u1eadp h\u01a1n ch\u00f3 v\u00e0 c\u00f3 th\u1ec3 kh\u00f3 hu\u1ea5n luy\u1ec7n h\u01a1n.<\/p><p><b>2. La\u0300m th\u00ea\u0301 na\u0300o \u0111\u00ea\u0309 ng\u0103n ch\u0103\u0323n thu\u0301 c\u01b0ng pha\u0301 pha\u0301ch?<\/b><\/p><p><b>Cung c\u1ea5p \u0111\u1ee7 \u0111\u1ed3 ch\u01a1i<\/b>: Gi\u00fap th\u00fa c\u01b0ng gi\u1ea3i t\u1ecfa n\u0103ng l\u01b0\u1ee3ng v\u00e0 gi\u1ea3m b\u1edbt s\u1ef1 nh\u00e0m ch\u00e1n.<\/p><p><b>B\u1ea3o v\u1ec7 \u0111\u1ed3 \u0111\u1ea1c<\/b>: \u0110\u1ec3 \u0111\u1ed3 \u0111\u1ea1c quan tr\u1ecdng \u1edf n\u01a1i th\u00fa c\u01b0ng kh\u00f4ng th\u1ec3 v\u1edbi t\u1edbi.<\/p><p><b>T\u0103ng c\u01b0\u1eddng th\u1eddi gian t\u01b0\u01a1ng t\u00e1c<\/b>: Ch\u01a1i \u0111\u00f9a v\u00e0 d\u00e0nh th\u1eddi gian cho th\u00fa c\u01b0ng \u0111\u1ec3 ch\u00fang c\u1ea3m th\u1ea5y \u0111\u01b0\u1ee3c y\u00eau th\u01b0\u01a1ng.<\/p>\t\t\t\t\t\t\t\t<\/div>\n\t\t\t\t\t<\/div>\n\t\t\t\t<\/div>\n\t\t<div class=\"elementor-element elementor-element-bceaf26 e-flex e-con-boxed e-con e-parent\" data-id=\"bceaf26\" data-element_type=\"container\" data-e-type=\"container\" data-settings=\"{&quot;background_background&quot;:&quot;classic&quot;}\">\n\t\t\t\t\t<div class=\"e-con-inner\">\n\t\t\t\t<div class=\"elementor-element elementor-element-8782ab0 animated-slow elementor-invisible elementor-widget elementor-widget-heading\" data-id=\"8782ab0\" data-element_type=\"widget\" data-e-type=\"widget\" data-settings=\"{&quot;_animation&quot;:&quot;fadeInUp&quot;}\" data-widget_type=\"heading.default\">\n\t\t\t\t\t<h2 class=\"elementor-heading-title elementor-size-default\">Quy tri\u0300nh hu\u00e2\u0301n luy\u00ea\u0323n<\/h2>\t\t\t\t<\/div>\n\t\t\t\t\t<\/div>\n\t\t\t\t<\/div>\n\t\t<div class=\"elementor-element elementor-element-58d9c9b e-flex e-con-boxed e-con e-parent\" data-id=\"58d9c9b\" data-element_type=\"container\" data-e-type=\"container\">\n\t\t\t\t\t<div class=\"e-con-inner\">\n\t\t\t\t<div class=\"elementor-element elementor-element-245d05b elementor-widget elementor-widget-text-editor\" data-id=\"245d05b\" data-element_type=\"widget\" data-e-type=\"widget\" data-widget_type=\"text-editor.default\">\n\t\t\t\t\t\t\t\t\t<p><b>1. X\u00e1c \u0111\u1ecbnh m\u1ee5c ti\u00eau hu\u1ea5n luy\u1ec7n<\/b><\/p><p><b>\u0110\u1ed1i v\u1edbi ch\u00f3<\/b>: Hu\u1ea5n luy\u1ec7n ch\u00f3 th\u01b0\u1eddng b\u1eaft \u0111\u1ea7u v\u1edbi nh\u1eefng l\u1ec7nh c\u01a1 b\u1ea3n nh\u01b0 &#8220;ng\u1ed3i&#8221;, &#8220;n\u1eb1m&#8221;, &#8220;\u0111\u1ee9ng&#8221;, &#8220;\u0111\u1ebfn \u0111\u00e2y&#8221;, &#8220;kh\u00f4ng&#8221; hay &#8220;\u0111i d\u1ea1o&#8221;.<\/p><p><b>\u0110\u1ed1i v\u1edbi m\u00e8o<\/b>: M\u00e8o \u00edt d\u1ec5 hu\u1ea5n luy\u1ec7n h\u01a1n ch\u00f3, nh\u01b0ng b\u1ea1n c\u00f3 th\u1ec3 hu\u1ea5n luy\u1ec7n ch\u00fang v\u1edbi c\u00e1c h\u00e0nh vi nh\u01b0 d\u00f9ng c\u00e1t v\u1ec7 sinh, \u0111i v\u00e0o khay \u0103n, ho\u1eb7c th\u1eadm ch\u00ed l\u00e0 l\u1ec7nh &#8220;ng\u1ed3i&#8221;.<\/p><p><b>2. T\u1ea1o m\u1ed9t m\u00f4i tr\u01b0\u1eddng hu\u1ea5n luy\u1ec7n ph\u00f9 h\u1ee3p<\/b><\/p><p><b>Ch\u00f3<\/b>: T\u00ecm m\u1ed9t n\u01a1i y\u00ean t\u0129nh, \u00edt c\u00f3 s\u1ef1 xao l\u00e3ng \u0111\u1ec3 hu\u1ea5n luy\u1ec7n. H\u00e3y b\u1eaft \u0111\u1ea7u v\u1edbi nh\u1eefng b\u00e0i t\u1eadp \u0111\u01a1n gi\u1ea3n v\u00e0 d\u1ea7n d\u1ea7n t\u0103ng \u0111\u1ed9 kh\u00f3.<\/p><p><b>M\u00e8o<\/b>: M\u00e8o c\u00f3 th\u1ec3 h\u1ecdc t\u1ed1t trong m\u00f4i tr\u01b0\u1eddng tho\u1ea3i m\u00e1i v\u00e0 quen thu\u1ed9c, nh\u01b0 trong nh\u00e0 ho\u1eb7c g\u1ea7n n\u01a1i ch\u00fang hay ch\u01a1i.<\/p><p><b>3. S\u1eed d\u1ee5ng ph\u01b0\u01a1ng ph\u00e1p khen th\u01b0\u1edfng<\/b><\/p><p>C\u1ea3 ch\u00f3 v\u00e0 m\u00e8o \u0111\u1ec1u h\u1ecdc hi\u1ec7u qu\u1ea3 qua khen th\u01b0\u1edfng. D\u00f9ng th\u1ee9c \u0103n y\u00eau th\u00edch ho\u1eb7c nh\u1eefng l\u1eddi khen ng\u1ee3i \u0111\u1ec3 khen th\u01b0\u1edfng khi ch\u00fang th\u1ef1c hi\u1ec7n \u0111\u00fang h\u00e0nh vi.<\/p><p><b>Ch\u00f3<\/b>: C\u0169ng c\u00f3 th\u1ec3 d\u00f9ng \u0111\u1ed3 ch\u01a1i ho\u1eb7c vu\u1ed1t ve \u0111\u1ec3 t\u1ea1o \u0111\u1ed9ng l\u1ef1c cho ch\u00f3.<\/p><p><b>M\u00e8o<\/b>: D\u00f9ng th\u1ee9c \u0103n ho\u1eb7c \u0111\u1ed3 ch\u01a1i y\u00eau th\u00edch \u0111\u1ec3 khuy\u1ebfn kh\u00edch m\u00e8o.<\/p><p><b>4. X\u00e2y d\u1ef1ng m\u1ed1i quan h\u1ec7 th\u00e2n thi\u1ebft<\/b><\/p><p>Quan tr\u1ecdng nh\u1ea5t l\u00e0 d\u00e0nh th\u1eddi gian \u0111\u1ec3 ch\u01a1i v\u00e0 t\u01b0\u01a1ng t\u00e1c v\u1edbi th\u00fa c\u01b0ng c\u1ee7a b\u1ea1n. Vi\u1ec7c n\u00e0y gi\u00fap t\u1ea1o ra m\u1ed9t m\u1ed1i quan h\u1ec7 t\u1ed1t \u0111\u1eb9p v\u00e0 l\u00e0m t\u0103ng hi\u1ec7u qu\u1ea3 hu\u1ea5n luy\u1ec7n.<\/p><p><b>5. L\u1eb7p l\u1ea1i v\u00e0 ki\u00ean nh\u1eabn<\/b><\/p><p>Ch\u00f3 v\u00e0 m\u00e8o c\u1ea7n th\u1eddi gian \u0111\u1ec3 l\u00e0m quen v\u00e0 h\u1ecdc h\u1ecfi. L\u1eb7p l\u1ea1i c\u00e1c b\u00e0i t\u1eadp m\u1ed7i ng\u00e0y, m\u1ed7i l\u1ea7n ch\u1ec9 kho\u1ea3ng 5\u201310 ph\u00fat \u0111\u1ec3 kh\u00f4ng l\u00e0m ch\u00fang c\u1ea3m th\u1ea5y qu\u00e1 m\u1ec7t m\u1ecfi.<\/p><p>\u00b7\u0110\u1eb7c bi\u1ec7t, m\u00e8o th\u01b0\u1eddng c\u1ea7n nhi\u1ec1u th\u1eddi gian v\u00e0 ki\u00ean nh\u1eabn h\u01a1n \u0111\u1ec3 h\u1ecdc.<\/p>\t\t\t\t\t\t\t\t<\/div>\n\t\t\t\t\t<\/div>\n\t\t\t\t<\/div>\n\t\t<div class=\"elementor-element elementor-element-7dbf99f e-flex e-con-boxed e-con e-parent\" data-id=\"7dbf99f\" data-element_type=\"container\" data-e-type=\"container\" data-settings=\"{&quot;background_background&quot;:&quot;classic&quot;}\">\n\t\t\t\t\t<div class=\"e-con-inner\">\n\t\t\t\t<div class=\"elementor-element elementor-element-dc972d7 animated-slow elementor-invisible elementor-widget elementor-widget-heading\" data-id=\"dc972d7\" data-element_type=\"widget\" data-e-type=\"widget\" data-settings=\"{&quot;_animation&quot;:&quot;fadeInUp&quot;}\" data-widget_type=\"heading.default\">\n\t\t\t\t\t<h2 class=\"elementor-heading-title elementor-size-default\">\u0110\u1eb6T L\u1ecaCH H\u1eb8N TR\u1ef0C TUY\u1ebeN \u0110\u1ec2 \u0110\u01af\u1ee2C PH\u1ee4C V\u1ee4 NGAY KHI \u0110\u1ebeN PH\u00d2NG KH\u00c1M<\/h2>\t\t\t\t<\/div>\n\t\t\t\t\t<\/div>\n\t\t\t\t<\/div>\n\t\t<div class=\"elementor-element elementor-element-57b92e64 e-con-full e-flex e-con e-parent\" data-id=\"57b92e64\" data-element_type=\"container\" data-e-type=\"container\" data-settings=\"{&quot;background_background&quot;:&quot;classic&quot;}\">\n\t\t\t\t<div class=\"elementor-element elementor-element-19326ef2 elementor-widget elementor-widget-shortcode\" data-id=\"19326ef2\" data-element_type=\"widget\" data-e-type=\"widget\" data-widget_type=\"shortcode.default\">\n\t\t\t\t\t\t\t<div class=\"elementor-shortcode\"><div class=\"forminator-ui forminator-custom-form forminator-custom-form-355 forminator-design--default  forminator_ajax\" data-forminator-render=\"0\" data-form=\"forminator-module-355\" data-uid=\"69ee2e7902bbe\"><br\/><\/div><form\n\t\t\t\tid=\"forminator-module-355\"\n\t\t\t\tclass=\"forminator-ui forminator-custom-form forminator-custom-form-355 forminator-design--default  forminator_ajax\"\n\t\t\t\tmethod=\"post\"\n\t\t\t\tdata-forminator-render=\"0\"\n\t\t\t\tdata-form-id=\"355\"\n\t\t\t\t data-color-option=\"theme\" data-design=\"default\" data-grid=\"open\" style=\"display: none;\"\n\t\t\t\tdata-uid=\"69ee2e7902bbe\"\n\t\t\t><div role=\"alert\" aria-live=\"polite\" class=\"forminator-response-message forminator-error\" aria-hidden=\"true\"><\/div><div class=\"forminator-row\"><div id=\"name-1\" class=\"forminator-field-name forminator-col forminator-col-12 \"><div class=\"forminator-field\"><label for=\"forminator-field-name-1_69ee2e7902bbe\" id=\"forminator-field-name-1_69ee2e7902bbe-label\" class=\"forminator-label\">H\u1ecd v\u00e0 t\u00ean<\/label><input type=\"text\" name=\"name-1\" value=\"\" placeholder=\"H\u1ecd v\u00e0 t\u00ean\" id=\"forminator-field-name-1_69ee2e7902bbe\" class=\"forminator-input forminator-name--field\" aria-required=\"false\" autocomplete=\"name\" \/><\/div><\/div><\/div><div class=\"forminator-row\"><div id=\"phone-1\" class=\"forminator-field-phone forminator-col forminator-col-12 \"><div class=\"forminator-field\"><label for=\"forminator-field-phone-1_69ee2e7902bbe\" id=\"forminator-field-phone-1_69ee2e7902bbe-label\" class=\"forminator-label\">S\u1ed1 \u0111i\u1ec7n tho\u1ea1i<\/label><input type=\"text\" name=\"phone-1\" value=\"\" placeholder=\"S\u1ed1 \u0111i\u1ec7n tho\u1ea1i\" id=\"forminator-field-phone-1_69ee2e7902bbe\" class=\"forminator-input forminator-field--phone\" data-required=\"\" aria-required=\"false\" autocomplete=\"off\" \/><\/div><\/div><\/div><div class=\"forminator-row\"><div id=\"date-1\" class=\"forminator-field-date forminator-col forminator-col-12 \"><div class=\"forminator-field\"><label for=\"forminator-field-date-1-picker_69ee2e7902bbe\" id=\"forminator-field-date-1-picker_69ee2e7902bbe-label\" class=\"forminator-label\">Ng\u00e0y \u0111\u1ebfn kh\u00e1m<\/label><div class=\"forminator-input-with-icon\"><span class=\"forminator-icon-calendar\" aria-hidden=\"true\"><\/span><input autocomplete=\"off\" type=\"text\" size=\"1\" name=\"date-1\" value=\"\" placeholder=\"Ng\u00e0y \u0111\u1ebfn kh\u00e1m\" id=\"forminator-field-date-1-picker_69ee2e7902bbe\" class=\"forminator-input forminator-datepicker\" data-required=\"\" data-format=\"dd-mm-yy\" data-restrict-type=\"\" data-restrict=\"\" data-start-year=\"1926\" data-end-year=\"2126\" data-past-dates=\"enable\" data-start-of-week=\"1\" data-start-date=\"\" data-end-date=\"\" data-start-field=\"\" data-end-field=\"\" data-start-offset=\"\" data-end-offset=\"\" data-disable-date=\"\" data-disable-range=\"\" \/><\/div><\/div><\/div><\/div><div class=\"forminator-row\"><div id=\"radio-1\" class=\"forminator-field-radio forminator-col forminator-col-12 \"><div role=\"radiogroup\" class=\"forminator-field\" aria-labelledby=\"forminator-radiogroup-radio-1-69ee2e7902bbe-label\"><span id=\"forminator-radiogroup-radio-1-69ee2e7902bbe-label\" class=\"forminator-label\">L\u1ef1a ch\u1ecdn d\u1ecbch v\u1ee5 <span class=\"forminator-required\">*<\/span><\/span><label id=\"forminator-field-radio-1-label-1\" for=\"forminator-field-radio-1-1-69ee2e7902bbe\" class=\"forminator-radio\" title=\"D\u1ecbch v\u1ee5 ch\u0103m s\u00f3c c\u01a1 b\u1ea3n\"><input type=\"radio\" name=\"radio-1\" value=\"one\" id=\"forminator-field-radio-1-1-69ee2e7902bbe\" aria-labelledby=\"forminator-field-radio-1-label-1\" data-calculation=\"0\"   data-hidden-behavior=\"zero\"\/><span class=\"forminator-radio-bullet\" aria-hidden=\"true\"><\/span><span class=\"forminator-radio-label\">D\u1ecbch v\u1ee5 ch\u0103m s\u00f3c c\u01a1 b\u1ea3n<\/span><\/label><label id=\"forminator-field-radio-1-label-2\" for=\"forminator-field-radio-1-2-69ee2e7902bbe\" class=\"forminator-radio\" title=\"D\u1ecbch v\u1ee5 ch\u0103m s\u00f3c s\u1ee9c kh\u1ecfe\"><input type=\"radio\" name=\"radio-1\" value=\"two\" id=\"forminator-field-radio-1-2-69ee2e7902bbe\" aria-labelledby=\"forminator-field-radio-1-label-2\" data-calculation=\"0\"   data-hidden-behavior=\"zero\"\/><span class=\"forminator-radio-bullet\" aria-hidden=\"true\"><\/span><span class=\"forminator-radio-label\">D\u1ecbch v\u1ee5 ch\u0103m s\u00f3c s\u1ee9c kh\u1ecfe<\/span><\/label><label id=\"forminator-field-radio-1-label-3\" for=\"forminator-field-radio-1-3-69ee2e7902bbe\" class=\"forminator-radio\" title=\"D\u1ecbch v\u1ee5 hu\u1ea5n luy\u1ec7n\"><input type=\"radio\" name=\"radio-1\" value=\"D\u1ecbch-v\u1ee5-hu\u1ea5n-luy\u1ec7n\" id=\"forminator-field-radio-1-3-69ee2e7902bbe\" aria-labelledby=\"forminator-field-radio-1-label-3\" data-calculation=\"0\"   data-hidden-behavior=\"zero\"\/><span class=\"forminator-radio-bullet\" aria-hidden=\"true\"><\/span><span class=\"forminator-radio-label\">D\u1ecbch v\u1ee5 hu\u1ea5n luy\u1ec7n<\/span><\/label><label id=\"forminator-field-radio-1-label-4\" for=\"forminator-field-radio-1-4-69ee2e7902bbe\" class=\"forminator-radio\" title=\"D\u1ecbch v\u1ee5 tr\u00f4ng gi\u1eef v\u00e0 ch\u0103m s\u00f3c t\u1ea1i nh\u00e0\"><input type=\"radio\" name=\"radio-1\" value=\"D\u1ecbch-v\u1ee5-tr\u00f4ng-gi\u1eef-v\u00e0-ch\u0103m-s\u00f3c-t\u1ea1i-nh\u00e0\" id=\"forminator-field-radio-1-4-69ee2e7902bbe\" aria-labelledby=\"forminator-field-radio-1-label-4\" data-calculation=\"0\"   data-hidden-behavior=\"zero\"\/><span class=\"forminator-radio-bullet\" aria-hidden=\"true\"><\/span><span class=\"forminator-radio-label\">D\u1ecbch v\u1ee5 tr\u00f4ng gi\u1eef v\u00e0 ch\u0103m s\u00f3c t\u1ea1i nh\u00e0<\/span><\/label><label id=\"forminator-field-radio-1-label-5\" for=\"forminator-field-radio-1-5-69ee2e7902bbe\" class=\"forminator-radio\" title=\"D\u1ecbch v\u1ee5 l\u00e0m \u0111\u1eb9p v\u00e0 spa\"><input type=\"radio\" name=\"radio-1\" value=\"D\u1ecbch-v\u1ee5-l\u00e0m-\u0111\u1eb9p-v\u00e0-spa\" id=\"forminator-field-radio-1-5-69ee2e7902bbe\" aria-labelledby=\"forminator-field-radio-1-label-5\" data-calculation=\"0\"   data-hidden-behavior=\"zero\"\/><span class=\"forminator-radio-bullet\" aria-hidden=\"true\"><\/span><span class=\"forminator-radio-label\">D\u1ecbch v\u1ee5 l\u00e0m \u0111\u1eb9p v\u00e0 spa<\/span><\/label><label id=\"forminator-field-radio-1-label-6\" for=\"forminator-field-radio-1-6-69ee2e7902bbe\" class=\"forminator-radio\" title=\"D\u1ecbch v\u1ee5 dinh d\u01b0\u1ee1ng\"><input type=\"radio\" name=\"radio-1\" value=\"D\u1ecbch-v\u1ee5-dinh-d\u01b0\u1ee1ng\" id=\"forminator-field-radio-1-6-69ee2e7902bbe\" aria-labelledby=\"forminator-field-radio-1-label-6\" data-calculation=\"0\"   data-hidden-behavior=\"zero\"\/><span class=\"forminator-radio-bullet\" aria-hidden=\"true\"><\/span><span class=\"forminator-radio-label\">D\u1ecbch v\u1ee5 dinh d\u01b0\u1ee1ng<\/span><\/label><\/div><\/div><\/div><input type=\"hidden\" name=\"referer_url\" value=\"\" \/><div class=\"forminator-row forminator-row-last\"><div class=\"forminator-col\"><div class=\"forminator-field\"><button class=\"forminator-button forminator-button-submit\">\u0110\u1eb6T L\u1ecaCH KH&Aacute;M<\/button><\/div><\/div><\/div><input type=\"hidden\" id=\"forminator_nonce\" name=\"forminator_nonce\" value=\"6cae4163d5\" \/><input type=\"hidden\" name=\"_wp_http_referer\" value=\"\/index.php\/wp-json\/wp\/v2\/pages\/106\" \/><input type=\"hidden\" name=\"form_id\" value=\"355\"><input type=\"hidden\" name=\"page_id\" value=\"106\"><input type=\"hidden\" name=\"form_type\" value=\"default\"><input type=\"hidden\" name=\"current_url\" value=\"https:\/\/hanhtrinhkydieu.id.vn\/index.php\/huan-luyen-co-ban\/\"><input type=\"hidden\" name=\"render_id\" value=\"0\"><input type=\"hidden\" name=\"action\" value=\"forminator_submit_form_custom-forms\"><\/form><\/div>\n\t\t\t\t\t\t<\/div>\n\t\t\t\t<\/div>\n\t\t\t\t<\/div>\n\t\t","protected":false},"excerpt":{"rendered":"<p>Hu\u1ea5n luy\u1ec7n c\u01a1 b\u1ea3n T\u1ea1i sao hu\u1ea5n luy\u1ec7n th\u00fa c\u01b0ng l\u1ea1i quan tr\u1ecdng? Ngoan ngo\u00e3n v\u00e0 d\u1ec5 ki\u1ec3m so\u00e1t: Gi\u1ea3m thi\u1ec3u c\u00e1c t\u00ecnh hu\u1ed1ng nguy hi\u1ec3m v\u00e0 kh\u00f3 ch\u1ecbu. T\u1ef1 tin v\u00e0 h\u1ea1nh ph\u00fac: Khi hi\u1ec3u r\u00f5 vai tr\u00f2 c\u1ee7a m\u00ecnh, th\u00fa c\u01b0ng s\u1ebd c\u1ea3m th\u1ea5y an to\u00e0n v\u00e0 tho\u1ea3i m\u00e1i h\u01a1n. G\u1eafn b\u00f3 ch\u1eb7t&#8230;<\/p>\n","protected":false},"author":1,"featured_media":0,"parent":0,"menu_order":0,"comment_status":"closed","ping_status":"closed","template":"","meta":{"_kadence_starter_templates_imported_post":false,"_kad_post_transparent":"","_kad_post_title":"hide","_kad_post_layout":"fullwidth","_kad_post_sidebar_id":"","_kad_post_content_style":"unboxed","_kad_post_vertical_padding":"hide","_kad_post_feature":"hide","_kad_post_feature_position":"","_kad_post_header":false,"_kad_post_footer":false,"_kad_post_classname":"","footnotes":""},"class_list":["post-106","page","type-page","status-publish","hentry"],"_links":{"self":[{"href":"https:\/\/hanhtrinhkydieu.id.vn\/index.php\/wp-json\/wp\/v2\/pages\/106","targetHints":{"allow":["GET"]}}],"collection":[{"href":"https:\/\/hanhtrinhkydieu.id.vn\/index.php\/wp-json\/wp\/v2\/pages"}],"about":[{"href":"https:\/\/hanhtrinhkydieu.id.vn\/index.php\/wp-json\/wp\/v2\/types\/page"}],"author":[{"embeddable":true,"href":"https:\/\/hanhtrinhkydieu.id.vn\/index.php\/wp-json\/wp\/v2\/users\/1"}],"replies":[{"embeddable":true,"href":"https:\/\/hanhtrinhkydieu.id.vn\/index.php\/wp-json\/wp\/v2\/comments?post=106"}],"version-history":[{"count":4,"href":"https:\/\/hanhtrinhkydieu.id.vn\/index.php\/wp-json\/wp\/v2\/pages\/106\/revisions"}],"predecessor-version":[{"id":517,"href":"https:\/\/hanhtrinhkydieu.id.vn\/index.php\/wp-json\/wp\/v2\/pages\/106\/revisions\/517"}],"wp:attachment":[{"href":"https:\/\/hanhtrinhkydieu.id.vn\/index.php\/wp-json\/wp\/v2\/media?parent=106"}],"curies":[{"name":"wp","href":"https:\/\/api.w.org\/{rel}","templated":true}]}}