{"id":111,"date":"2024-12-09T04:02:09","date_gmt":"2024-12-09T04:02:09","guid":{"rendered":"https:\/\/hanhtrinhkydieu.id.vn\/?page_id=111"},"modified":"2024-12-12T07:38:34","modified_gmt":"2024-12-12T07:38:34","slug":"trong-giu-thu-cung","status":"publish","type":"page","link":"https:\/\/hanhtrinhkydieu.id.vn\/index.php\/trong-giu-thu-cung\/","title":{"rendered":"Tr\u00f4ng gi\u1eef th\u00fa c\u01b0ng"},"content":{"rendered":"\t\t<div data-elementor-type=\"wp-page\" data-elementor-id=\"111\" class=\"elementor elementor-111\">\n\t\t\t\t<div class=\"elementor-element elementor-element-5482683 e-flex e-con-boxed e-con e-parent\" data-id=\"5482683\" data-element_type=\"container\" data-e-type=\"container\" data-settings=\"{&quot;background_background&quot;:&quot;classic&quot;}\">\n\t\t\t\t\t<div class=\"e-con-inner\">\n\t\t\t\t<div class=\"elementor-element elementor-element-b59877f animated-slow elementor-invisible elementor-widget elementor-widget-heading\" data-id=\"b59877f\" data-element_type=\"widget\" data-e-type=\"widget\" data-settings=\"{&quot;_animation&quot;:&quot;fadeInUp&quot;}\" data-widget_type=\"heading.default\">\n\t\t\t\t\t<h2 class=\"elementor-heading-title elementor-size-default\">CH\u0102M S\u00d3C TH\u00da C\u01afNG T\u1ea0I NH\u00c0<\/h2>\t\t\t\t<\/div>\n\t\t\t\t\t<\/div>\n\t\t\t\t<\/div>\n\t\t<div class=\"elementor-element elementor-element-558ead2 e-flex e-con-boxed e-con e-parent\" data-id=\"558ead2\" data-element_type=\"container\" data-e-type=\"container\">\n\t\t\t\t\t<div class=\"e-con-inner\">\n\t\t<div class=\"elementor-element elementor-element-f0804c2 e-con-full e-flex e-con e-child\" data-id=\"f0804c2\" data-element_type=\"container\" data-e-type=\"container\">\n\t\t\t\t<div class=\"elementor-element elementor-element-99407fa elementor-widget elementor-widget-image\" data-id=\"99407fa\" data-element_type=\"widget\" data-e-type=\"widget\" data-widget_type=\"image.default\">\n\t\t\t\t\t\t\t\t\t\t\t\t\t\t\t<img fetchpriority=\"high\" decoding=\"async\" width=\"602\" height=\"372\" src=\"https:\/\/hanhtrinhkydieu.id.vn\/wp-content\/uploads\/2024\/12\/2b1cd30fd39169cf3080.jpg\" class=\"attachment-large size-large wp-image-475\" alt=\"\" srcset=\"https:\/\/hanhtrinhkydieu.id.vn\/wp-content\/uploads\/2024\/12\/2b1cd30fd39169cf3080.jpg 602w, https:\/\/hanhtrinhkydieu.id.vn\/wp-content\/uploads\/2024\/12\/2b1cd30fd39169cf3080-300x185.jpg 300w, https:\/\/hanhtrinhkydieu.id.vn\/wp-content\/uploads\/2024\/12\/2b1cd30fd39169cf3080-24x15.jpg 24w, https:\/\/hanhtrinhkydieu.id.vn\/wp-content\/uploads\/2024\/12\/2b1cd30fd39169cf3080-36x22.jpg 36w, https:\/\/hanhtrinhkydieu.id.vn\/wp-content\/uploads\/2024\/12\/2b1cd30fd39169cf3080-48x30.jpg 48w, https:\/\/hanhtrinhkydieu.id.vn\/wp-content\/uploads\/2024\/12\/2b1cd30fd39169cf3080-600x371.jpg 600w\" sizes=\"(max-width: 602px) 100vw, 602px\" \/>\t\t\t\t\t\t\t\t\t\t\t\t\t\t\t<\/div>\n\t\t\t\t<\/div>\n\t\t<div class=\"elementor-element elementor-element-8086864 e-con-full e-flex e-con e-child\" data-id=\"8086864\" data-element_type=\"container\" data-e-type=\"container\">\n\t\t\t\t<div class=\"elementor-element elementor-element-bff3cb0 animated-slow elementor-invisible elementor-widget elementor-widget-heading\" data-id=\"bff3cb0\" data-element_type=\"widget\" data-e-type=\"widget\" data-settings=\"{&quot;_animation&quot;:&quot;fadeInUp&quot;}\" data-widget_type=\"heading.default\">\n\t\t\t\t\t<h2 class=\"elementor-heading-title elementor-size-default\">V\u00ec sao n\u00ean ch\u1ecdn d\u1ecbch v\u1ee5 ch\u0103m s\u00f3c th\u00fa c\u01b0ng t\u1ea1i nh\u00e0?<\/h2>\t\t\t\t<\/div>\n\t\t\t\t<div class=\"elementor-element elementor-element-db18f97 elementor-widget elementor-widget-text-editor\" data-id=\"db18f97\" data-element_type=\"widget\" data-e-type=\"widget\" data-widget_type=\"text-editor.default\">\n\t\t\t\t\t\t\t\t\t<p><b>Ti\u1ec7n l\u1ee3i cho ch\u1ee7 nu\u00f4i<\/b><\/p><p>Kh\u00f4ng c\u1ea7n ph\u1ea3i di chuy\u1ec3n th\u00fa c\u01b0ng \u0111\u1ebfn spa ho\u1eb7c b\u1ec7nh vi\u1ec7n th\u00fa y.<\/p><p><b>T\u1ed1t h\u01a1n cho th\u00fa c\u01b0ng<\/b><\/p><p>Th\u00fa c\u01b0ng \u0111\u01b0\u1ee3c ch\u0103m s\u00f3c trong m\u00f4i tr\u01b0\u1eddng quen thu\u1ed9c, gi\u1ea3m c\u0103ng th\u1eb3ng v\u00e0 lo l\u1eafng.<\/p>\t\t\t\t\t\t\t\t<\/div>\n\t\t\t\t<\/div>\n\t\t\t\t\t<\/div>\n\t\t\t\t<\/div>\n\t\t<div class=\"elementor-element elementor-element-f73a201 e-flex e-con-boxed e-con e-parent\" data-id=\"f73a201\" data-element_type=\"container\" data-e-type=\"container\" data-settings=\"{&quot;background_background&quot;:&quot;classic&quot;}\">\n\t\t\t\t\t<div class=\"e-con-inner\">\n\t\t\t\t<div class=\"elementor-element elementor-element-073ac32 animated-slow elementor-invisible elementor-widget elementor-widget-heading\" data-id=\"073ac32\" data-element_type=\"widget\" data-e-type=\"widget\" data-settings=\"{&quot;_animation&quot;:&quot;fadeInUp&quot;}\" data-widget_type=\"heading.default\">\n\t\t\t\t\t<h2 class=\"elementor-heading-title elementor-size-default\">C\u00e1c c\u00e2u h\u1ecfi th\u01b0\u1eddng g\u1eb7p<\/h2>\t\t\t\t<\/div>\n\t\t\t\t\t<\/div>\n\t\t\t\t<\/div>\n\t\t<div class=\"elementor-element elementor-element-178d3ed e-flex e-con-boxed e-con e-parent\" data-id=\"178d3ed\" data-element_type=\"container\" data-e-type=\"container\">\n\t\t\t\t\t<div class=\"e-con-inner\">\n\t\t\t\t<div class=\"elementor-element elementor-element-3ed6b0d elementor-widget elementor-widget-text-editor\" data-id=\"3ed6b0d\" data-element_type=\"widget\" data-e-type=\"widget\" data-widget_type=\"text-editor.default\">\n\t\t\t\t\t\t\t\t\t<p><b>1. T\u00f4i c\u1ea7n chu\u1ea9n b\u1ecb g\u00ec tr\u01b0\u1edbc khi chuy\u00ean vi\u00ean \u0111\u1ebfn nh\u00e0?<\/b><\/p><p>B\u1ea1n ch\u1ec9 c\u1ea7n:<\/p><p>Cung c\u1ea5p kh\u00f4ng gian tho\u1ea3i m\u00e1i v\u00e0 s\u1ea1ch s\u1ebd \u0111\u1ec3 chuy\u00ean vi\u00ean l\u00e0m vi\u1ec7c.<\/p><p>S\u1eb5n s\u00e0ng th\u00f4ng tin s\u1ee9c kh\u1ecfe ho\u1eb7c ti\u1ec1n s\u1eed b\u1ec7nh l\u00fd c\u1ee7a th\u00fa c\u01b0ng (n\u1ebfu c\u00f3).<\/p><p>H\u1ea1n ch\u1ebf cho th\u00fa c\u01b0ng \u0103n tr\u01b0\u1edbc d\u1ecbch v\u1ee5 \u0111\u1ec3 tr\u00e1nh kh\u00f3 ch\u1ecbu trong qu\u00e1 tr\u00ecnh ch\u0103m s\u00f3c.<\/p><p><b>2. Bao l\u00e2u th\u00ec n\u00ean s\u1eed d\u1ee5ng d\u1ecbch v\u1ee5 ch\u0103m s\u00f3c th\u00fa c\u01b0ng t\u1ea1i nh\u00e0 m\u1ed9t l\u1ea7n?<\/b><\/p><p>\u0110i\u1ec1u n\u00e0y ph\u1ee5 thu\u1ed9c v\u00e0o lo\u1ea1i th\u00fa c\u01b0ng v\u00e0 nhu c\u1ea7u c\u1ee5 th\u1ec3:<\/p><p>T\u1eafm r\u1eeda, v\u1ec7 sinh: 2-4 tu\u1ea7n\/l\u1ea7n.<\/p><p>C\u1eaft t\u1ec9a l\u00f4ng: 1-2 th\u00e1ng\/l\u1ea7n.<\/p><p>Ki\u1ec3m tra s\u1ee9c kh\u1ecfe: 3-6 th\u00e1ng\/l\u1ea7n ho\u1eb7c theo ch\u1ec9 \u0111\u1ecbnh c\u1ee7a b\u00e1c s\u0129 th\u00fa y.<\/p><p><b>3. D\u1ecbch v\u1ee5 c\u00f3 ph\u00f9 h\u1ee3p v\u1edbi nhi\u1ec1u gi\u1ed1ng lo\u1ea1i kh\u00e1c nhau kh\u00f4ng?<\/b><\/p><p>Ch\u00f3 v\u00e0 m\u00e8o (c\u00e1c gi\u1ed1ng t\u1eeb nh\u1ecf \u0111\u1ebfn l\u1edbn).<\/p><p>\u0110\u1ed1i v\u1edbi nh\u1eefng tr\u01b0\u1eddng h\u1ee3p \u0111\u1eb7c bi\u1ec7t, b\u1ea1n n\u00ean trao \u0111\u1ed5i tr\u01b0\u1edbc \u0111\u1ec3 \u0111\u1ea3m b\u1ea3o d\u1ecbch v\u1ee5 c\u00f3 kh\u1ea3 n\u0103ng \u0111\u00e1p \u1ee9ng.<\/p>\t\t\t\t\t\t\t\t<\/div>\n\t\t\t\t\t<\/div>\n\t\t\t\t<\/div>\n\t\t<div class=\"elementor-element elementor-element-a34afbb e-flex e-con-boxed e-con e-parent\" data-id=\"a34afbb\" data-element_type=\"container\" data-e-type=\"container\" data-settings=\"{&quot;background_background&quot;:&quot;classic&quot;}\">\n\t\t\t\t\t<div class=\"e-con-inner\">\n\t\t\t\t<div class=\"elementor-element elementor-element-969deba animated-slow elementor-invisible elementor-widget elementor-widget-heading\" data-id=\"969deba\" data-element_type=\"widget\" data-e-type=\"widget\" data-settings=\"{&quot;_animation&quot;:&quot;fadeInUp&quot;}\" data-widget_type=\"heading.default\">\n\t\t\t\t\t<h2 class=\"elementor-heading-title elementor-size-default\">Quy tr\u00ecnh d\u1ecbch v\u1ee5 ch\u0103m s\u00f3c th\u00fa c\u01b0ng t\u1ea1i nh\u00e0<\/h2>\t\t\t\t<\/div>\n\t\t\t\t\t<\/div>\n\t\t\t\t<\/div>\n\t\t<div class=\"elementor-element elementor-element-c499700 e-flex e-con-boxed e-con e-parent\" data-id=\"c499700\" data-element_type=\"container\" data-e-type=\"container\">\n\t\t\t\t\t<div class=\"e-con-inner\">\n\t\t\t\t<div class=\"elementor-element elementor-element-7f5e7a8 elementor-widget elementor-widget-text-editor\" data-id=\"7f5e7a8\" data-element_type=\"widget\" data-e-type=\"widget\" data-widget_type=\"text-editor.default\">\n\t\t\t\t\t\t\t\t\t<p><b>1. \u0110\u00e1nh Gi\u00e1 Ban \u0110\u1ea7u<\/b><\/p><p>Khi \u0111\u1ebfn nh\u00e0, chuy\u00ean vi\u00ean ch\u0103m s\u00f3c s\u1ebd:<\/p><p>Quan s\u00e1t v\u00e0 \u0111\u00e1nh gi\u00e1 h\u00e0nh vi, tr\u1ea1ng th\u00e1i s\u1ee9c kh\u1ecfe c\u1ee7a th\u00fa c\u01b0ng.<\/p><p>Ki\u1ec3m tra c\u00e1c v\u1ea5n \u0111\u1ec1 c\u1ee5 th\u1ec3 nh\u01b0 t\u00ecnh tr\u1ea1ng da, l\u00f4ng, m\u00f3ng, v\u00e0 v\u1ec7 sinh t\u1ed5ng th\u1ec3.<\/p><p>Trao \u0111\u1ed5i th\u00eam v\u1edbi ch\u1ee7 nh\u00e2n v\u1ec1 nhu c\u1ea7u ho\u1eb7c c\u00e1c tri\u1ec7u ch\u1ee9ng b\u1ea5t th\u01b0\u1eddng \u0111\u1ec3 \u0111i\u1ec1u ch\u1ec9nh d\u1ecbch v\u1ee5 ph\u00f9 h\u1ee3p.<\/p><p><span style=\"color: var( --e-global-color-text ); font-family: var( --e-global-typography-text-font-family ), Sans-serif; text-align: var(--text-align); background-color: transparent;\"><b>2. Th\u1ef1c Hi\u1ec7n Ch\u0103m S\u00f3c<\/b><\/span><\/p><p>T\u1eafm R\u1eeda v\u00e0 V\u1ec7 Sinh<\/p><p>S\u1eed d\u1ee5ng s\u1ea3n ph\u1ea9m v\u1ec7 sinh chuy\u00ean d\u1ee5ng, ph\u00f9 h\u1ee3p v\u1edbi t\u1eebng lo\u1ea1i th\u00fa c\u01b0ng v\u00e0 t\u00ecnh tr\u1ea1ng da.<\/p><p>L\u00e0m s\u1ea1ch to\u00e0n di\u1ec7n: t\u1eafm to\u00e0n th\u00e2n, v\u1ec7 sinh tai, c\u1eaft m\u00f3ng, v\u00e0 x\u1eed l\u00fd c\u00e1c khu v\u1ef1c nh\u1ea1y c\u1ea3m.<\/p><p><b>3. Ki\u1ec3m tra l\u1ea1i v\u00e0 t\u01b0 v\u1ea5n<\/b><\/p><p>Sau khi ho\u00e0n t\u1ea5t, chuy\u00ean vi\u00ean s\u1ebd ki\u1ec3m tra t\u1ed5ng th\u1ec3 v\u00e0 \u0111\u1ea3m b\u1ea3o m\u1ecdi y\u00eau c\u1ea7u \u0111\u00e3 \u0111\u01b0\u1ee3c th\u1ef1c hi\u1ec7n \u0111\u00fang c\u00e1ch.<\/p><p>H\u01b0\u1edbng d\u1eabn ch\u1ee7 nh\u00e2n c\u00e1ch ch\u0103m s\u00f3c v\u00e0 b\u1ea3o qu\u1ea3n t\u1ed1t nh\u1ea5t cho th\u00fa c\u01b0ng sau d\u1ecbch v\u1ee5.<\/p>\t\t\t\t\t\t\t\t<\/div>\n\t\t\t\t\t<\/div>\n\t\t\t\t<\/div>\n\t\t<div class=\"elementor-element elementor-element-3d7a11e e-flex e-con-boxed e-con e-parent\" data-id=\"3d7a11e\" data-element_type=\"container\" data-e-type=\"container\" data-settings=\"{&quot;background_background&quot;:&quot;classic&quot;}\">\n\t\t\t\t\t<div class=\"e-con-inner\">\n\t\t\t\t<div class=\"elementor-element elementor-element-f08bdde animated-slow elementor-invisible elementor-widget elementor-widget-heading\" data-id=\"f08bdde\" data-element_type=\"widget\" data-e-type=\"widget\" data-settings=\"{&quot;_animation&quot;:&quot;fadeInUp&quot;}\" data-widget_type=\"heading.default\">\n\t\t\t\t\t<h2 class=\"elementor-heading-title elementor-size-default\">\u0110\u1eb6T L\u1ecaCH H\u1eb8N TR\u1ef0C TUY\u1ebeN \u0110\u1ec2 \u0110\u01af\u1ee2C PH\u1ee4C V\u1ee4 NGAY KHI \u0110\u1ebeN PH\u00d2NG KH\u00c1M<\/h2>\t\t\t\t<\/div>\n\t\t\t\t\t<\/div>\n\t\t\t\t<\/div>\n\t\t<div class=\"elementor-element elementor-element-5bc2ac18 e-con-full e-flex e-con e-parent\" data-id=\"5bc2ac18\" data-element_type=\"container\" data-e-type=\"container\" data-settings=\"{&quot;background_background&quot;:&quot;classic&quot;}\">\n\t\t\t\t<div class=\"elementor-element elementor-element-365038ad elementor-widget elementor-widget-shortcode\" data-id=\"365038ad\" data-element_type=\"widget\" data-e-type=\"widget\" data-widget_type=\"shortcode.default\">\n\t\t\t\t\t\t\t<div class=\"elementor-shortcode\"><div class=\"forminator-ui forminator-custom-form forminator-custom-form-355 forminator-design--default  forminator_ajax\" data-forminator-render=\"0\" data-form=\"forminator-module-355\" data-uid=\"69ee2c89efe7f\"><br\/><\/div><form\n\t\t\t\tid=\"forminator-module-355\"\n\t\t\t\tclass=\"forminator-ui forminator-custom-form forminator-custom-form-355 forminator-design--default  forminator_ajax\"\n\t\t\t\tmethod=\"post\"\n\t\t\t\tdata-forminator-render=\"0\"\n\t\t\t\tdata-form-id=\"355\"\n\t\t\t\t data-color-option=\"theme\" data-design=\"default\" data-grid=\"open\" style=\"display: none;\"\n\t\t\t\tdata-uid=\"69ee2c89efe7f\"\n\t\t\t><div role=\"alert\" aria-live=\"polite\" class=\"forminator-response-message forminator-error\" aria-hidden=\"true\"><\/div><div class=\"forminator-row\"><div id=\"name-1\" class=\"forminator-field-name forminator-col forminator-col-12 \"><div class=\"forminator-field\"><label for=\"forminator-field-name-1_69ee2c89efe7f\" id=\"forminator-field-name-1_69ee2c89efe7f-label\" class=\"forminator-label\">H\u1ecd v\u00e0 t\u00ean<\/label><input type=\"text\" name=\"name-1\" value=\"\" placeholder=\"H\u1ecd v\u00e0 t\u00ean\" id=\"forminator-field-name-1_69ee2c89efe7f\" class=\"forminator-input forminator-name--field\" aria-required=\"false\" autocomplete=\"name\" \/><\/div><\/div><\/div><div class=\"forminator-row\"><div id=\"phone-1\" class=\"forminator-field-phone forminator-col forminator-col-12 \"><div class=\"forminator-field\"><label for=\"forminator-field-phone-1_69ee2c89efe7f\" id=\"forminator-field-phone-1_69ee2c89efe7f-label\" class=\"forminator-label\">S\u1ed1 \u0111i\u1ec7n tho\u1ea1i<\/label><input type=\"text\" name=\"phone-1\" value=\"\" placeholder=\"S\u1ed1 \u0111i\u1ec7n tho\u1ea1i\" id=\"forminator-field-phone-1_69ee2c89efe7f\" class=\"forminator-input forminator-field--phone\" data-required=\"\" aria-required=\"false\" autocomplete=\"off\" \/><\/div><\/div><\/div><div class=\"forminator-row\"><div id=\"date-1\" class=\"forminator-field-date forminator-col forminator-col-12 \"><div class=\"forminator-field\"><label for=\"forminator-field-date-1-picker_69ee2c89efe7f\" id=\"forminator-field-date-1-picker_69ee2c89efe7f-label\" class=\"forminator-label\">Ng\u00e0y \u0111\u1ebfn kh\u00e1m<\/label><div class=\"forminator-input-with-icon\"><span class=\"forminator-icon-calendar\" aria-hidden=\"true\"><\/span><input autocomplete=\"off\" type=\"text\" size=\"1\" name=\"date-1\" value=\"\" placeholder=\"Ng\u00e0y \u0111\u1ebfn kh\u00e1m\" id=\"forminator-field-date-1-picker_69ee2c89efe7f\" class=\"forminator-input forminator-datepicker\" data-required=\"\" data-format=\"dd-mm-yy\" data-restrict-type=\"\" data-restrict=\"\" data-start-year=\"1926\" data-end-year=\"2126\" data-past-dates=\"enable\" data-start-of-week=\"1\" data-start-date=\"\" data-end-date=\"\" data-start-field=\"\" data-end-field=\"\" data-start-offset=\"\" data-end-offset=\"\" data-disable-date=\"\" data-disable-range=\"\" \/><\/div><\/div><\/div><\/div><div class=\"forminator-row\"><div id=\"radio-1\" class=\"forminator-field-radio forminator-col forminator-col-12 \"><div role=\"radiogroup\" class=\"forminator-field\" aria-labelledby=\"forminator-radiogroup-radio-1-69ee2c89efe7f-label\"><span id=\"forminator-radiogroup-radio-1-69ee2c89efe7f-label\" class=\"forminator-label\">L\u1ef1a ch\u1ecdn d\u1ecbch v\u1ee5 <span class=\"forminator-required\">*<\/span><\/span><label id=\"forminator-field-radio-1-label-1\" for=\"forminator-field-radio-1-1-69ee2c89efe7f\" class=\"forminator-radio\" title=\"D\u1ecbch v\u1ee5 ch\u0103m s\u00f3c c\u01a1 b\u1ea3n\"><input type=\"radio\" name=\"radio-1\" value=\"one\" id=\"forminator-field-radio-1-1-69ee2c89efe7f\" aria-labelledby=\"forminator-field-radio-1-label-1\" data-calculation=\"0\"   data-hidden-behavior=\"zero\"\/><span class=\"forminator-radio-bullet\" aria-hidden=\"true\"><\/span><span class=\"forminator-radio-label\">D\u1ecbch v\u1ee5 ch\u0103m s\u00f3c c\u01a1 b\u1ea3n<\/span><\/label><label id=\"forminator-field-radio-1-label-2\" for=\"forminator-field-radio-1-2-69ee2c89efe7f\" class=\"forminator-radio\" title=\"D\u1ecbch v\u1ee5 ch\u0103m s\u00f3c s\u1ee9c kh\u1ecfe\"><input type=\"radio\" name=\"radio-1\" value=\"two\" id=\"forminator-field-radio-1-2-69ee2c89efe7f\" aria-labelledby=\"forminator-field-radio-1-label-2\" data-calculation=\"0\"   data-hidden-behavior=\"zero\"\/><span class=\"forminator-radio-bullet\" aria-hidden=\"true\"><\/span><span class=\"forminator-radio-label\">D\u1ecbch v\u1ee5 ch\u0103m s\u00f3c s\u1ee9c kh\u1ecfe<\/span><\/label><label id=\"forminator-field-radio-1-label-3\" for=\"forminator-field-radio-1-3-69ee2c89efe7f\" class=\"forminator-radio\" title=\"D\u1ecbch v\u1ee5 hu\u1ea5n luy\u1ec7n\"><input type=\"radio\" name=\"radio-1\" value=\"D\u1ecbch-v\u1ee5-hu\u1ea5n-luy\u1ec7n\" id=\"forminator-field-radio-1-3-69ee2c89efe7f\" aria-labelledby=\"forminator-field-radio-1-label-3\" data-calculation=\"0\"   data-hidden-behavior=\"zero\"\/><span class=\"forminator-radio-bullet\" aria-hidden=\"true\"><\/span><span class=\"forminator-radio-label\">D\u1ecbch v\u1ee5 hu\u1ea5n luy\u1ec7n<\/span><\/label><label id=\"forminator-field-radio-1-label-4\" for=\"forminator-field-radio-1-4-69ee2c89efe7f\" class=\"forminator-radio\" title=\"D\u1ecbch v\u1ee5 tr\u00f4ng gi\u1eef v\u00e0 ch\u0103m s\u00f3c t\u1ea1i nh\u00e0\"><input type=\"radio\" name=\"radio-1\" value=\"D\u1ecbch-v\u1ee5-tr\u00f4ng-gi\u1eef-v\u00e0-ch\u0103m-s\u00f3c-t\u1ea1i-nh\u00e0\" id=\"forminator-field-radio-1-4-69ee2c89efe7f\" aria-labelledby=\"forminator-field-radio-1-label-4\" data-calculation=\"0\"   data-hidden-behavior=\"zero\"\/><span class=\"forminator-radio-bullet\" aria-hidden=\"true\"><\/span><span class=\"forminator-radio-label\">D\u1ecbch v\u1ee5 tr\u00f4ng gi\u1eef v\u00e0 ch\u0103m s\u00f3c t\u1ea1i nh\u00e0<\/span><\/label><label id=\"forminator-field-radio-1-label-5\" for=\"forminator-field-radio-1-5-69ee2c89efe7f\" class=\"forminator-radio\" title=\"D\u1ecbch v\u1ee5 l\u00e0m \u0111\u1eb9p v\u00e0 spa\"><input type=\"radio\" name=\"radio-1\" value=\"D\u1ecbch-v\u1ee5-l\u00e0m-\u0111\u1eb9p-v\u00e0-spa\" id=\"forminator-field-radio-1-5-69ee2c89efe7f\" aria-labelledby=\"forminator-field-radio-1-label-5\" data-calculation=\"0\"   data-hidden-behavior=\"zero\"\/><span class=\"forminator-radio-bullet\" aria-hidden=\"true\"><\/span><span class=\"forminator-radio-label\">D\u1ecbch v\u1ee5 l\u00e0m \u0111\u1eb9p v\u00e0 spa<\/span><\/label><label id=\"forminator-field-radio-1-label-6\" for=\"forminator-field-radio-1-6-69ee2c89efe7f\" class=\"forminator-radio\" title=\"D\u1ecbch v\u1ee5 dinh d\u01b0\u1ee1ng\"><input type=\"radio\" name=\"radio-1\" value=\"D\u1ecbch-v\u1ee5-dinh-d\u01b0\u1ee1ng\" id=\"forminator-field-radio-1-6-69ee2c89efe7f\" aria-labelledby=\"forminator-field-radio-1-label-6\" data-calculation=\"0\"   data-hidden-behavior=\"zero\"\/><span class=\"forminator-radio-bullet\" aria-hidden=\"true\"><\/span><span class=\"forminator-radio-label\">D\u1ecbch v\u1ee5 dinh d\u01b0\u1ee1ng<\/span><\/label><\/div><\/div><\/div><input type=\"hidden\" name=\"referer_url\" value=\"\" \/><div class=\"forminator-row forminator-row-last\"><div class=\"forminator-col\"><div class=\"forminator-field\"><button class=\"forminator-button forminator-button-submit\">\u0110\u1eb6T L\u1ecaCH KH&Aacute;M<\/button><\/div><\/div><\/div><input type=\"hidden\" id=\"forminator_nonce\" name=\"forminator_nonce\" value=\"6cae4163d5\" \/><input type=\"hidden\" name=\"_wp_http_referer\" value=\"\/index.php\/wp-json\/wp\/v2\/pages\/111\" \/><input type=\"hidden\" name=\"form_id\" value=\"355\"><input type=\"hidden\" name=\"page_id\" value=\"111\"><input type=\"hidden\" name=\"form_type\" value=\"default\"><input type=\"hidden\" name=\"current_url\" value=\"https:\/\/hanhtrinhkydieu.id.vn\/index.php\/trong-giu-thu-cung\/\"><input type=\"hidden\" name=\"render_id\" value=\"0\"><input type=\"hidden\" name=\"action\" value=\"forminator_submit_form_custom-forms\"><\/form><\/div>\n\t\t\t\t\t\t<\/div>\n\t\t\t\t<\/div>\n\t\t\t\t<\/div>\n\t\t","protected":false},"excerpt":{"rendered":"<p>CH\u0102M S\u00d3C TH\u00da C\u01afNG T\u1ea0I NH\u00c0 V\u00ec sao n\u00ean ch\u1ecdn d\u1ecbch v\u1ee5 ch\u0103m s\u00f3c th\u00fa c\u01b0ng t\u1ea1i nh\u00e0? Ti\u1ec7n l\u1ee3i cho ch\u1ee7 nu\u00f4i Kh\u00f4ng c\u1ea7n ph\u1ea3i di chuy\u1ec3n th\u00fa c\u01b0ng \u0111\u1ebfn spa ho\u1eb7c b\u1ec7nh vi\u1ec7n th\u00fa y. T\u1ed1t h\u01a1n cho th\u00fa c\u01b0ng Th\u00fa c\u01b0ng \u0111\u01b0\u1ee3c ch\u0103m s\u00f3c trong m\u00f4i tr\u01b0\u1eddng quen thu\u1ed9c, gi\u1ea3m c\u0103ng th\u1eb3ng&#8230;<\/p>\n","protected":false},"author":1,"featured_media":0,"parent":0,"menu_order":0,"comment_status":"closed","ping_status":"closed","template":"","meta":{"_kadence_starter_templates_imported_post":false,"_kad_post_transparent":"","_kad_post_title":"hide","_kad_post_layout":"fullwidth","_kad_post_sidebar_id":"","_kad_post_content_style":"unboxed","_kad_post_vertical_padding":"hide","_kad_post_feature":"hide","_kad_post_feature_position":"","_kad_post_header":false,"_kad_post_footer":false,"_kad_post_classname":"","footnotes":""},"class_list":["post-111","page","type-page","status-publish","hentry"],"_links":{"self":[{"href":"https:\/\/hanhtrinhkydieu.id.vn\/index.php\/wp-json\/wp\/v2\/pages\/111","targetHints":{"allow":["GET"]}}],"collection":[{"href":"https:\/\/hanhtrinhkydieu.id.vn\/index.php\/wp-json\/wp\/v2\/pages"}],"about":[{"href":"https:\/\/hanhtrinhkydieu.id.vn\/index.php\/wp-json\/wp\/v2\/types\/page"}],"author":[{"embeddable":true,"href":"https:\/\/hanhtrinhkydieu.id.vn\/index.php\/wp-json\/wp\/v2\/users\/1"}],"replies":[{"embeddable":true,"href":"https:\/\/hanhtrinhkydieu.id.vn\/index.php\/wp-json\/wp\/v2\/comments?post=111"}],"version-history":[{"count":4,"href":"https:\/\/hanhtrinhkydieu.id.vn\/index.php\/wp-json\/wp\/v2\/pages\/111\/revisions"}],"predecessor-version":[{"id":521,"href":"https:\/\/hanhtrinhkydieu.id.vn\/index.php\/wp-json\/wp\/v2\/pages\/111\/revisions\/521"}],"wp:attachment":[{"href":"https:\/\/hanhtrinhkydieu.id.vn\/index.php\/wp-json\/wp\/v2\/media?parent=111"}],"curies":[{"name":"wp","href":"https:\/\/api.w.org\/{rel}","templated":true}]}}