{"id":113,"date":"2024-12-09T04:02:49","date_gmt":"2024-12-09T04:02:49","guid":{"rendered":"https:\/\/hanhtrinhkydieu.id.vn\/?page_id=113"},"modified":"2024-12-12T07:36:35","modified_gmt":"2024-12-12T07:36:35","slug":"spa-thu-gian","status":"publish","type":"page","link":"https:\/\/hanhtrinhkydieu.id.vn\/index.php\/spa-thu-gian\/","title":{"rendered":"Spa th\u01b0 gi\u00e3n"},"content":{"rendered":"\t\t<div data-elementor-type=\"wp-page\" data-elementor-id=\"113\" class=\"elementor elementor-113\">\n\t\t\t\t<div class=\"elementor-element elementor-element-847ef2f e-flex e-con-boxed e-con e-parent\" data-id=\"847ef2f\" data-element_type=\"container\" data-e-type=\"container\" data-settings=\"{&quot;background_background&quot;:&quot;classic&quot;}\">\n\t\t\t\t\t<div class=\"e-con-inner\">\n\t\t\t\t<div class=\"elementor-element elementor-element-7aa8c97 animated-slow elementor-invisible elementor-widget elementor-widget-heading\" data-id=\"7aa8c97\" data-element_type=\"widget\" data-e-type=\"widget\" data-settings=\"{&quot;_animation&quot;:&quot;fadeInUp&quot;}\" data-widget_type=\"heading.default\">\n\t\t\t\t\t<h2 class=\"elementor-heading-title elementor-size-default\">SPA TH\u01af GI\u00c3N<\/h2>\t\t\t\t<\/div>\n\t\t\t\t\t<\/div>\n\t\t\t\t<\/div>\n\t\t<div class=\"elementor-element elementor-element-8ad853f e-flex e-con-boxed e-con e-parent\" data-id=\"8ad853f\" data-element_type=\"container\" data-e-type=\"container\">\n\t\t\t\t\t<div class=\"e-con-inner\">\n\t\t<div class=\"elementor-element elementor-element-42dbd96 e-con-full e-flex e-con e-child\" data-id=\"42dbd96\" data-element_type=\"container\" data-e-type=\"container\">\n\t\t\t\t<div class=\"elementor-element elementor-element-b580709 elementor-widget elementor-widget-image\" data-id=\"b580709\" data-element_type=\"widget\" data-e-type=\"widget\" data-widget_type=\"image.default\">\n\t\t\t\t\t\t\t\t\t\t\t\t\t\t\t<img fetchpriority=\"high\" decoding=\"async\" width=\"602\" height=\"372\" src=\"https:\/\/hanhtrinhkydieu.id.vn\/wp-content\/uploads\/2024\/12\/2b1cd30fd39169cf3080.jpg\" class=\"attachment-large size-large wp-image-475\" alt=\"\" srcset=\"https:\/\/hanhtrinhkydieu.id.vn\/wp-content\/uploads\/2024\/12\/2b1cd30fd39169cf3080.jpg 602w, https:\/\/hanhtrinhkydieu.id.vn\/wp-content\/uploads\/2024\/12\/2b1cd30fd39169cf3080-300x185.jpg 300w, https:\/\/hanhtrinhkydieu.id.vn\/wp-content\/uploads\/2024\/12\/2b1cd30fd39169cf3080-24x15.jpg 24w, https:\/\/hanhtrinhkydieu.id.vn\/wp-content\/uploads\/2024\/12\/2b1cd30fd39169cf3080-36x22.jpg 36w, https:\/\/hanhtrinhkydieu.id.vn\/wp-content\/uploads\/2024\/12\/2b1cd30fd39169cf3080-48x30.jpg 48w, https:\/\/hanhtrinhkydieu.id.vn\/wp-content\/uploads\/2024\/12\/2b1cd30fd39169cf3080-600x371.jpg 600w\" sizes=\"(max-width: 602px) 100vw, 602px\" \/>\t\t\t\t\t\t\t\t\t\t\t\t\t\t\t<\/div>\n\t\t\t\t<\/div>\n\t\t<div class=\"elementor-element elementor-element-dbe15e2 e-con-full e-flex e-con e-child\" data-id=\"dbe15e2\" data-element_type=\"container\" data-e-type=\"container\">\n\t\t\t\t<div class=\"elementor-element elementor-element-94f4e9d animated-slow elementor-invisible elementor-widget elementor-widget-heading\" data-id=\"94f4e9d\" data-element_type=\"widget\" data-e-type=\"widget\" data-settings=\"{&quot;_animation&quot;:&quot;fadeInUp&quot;}\" data-widget_type=\"heading.default\">\n\t\t\t\t\t<h2 class=\"elementor-heading-title elementor-size-default\">V\u00ec sao l\u1ea1i c\u1ea7n \u0111\u1ebfn d\u1ecbch v\u1ee5 spa th\u01b0 gi\u00e3n cho th\u00fa c\u01b0ng ?<\/h2>\t\t\t\t<\/div>\n\t\t\t\t<div class=\"elementor-element elementor-element-cb62800 elementor-widget elementor-widget-text-editor\" data-id=\"cb62800\" data-element_type=\"widget\" data-e-type=\"widget\" data-widget_type=\"text-editor.default\">\n\t\t\t\t\t\t\t\t\t<p>D\u00f9 l\u00e0 \u0111\u1ed9ng v\u1eadt ( ch\u00f3, m\u00e8o,\u2026) hay l\u00e0 con ng\u01b0\u1eddi th\u00ec \u0111\u1ec1u l\u00e0 nh\u1eefng sinh v\u1eadt s\u1ed1ng, c\u00f3 c\u1ea3m x\u00fac, c\u00f3 nh\u1eadn th\u1ee9c. L\u00e0 m\u1ed9t th\u01b0\u01a1ng hi\u1ec7u chuy\u00ean cung c\u1ea5p c\u00e1c d\u1ecbch v\u1ee5 cho th\u00fa c\u01b0ng , h\u01a1n ai h\u1ebft ch\u00fang t\u00f4i r\u1ea5t hi\u1ec3u v\u00e0 lu\u00f4n tr\u00e2n tr\u1ecdng, y\u00eau th\u01b0\u01a1ng c\u00e1c b\u00e9. C\u0169ng gi\u1ed1ng ch\u00fang ta \u0111\u00e3 l\u00e0 sinh v\u1eadt s\u1ed1ng ch\u1eafc ch\u1eafn s\u1ebd c\u00f3 nh\u1eefng l\u00fac c\u1ea3m th\u1ea5y c\u0103ng th\u1eb3ng m\u1ec7t m\u1ecfi r\u1ea5t c\u1ea7n \u0111\u1ebfn s\u1ef1 th\u01b0 gi\u00e3n \u0111\u1ec3 t\u00e1i t\u1ea1o n\u0103ng l\u01b0\u1ee3n<\/p>\t\t\t\t\t\t\t\t<\/div>\n\t\t\t\t<\/div>\n\t\t\t\t\t<\/div>\n\t\t\t\t<\/div>\n\t\t<div class=\"elementor-element elementor-element-79fa6fe e-flex e-con-boxed e-con e-parent\" data-id=\"79fa6fe\" data-element_type=\"container\" data-e-type=\"container\" data-settings=\"{&quot;background_background&quot;:&quot;classic&quot;}\">\n\t\t\t\t\t<div class=\"e-con-inner\">\n\t\t\t\t<div class=\"elementor-element elementor-element-2845ceb animated-slow elementor-invisible elementor-widget elementor-widget-heading\" data-id=\"2845ceb\" data-element_type=\"widget\" data-e-type=\"widget\" data-settings=\"{&quot;_animation&quot;:&quot;fadeInUp&quot;}\" data-widget_type=\"heading.default\">\n\t\t\t\t\t<h2 class=\"elementor-heading-title elementor-size-default\">C\u00e1c c\u00e2u h\u1ecfi th\u01b0\u1eddng g\u1eb7p<\/h2>\t\t\t\t<\/div>\n\t\t\t\t\t<\/div>\n\t\t\t\t<\/div>\n\t\t<div class=\"elementor-element elementor-element-ec20824 e-flex e-con-boxed e-con e-parent\" data-id=\"ec20824\" data-element_type=\"container\" data-e-type=\"container\">\n\t\t\t\t\t<div class=\"e-con-inner\">\n\t\t\t\t<div class=\"elementor-element elementor-element-9b13042 elementor-widget elementor-widget-text-editor\" data-id=\"9b13042\" data-element_type=\"widget\" data-e-type=\"widget\" data-widget_type=\"text-editor.default\">\n\t\t\t\t\t\t\t\t\t<p><b>Spa th\u00fa c\u01b0ng l\u00e0 g\u00ec?<\/b><\/p><p>Spa th\u00fa c\u01b0ng l\u00e0 n\u01a1i cung c\u1ea5p c\u00e1c d\u1ecbch v\u1ee5 ch\u0103m s\u00f3c to\u00e0n di\u1ec7n cho ch\u00f3 m\u00e8o, bao g\u1ed3m t\u1eafm, s\u1ea5y, c\u1eaft t\u1ec9a l\u00f4ng, v\u1ec7 sinh tai m\u1eaft, c\u1eaft m\u00f3ng, massage, v\u00e0 th\u1eadm ch\u00ed l\u00e0 c\u00e1c li\u1ec7u ph\u00e1p tr\u1ecb li\u1ec7u \u0111\u1eb7c bi\u1ec7t.<\/p><p><b>T\u1ea1i sao n\u00ean \u0111\u01b0a th\u00fa c\u01b0ng \u0111i spa?<\/b><\/p><p><b>V\u1ec7 sinh<\/b>: Gi\u00fap th\u00fa c\u01b0ng lu\u00f4n s\u1ea1ch s\u1ebd, th\u01a1m tho, gi\u1ea3m thi\u1ec3u nguy c\u01a1 m\u1eafc c\u00e1c b\u1ec7nh ngo\u00e0i da.<\/p><p><b>S\u1ee9c kh\u1ecfe<\/b>: C\u1eaft t\u1ec9a l\u00f4ng th\u01b0\u1eddng xuy\u00ean gi\u00fap tr\u00e1nh r\u1ed1i l\u00f4ng, gi\u1ea3m nhi\u1ec7t, v\u00e0 ph\u00e1t hi\u1ec7n s\u1edbm c\u00e1c v\u1ea5n \u0111\u1ec1 v\u1ec1 da.<\/p><p><b>Th\u01b0 gi\u00e3n<\/b>: Massage v\u00e0 c\u00e1c li\u1ec7u ph\u00e1p tr\u1ecb li\u1ec7u gi\u00fap th\u00fa c\u01b0ng th\u01b0 gi\u00e3n, gi\u1ea3m stress.<\/p><p><b>Ngo\u1ea1i h\u00ecnh<\/b>: Gi\u00fap th\u00fa c\u01b0ng c\u00f3 b\u1ed9 l\u00f4ng \u0111\u1eb9p, g\u1ecdn g\u00e0ng, t\u0103ng th\u00eam s\u1ef1 t\u1ef1 tin cho c\u1ea3 b\u1ea1n v\u00e0 th\u00fa c\u01b0ng<\/p>\t\t\t\t\t\t\t\t<\/div>\n\t\t\t\t\t<\/div>\n\t\t\t\t<\/div>\n\t\t<div class=\"elementor-element elementor-element-371a579 e-flex e-con-boxed e-con e-parent\" data-id=\"371a579\" data-element_type=\"container\" data-e-type=\"container\" data-settings=\"{&quot;background_background&quot;:&quot;classic&quot;}\">\n\t\t\t\t\t<div class=\"e-con-inner\">\n\t\t\t\t<div class=\"elementor-element elementor-element-0db8a5d animated-slow elementor-invisible elementor-widget elementor-widget-heading\" data-id=\"0db8a5d\" data-element_type=\"widget\" data-e-type=\"widget\" data-settings=\"{&quot;_animation&quot;:&quot;fadeInUp&quot;}\" data-widget_type=\"heading.default\">\n\t\t\t\t\t<h2 class=\"elementor-heading-title elementor-size-default\">Quy tr\u00ecnh spa<\/h2>\t\t\t\t<\/div>\n\t\t\t\t\t<\/div>\n\t\t\t\t<\/div>\n\t\t<div class=\"elementor-element elementor-element-4228613 e-flex e-con-boxed e-con e-parent\" data-id=\"4228613\" data-element_type=\"container\" data-e-type=\"container\">\n\t\t\t\t\t<div class=\"e-con-inner\">\n\t\t\t\t<div class=\"elementor-element elementor-element-be74cb1 elementor-widget elementor-widget-text-editor\" data-id=\"be74cb1\" data-element_type=\"widget\" data-e-type=\"widget\" data-widget_type=\"text-editor.default\">\n\t\t\t\t\t\t\t\t\t<p><b>1. Ki\u1ec3m tra s\u1ee9c kh\u1ecfe<\/b>: ki\u1ec3m tra xem c\u00f3 v\u1ebft th\u01b0\u01a1ng hay v\u00f9ng da \u0111ang nh\u1ea1y c\u1ea3m kh\u00f4ng.<\/p><p><b>2. Ch\u1ea3i l\u00f4ng<\/b> : lo\u1ea1i b\u1ecf l\u00f4ng ch\u1ebft, g\u1ee1 r\u1ed1i s\u1ea1ch b\u1ee5i<\/p><p><b>3. V\u1ec7 sinh tai, c\u1eaft m\u00f3ng<\/b>: lo\u1ea1i b\u1ecf b\u1ee5i b\u1ea9n vi khu\u1ea9n k\u00ed sinh<\/p><p><b>4. T\u1eafm<\/b>: L\u00e0m \u01b0\u1edbt b\u1eb1ng n\u01b0\u1edbc \u1ea5m, s\u1eed d\u1ee5ng c\u00e1c s\u1ea3n ph\u1ea9m d\u1ea7u g\u1ed9i d\u01b0\u1ee1ng da chuy\u00ean d\u1ee5ng t\u1eeb c\u00e1c nh\u00e3n h\u00e0ng uy t\u00edn c\u00f3 t\u00ean tu\u1ed5i (OCM,..), x\u1ea3 b\u1eb1ng n\u01b0\u1edbc \u1ea5m.<\/p><p><b>5. S\u1ea5y kh\u00f4:<\/b> S\u1ea5y nhanh b\u1eb1ng m\u00e1y s\u1ea5y \u1edf nhi\u1ec7t \u0111\u1ed9 v\u1eeba ph\u1ea3i<\/p><p><b>6. X\u1ecbt d\u01b0\u1ee1ng l\u00f4ng<\/b>: gi\u00fap l\u00f4ng m\u1ec1m m\u01b0\u1ee3t b\u00f3ng kh\u1ecfe, duy tr\u00ec hi\u1ec7u qu\u1ea3 d\u1ecbch v\u1ee5<\/p><p><b>7. Ki\u1ec3m tra<\/b> : ki\u1ec3m tra t\u1ed5ng quan \u0111\u00e1nh gi\u00e1 hi\u1ec7u qu\u1ea3 tr\u01b0\u1edbc khi tr\u1ea3 b\u00e9 cho kh\u00e1c<\/p>\t\t\t\t\t\t\t\t<\/div>\n\t\t\t\t\t<\/div>\n\t\t\t\t<\/div>\n\t\t<div class=\"elementor-element elementor-element-e0f2965 e-flex e-con-boxed e-con e-parent\" data-id=\"e0f2965\" data-element_type=\"container\" data-e-type=\"container\" data-settings=\"{&quot;background_background&quot;:&quot;classic&quot;}\">\n\t\t\t\t\t<div class=\"e-con-inner\">\n\t\t\t\t<div class=\"elementor-element elementor-element-596629e animated-slow elementor-invisible elementor-widget elementor-widget-heading\" data-id=\"596629e\" data-element_type=\"widget\" data-e-type=\"widget\" data-settings=\"{&quot;_animation&quot;:&quot;fadeInUp&quot;}\" data-widget_type=\"heading.default\">\n\t\t\t\t\t<h2 class=\"elementor-heading-title elementor-size-default\">\u0110\u1eb6T L\u1ecaCH H\u1eb8N TR\u1ef0C TUY\u1ebeN \u0110\u1ec2 \u0110\u01af\u1ee2C PH\u1ee4C V\u1ee4 NGAY KHI \u0110\u1ebeN PH\u00d2NG KH\u00c1M<\/h2>\t\t\t\t<\/div>\n\t\t\t\t\t<\/div>\n\t\t\t\t<\/div>\n\t\t<div class=\"elementor-element elementor-element-ea31a87 e-con-full e-flex e-con e-parent\" data-id=\"ea31a87\" data-element_type=\"container\" data-e-type=\"container\" data-settings=\"{&quot;background_background&quot;:&quot;classic&quot;}\">\n\t\t\t\t<div class=\"elementor-element elementor-element-24272561 elementor-widget elementor-widget-shortcode\" data-id=\"24272561\" data-element_type=\"widget\" data-e-type=\"widget\" data-widget_type=\"shortcode.default\">\n\t\t\t\t\t\t\t<div class=\"elementor-shortcode\"><div class=\"forminator-ui forminator-custom-form forminator-custom-form-355 forminator-design--default  forminator_ajax\" data-forminator-render=\"0\" data-form=\"forminator-module-355\" data-uid=\"69ee2ba646f0b\"><br\/><\/div><form\n\t\t\t\tid=\"forminator-module-355\"\n\t\t\t\tclass=\"forminator-ui forminator-custom-form forminator-custom-form-355 forminator-design--default  forminator_ajax\"\n\t\t\t\tmethod=\"post\"\n\t\t\t\tdata-forminator-render=\"0\"\n\t\t\t\tdata-form-id=\"355\"\n\t\t\t\t data-color-option=\"theme\" data-design=\"default\" data-grid=\"open\" style=\"display: none;\"\n\t\t\t\tdata-uid=\"69ee2ba646f0b\"\n\t\t\t><div role=\"alert\" aria-live=\"polite\" class=\"forminator-response-message forminator-error\" aria-hidden=\"true\"><\/div><div class=\"forminator-row\"><div id=\"name-1\" class=\"forminator-field-name forminator-col forminator-col-12 \"><div class=\"forminator-field\"><label for=\"forminator-field-name-1_69ee2ba646f0b\" id=\"forminator-field-name-1_69ee2ba646f0b-label\" class=\"forminator-label\">H\u1ecd v\u00e0 t\u00ean<\/label><input type=\"text\" name=\"name-1\" value=\"\" placeholder=\"H\u1ecd v\u00e0 t\u00ean\" id=\"forminator-field-name-1_69ee2ba646f0b\" class=\"forminator-input forminator-name--field\" aria-required=\"false\" autocomplete=\"name\" \/><\/div><\/div><\/div><div class=\"forminator-row\"><div id=\"phone-1\" class=\"forminator-field-phone forminator-col forminator-col-12 \"><div class=\"forminator-field\"><label for=\"forminator-field-phone-1_69ee2ba646f0b\" id=\"forminator-field-phone-1_69ee2ba646f0b-label\" class=\"forminator-label\">S\u1ed1 \u0111i\u1ec7n tho\u1ea1i<\/label><input type=\"text\" name=\"phone-1\" value=\"\" placeholder=\"S\u1ed1 \u0111i\u1ec7n tho\u1ea1i\" id=\"forminator-field-phone-1_69ee2ba646f0b\" class=\"forminator-input forminator-field--phone\" data-required=\"\" aria-required=\"false\" autocomplete=\"off\" \/><\/div><\/div><\/div><div class=\"forminator-row\"><div id=\"date-1\" class=\"forminator-field-date forminator-col forminator-col-12 \"><div class=\"forminator-field\"><label for=\"forminator-field-date-1-picker_69ee2ba646f0b\" id=\"forminator-field-date-1-picker_69ee2ba646f0b-label\" class=\"forminator-label\">Ng\u00e0y \u0111\u1ebfn kh\u00e1m<\/label><div class=\"forminator-input-with-icon\"><span class=\"forminator-icon-calendar\" aria-hidden=\"true\"><\/span><input autocomplete=\"off\" type=\"text\" size=\"1\" name=\"date-1\" value=\"\" placeholder=\"Ng\u00e0y \u0111\u1ebfn kh\u00e1m\" id=\"forminator-field-date-1-picker_69ee2ba646f0b\" class=\"forminator-input forminator-datepicker\" data-required=\"\" data-format=\"dd-mm-yy\" data-restrict-type=\"\" data-restrict=\"\" data-start-year=\"1926\" data-end-year=\"2126\" data-past-dates=\"enable\" data-start-of-week=\"1\" data-start-date=\"\" data-end-date=\"\" data-start-field=\"\" data-end-field=\"\" data-start-offset=\"\" data-end-offset=\"\" data-disable-date=\"\" data-disable-range=\"\" \/><\/div><\/div><\/div><\/div><div class=\"forminator-row\"><div id=\"radio-1\" class=\"forminator-field-radio forminator-col forminator-col-12 \"><div role=\"radiogroup\" class=\"forminator-field\" aria-labelledby=\"forminator-radiogroup-radio-1-69ee2ba646f0b-label\"><span id=\"forminator-radiogroup-radio-1-69ee2ba646f0b-label\" class=\"forminator-label\">L\u1ef1a ch\u1ecdn d\u1ecbch v\u1ee5 <span class=\"forminator-required\">*<\/span><\/span><label id=\"forminator-field-radio-1-label-1\" for=\"forminator-field-radio-1-1-69ee2ba646f0b\" class=\"forminator-radio\" title=\"D\u1ecbch v\u1ee5 ch\u0103m s\u00f3c c\u01a1 b\u1ea3n\"><input type=\"radio\" name=\"radio-1\" value=\"one\" id=\"forminator-field-radio-1-1-69ee2ba646f0b\" aria-labelledby=\"forminator-field-radio-1-label-1\" data-calculation=\"0\"   data-hidden-behavior=\"zero\"\/><span class=\"forminator-radio-bullet\" aria-hidden=\"true\"><\/span><span class=\"forminator-radio-label\">D\u1ecbch v\u1ee5 ch\u0103m s\u00f3c c\u01a1 b\u1ea3n<\/span><\/label><label id=\"forminator-field-radio-1-label-2\" for=\"forminator-field-radio-1-2-69ee2ba646f0b\" class=\"forminator-radio\" title=\"D\u1ecbch v\u1ee5 ch\u0103m s\u00f3c s\u1ee9c kh\u1ecfe\"><input type=\"radio\" name=\"radio-1\" value=\"two\" id=\"forminator-field-radio-1-2-69ee2ba646f0b\" aria-labelledby=\"forminator-field-radio-1-label-2\" data-calculation=\"0\"   data-hidden-behavior=\"zero\"\/><span class=\"forminator-radio-bullet\" aria-hidden=\"true\"><\/span><span class=\"forminator-radio-label\">D\u1ecbch v\u1ee5 ch\u0103m s\u00f3c s\u1ee9c kh\u1ecfe<\/span><\/label><label id=\"forminator-field-radio-1-label-3\" for=\"forminator-field-radio-1-3-69ee2ba646f0b\" class=\"forminator-radio\" title=\"D\u1ecbch v\u1ee5 hu\u1ea5n luy\u1ec7n\"><input type=\"radio\" name=\"radio-1\" value=\"D\u1ecbch-v\u1ee5-hu\u1ea5n-luy\u1ec7n\" id=\"forminator-field-radio-1-3-69ee2ba646f0b\" aria-labelledby=\"forminator-field-radio-1-label-3\" data-calculation=\"0\"   data-hidden-behavior=\"zero\"\/><span class=\"forminator-radio-bullet\" aria-hidden=\"true\"><\/span><span class=\"forminator-radio-label\">D\u1ecbch v\u1ee5 hu\u1ea5n luy\u1ec7n<\/span><\/label><label id=\"forminator-field-radio-1-label-4\" for=\"forminator-field-radio-1-4-69ee2ba646f0b\" class=\"forminator-radio\" title=\"D\u1ecbch v\u1ee5 tr\u00f4ng gi\u1eef v\u00e0 ch\u0103m s\u00f3c t\u1ea1i nh\u00e0\"><input type=\"radio\" name=\"radio-1\" value=\"D\u1ecbch-v\u1ee5-tr\u00f4ng-gi\u1eef-v\u00e0-ch\u0103m-s\u00f3c-t\u1ea1i-nh\u00e0\" id=\"forminator-field-radio-1-4-69ee2ba646f0b\" aria-labelledby=\"forminator-field-radio-1-label-4\" data-calculation=\"0\"   data-hidden-behavior=\"zero\"\/><span class=\"forminator-radio-bullet\" aria-hidden=\"true\"><\/span><span class=\"forminator-radio-label\">D\u1ecbch v\u1ee5 tr\u00f4ng gi\u1eef v\u00e0 ch\u0103m s\u00f3c t\u1ea1i nh\u00e0<\/span><\/label><label id=\"forminator-field-radio-1-label-5\" for=\"forminator-field-radio-1-5-69ee2ba646f0b\" class=\"forminator-radio\" title=\"D\u1ecbch v\u1ee5 l\u00e0m \u0111\u1eb9p v\u00e0 spa\"><input type=\"radio\" name=\"radio-1\" value=\"D\u1ecbch-v\u1ee5-l\u00e0m-\u0111\u1eb9p-v\u00e0-spa\" id=\"forminator-field-radio-1-5-69ee2ba646f0b\" aria-labelledby=\"forminator-field-radio-1-label-5\" data-calculation=\"0\"   data-hidden-behavior=\"zero\"\/><span class=\"forminator-radio-bullet\" aria-hidden=\"true\"><\/span><span class=\"forminator-radio-label\">D\u1ecbch v\u1ee5 l\u00e0m \u0111\u1eb9p v\u00e0 spa<\/span><\/label><label id=\"forminator-field-radio-1-label-6\" for=\"forminator-field-radio-1-6-69ee2ba646f0b\" class=\"forminator-radio\" title=\"D\u1ecbch v\u1ee5 dinh d\u01b0\u1ee1ng\"><input type=\"radio\" name=\"radio-1\" value=\"D\u1ecbch-v\u1ee5-dinh-d\u01b0\u1ee1ng\" id=\"forminator-field-radio-1-6-69ee2ba646f0b\" aria-labelledby=\"forminator-field-radio-1-label-6\" data-calculation=\"0\"   data-hidden-behavior=\"zero\"\/><span class=\"forminator-radio-bullet\" aria-hidden=\"true\"><\/span><span class=\"forminator-radio-label\">D\u1ecbch v\u1ee5 dinh d\u01b0\u1ee1ng<\/span><\/label><\/div><\/div><\/div><input type=\"hidden\" name=\"referer_url\" value=\"\" \/><div class=\"forminator-row forminator-row-last\"><div class=\"forminator-col\"><div class=\"forminator-field\"><button class=\"forminator-button forminator-button-submit\">\u0110\u1eb6T L\u1ecaCH KH&Aacute;M<\/button><\/div><\/div><\/div><input type=\"hidden\" id=\"forminator_nonce\" name=\"forminator_nonce\" value=\"6cae4163d5\" \/><input type=\"hidden\" name=\"_wp_http_referer\" value=\"\/index.php\/wp-json\/wp\/v2\/pages\/113\" \/><input type=\"hidden\" name=\"form_id\" value=\"355\"><input type=\"hidden\" name=\"page_id\" value=\"113\"><input type=\"hidden\" name=\"form_type\" value=\"default\"><input type=\"hidden\" name=\"current_url\" value=\"https:\/\/hanhtrinhkydieu.id.vn\/index.php\/spa-thu-gian\/\"><input type=\"hidden\" name=\"render_id\" value=\"0\"><input type=\"hidden\" name=\"action\" value=\"forminator_submit_form_custom-forms\"><\/form><\/div>\n\t\t\t\t\t\t<\/div>\n\t\t\t\t<\/div>\n\t\t\t\t<\/div>\n\t\t","protected":false},"excerpt":{"rendered":"<p>SPA TH\u01af GI\u00c3N V\u00ec sao l\u1ea1i c\u1ea7n \u0111\u1ebfn d\u1ecbch v\u1ee5 spa th\u01b0 gi\u00e3n cho th\u00fa c\u01b0ng ? D\u00f9 l\u00e0 \u0111\u1ed9ng v\u1eadt ( ch\u00f3, m\u00e8o,\u2026) hay l\u00e0 con ng\u01b0\u1eddi th\u00ec \u0111\u1ec1u l\u00e0 nh\u1eefng sinh v\u1eadt s\u1ed1ng, c\u00f3 c\u1ea3m x\u00fac, c\u00f3 nh\u1eadn th\u1ee9c. L\u00e0 m\u1ed9t th\u01b0\u01a1ng hi\u1ec7u chuy\u00ean cung c\u1ea5p c\u00e1c d\u1ecbch v\u1ee5 cho th\u00fa c\u01b0ng ,&#8230;<\/p>\n","protected":false},"author":1,"featured_media":0,"parent":0,"menu_order":0,"comment_status":"closed","ping_status":"closed","template":"","meta":{"_kadence_starter_templates_imported_post":false,"_kad_post_transparent":"","_kad_post_title":"hide","_kad_post_layout":"fullwidth","_kad_post_sidebar_id":"","_kad_post_content_style":"unboxed","_kad_post_vertical_padding":"hide","_kad_post_feature":"hide","_kad_post_feature_position":"","_kad_post_header":false,"_kad_post_footer":false,"_kad_post_classname":"","footnotes":""},"class_list":["post-113","page","type-page","status-publish","hentry"],"_links":{"self":[{"href":"https:\/\/hanhtrinhkydieu.id.vn\/index.php\/wp-json\/wp\/v2\/pages\/113","targetHints":{"allow":["GET"]}}],"collection":[{"href":"https:\/\/hanhtrinhkydieu.id.vn\/index.php\/wp-json\/wp\/v2\/pages"}],"about":[{"href":"https:\/\/hanhtrinhkydieu.id.vn\/index.php\/wp-json\/wp\/v2\/types\/page"}],"author":[{"embeddable":true,"href":"https:\/\/hanhtrinhkydieu.id.vn\/index.php\/wp-json\/wp\/v2\/users\/1"}],"replies":[{"embeddable":true,"href":"https:\/\/hanhtrinhkydieu.id.vn\/index.php\/wp-json\/wp\/v2\/comments?post=113"}],"version-history":[{"count":4,"href":"https:\/\/hanhtrinhkydieu.id.vn\/index.php\/wp-json\/wp\/v2\/pages\/113\/revisions"}],"predecessor-version":[{"id":525,"href":"https:\/\/hanhtrinhkydieu.id.vn\/index.php\/wp-json\/wp\/v2\/pages\/113\/revisions\/525"}],"wp:attachment":[{"href":"https:\/\/hanhtrinhkydieu.id.vn\/index.php\/wp-json\/wp\/v2\/media?parent=113"}],"curies":[{"name":"wp","href":"https:\/\/api.w.org\/{rel}","templated":true}]}}