{"id":115,"date":"2024-12-09T04:03:26","date_gmt":"2024-12-09T04:03:26","guid":{"rendered":"https:\/\/hanhtrinhkydieu.id.vn\/?page_id=115"},"modified":"2024-12-12T07:37:23","modified_gmt":"2024-12-12T07:37:23","slug":"tao-kieu-thoi-trang","status":"publish","type":"page","link":"https:\/\/hanhtrinhkydieu.id.vn\/index.php\/tao-kieu-thoi-trang\/","title":{"rendered":"T\u1ea1o ki\u1ec3u th\u1eddi trang"},"content":{"rendered":"\t\t<div data-elementor-type=\"wp-page\" data-elementor-id=\"115\" class=\"elementor elementor-115\">\n\t\t\t\t<div class=\"elementor-element elementor-element-d4ac232 e-flex e-con-boxed e-con e-parent\" data-id=\"d4ac232\" data-element_type=\"container\" data-e-type=\"container\" data-settings=\"{&quot;background_background&quot;:&quot;classic&quot;}\">\n\t\t\t\t\t<div class=\"e-con-inner\">\n\t\t\t\t<div class=\"elementor-element elementor-element-b1eecc2 animated-slow elementor-invisible elementor-widget elementor-widget-heading\" data-id=\"b1eecc2\" data-element_type=\"widget\" data-e-type=\"widget\" data-settings=\"{&quot;_animation&quot;:&quot;fadeInUp&quot;}\" data-widget_type=\"heading.default\">\n\t\t\t\t\t<h2 class=\"elementor-heading-title elementor-size-default\">T\u1ea0O KI\u1ec2U TH\u1edcI TRANG<\/h2>\t\t\t\t<\/div>\n\t\t\t\t\t<\/div>\n\t\t\t\t<\/div>\n\t\t<div class=\"elementor-element elementor-element-debb7fa e-flex e-con-boxed e-con e-parent\" data-id=\"debb7fa\" data-element_type=\"container\" data-e-type=\"container\">\n\t\t\t\t\t<div class=\"e-con-inner\">\n\t\t<div class=\"elementor-element elementor-element-53ee1a7 e-con-full e-flex e-con e-child\" data-id=\"53ee1a7\" data-element_type=\"container\" data-e-type=\"container\">\n\t\t\t\t<div class=\"elementor-element elementor-element-49b3917 elementor-widget elementor-widget-image\" data-id=\"49b3917\" data-element_type=\"widget\" data-e-type=\"widget\" data-widget_type=\"image.default\">\n\t\t\t\t\t\t\t\t\t\t\t\t\t\t\t<img fetchpriority=\"high\" decoding=\"async\" width=\"602\" height=\"372\" src=\"https:\/\/hanhtrinhkydieu.id.vn\/wp-content\/uploads\/2024\/12\/2b1cd30fd39169cf3080.jpg\" class=\"attachment-large size-large wp-image-475\" alt=\"\" srcset=\"https:\/\/hanhtrinhkydieu.id.vn\/wp-content\/uploads\/2024\/12\/2b1cd30fd39169cf3080.jpg 602w, https:\/\/hanhtrinhkydieu.id.vn\/wp-content\/uploads\/2024\/12\/2b1cd30fd39169cf3080-300x185.jpg 300w, https:\/\/hanhtrinhkydieu.id.vn\/wp-content\/uploads\/2024\/12\/2b1cd30fd39169cf3080-24x15.jpg 24w, https:\/\/hanhtrinhkydieu.id.vn\/wp-content\/uploads\/2024\/12\/2b1cd30fd39169cf3080-36x22.jpg 36w, https:\/\/hanhtrinhkydieu.id.vn\/wp-content\/uploads\/2024\/12\/2b1cd30fd39169cf3080-48x30.jpg 48w, https:\/\/hanhtrinhkydieu.id.vn\/wp-content\/uploads\/2024\/12\/2b1cd30fd39169cf3080-600x371.jpg 600w\" sizes=\"(max-width: 602px) 100vw, 602px\" \/>\t\t\t\t\t\t\t\t\t\t\t\t\t\t\t<\/div>\n\t\t\t\t<\/div>\n\t\t<div class=\"elementor-element elementor-element-408ca79 e-con-full e-flex e-con e-child\" data-id=\"408ca79\" data-element_type=\"container\" data-e-type=\"container\">\n\t\t\t\t<div class=\"elementor-element elementor-element-00ca941 animated-slow elementor-invisible elementor-widget elementor-widget-heading\" data-id=\"00ca941\" data-element_type=\"widget\" data-e-type=\"widget\" data-settings=\"{&quot;_animation&quot;:&quot;fadeInUp&quot;}\" data-widget_type=\"heading.default\">\n\t\t\t\t\t<h2 class=\"elementor-heading-title elementor-size-default\">T\u1ea1i sao c\u1ea7n ph\u1ea3i t\u1ea1o ki\u1ec3u th\u1eddi trang cho th\u00fa c\u01b0ng?<\/h2>\t\t\t\t<\/div>\n\t\t\t\t<div class=\"elementor-element elementor-element-1dcfb49 elementor-widget elementor-widget-text-editor\" data-id=\"1dcfb49\" data-element_type=\"widget\" data-e-type=\"widget\" data-widget_type=\"text-editor.default\">\n\t\t\t\t\t\t\t\t\t<p>Nh\u01b0 m\u1ed9t th\u00e0nh vi\u00ean trong gia \u0111\u00ecnh<\/p><p>Th\u1ec3 hi\u1ec7n c\u00e1 t\u00ednh v\u00e0 phong c\u00e1ch c\u1ee7a ch\u1ee7 nh\u00e2n<\/p><p>Th\u1eddi trang th\u00fa c\u01b0ng \u0111ang tr\u1edf th\u00e0nh m\u1ed9t xu h\u01b0\u1edbng \u0111\u01b0\u1ee3c nhi\u1ec1u ng\u01b0\u1eddi quan t\u00e2<\/p>\t\t\t\t\t\t\t\t<\/div>\n\t\t\t\t<\/div>\n\t\t\t\t\t<\/div>\n\t\t\t\t<\/div>\n\t\t<div class=\"elementor-element elementor-element-6ff64f6 e-flex e-con-boxed e-con e-parent\" data-id=\"6ff64f6\" data-element_type=\"container\" data-e-type=\"container\" data-settings=\"{&quot;background_background&quot;:&quot;classic&quot;}\">\n\t\t\t\t\t<div class=\"e-con-inner\">\n\t\t\t\t<div class=\"elementor-element elementor-element-65d33ec animated-slow elementor-invisible elementor-widget elementor-widget-heading\" data-id=\"65d33ec\" data-element_type=\"widget\" data-e-type=\"widget\" data-settings=\"{&quot;_animation&quot;:&quot;fadeInUp&quot;}\" data-widget_type=\"heading.default\">\n\t\t\t\t\t<h2 class=\"elementor-heading-title elementor-size-default\">B\u1ea1n c\u00f3 th\u1ec3 ch\u01b0a bi\u1ebft<\/h2>\t\t\t\t<\/div>\n\t\t\t\t\t<\/div>\n\t\t\t\t<\/div>\n\t\t<div class=\"elementor-element elementor-element-df8c064 e-flex e-con-boxed e-con e-parent\" data-id=\"df8c064\" data-element_type=\"container\" data-e-type=\"container\">\n\t\t\t\t\t<div class=\"e-con-inner\">\n\t\t\t\t<div class=\"elementor-element elementor-element-efee1f7 elementor-widget elementor-widget-text-editor\" data-id=\"efee1f7\" data-element_type=\"widget\" data-e-type=\"widget\" data-widget_type=\"text-editor.default\">\n\t\t\t\t\t\t\t\t\t<p>M\u1ed7i b\u1ed9 trang ph\u1ee5c th\u00fa c\u01b0ng \u0111\u1ec1u mang trong m\u00ecnh m\u1ed9t c\u00e2u chuy\u1ec7n \u2013 c\u00f3 th\u1ec3 l\u00e0 v\u1ec1 c\u00e1 t\u00ednh c\u1ee7a ch\u1ee7 nh\u00e2n, v\u1ec1 d\u1ecbp l\u1ec5 h\u1ed9i \u0111\u1eb7c bi\u1ec7t, hay \u0111\u01a1n gi\u1ea3n l\u00e0 \u0111\u1ec3 mang l\u1ea1i s\u1ef1 tho\u1ea3i m\u00e1i v\u00e0 b\u1ea3o v\u1ec7 cho th\u00fa c\u01b0ng kh\u1ecfi th\u1eddi ti\u1ebft kh\u1eafc nghi\u1ec7t.<\/p>\t\t\t\t\t\t\t\t<\/div>\n\t\t\t\t\t<\/div>\n\t\t\t\t<\/div>\n\t\t<div class=\"elementor-element elementor-element-d7a12d6 e-flex e-con-boxed e-con e-parent\" data-id=\"d7a12d6\" data-element_type=\"container\" data-e-type=\"container\" data-settings=\"{&quot;background_background&quot;:&quot;classic&quot;}\">\n\t\t\t\t\t<div class=\"e-con-inner\">\n\t\t\t\t<div class=\"elementor-element elementor-element-830decf animated-slow elementor-invisible elementor-widget elementor-widget-heading\" data-id=\"830decf\" data-element_type=\"widget\" data-e-type=\"widget\" data-settings=\"{&quot;_animation&quot;:&quot;fadeInUp&quot;}\" data-widget_type=\"heading.default\">\n\t\t\t\t\t<h2 class=\"elementor-heading-title elementor-size-default\">C\u00e1c c\u00e2u h\u1ecfi th\u01b0\u1eddng g\u1eb7p<\/h2>\t\t\t\t<\/div>\n\t\t\t\t\t<\/div>\n\t\t\t\t<\/div>\n\t\t<div class=\"elementor-element elementor-element-12ef7f5 e-flex e-con-boxed e-con e-parent\" data-id=\"12ef7f5\" data-element_type=\"container\" data-e-type=\"container\" data-settings=\"{&quot;background_background&quot;:&quot;classic&quot;}\">\n\t\t\t\t\t<div class=\"e-con-inner\">\n\t\t\t\t<div class=\"elementor-element elementor-element-e3ebd58 elementor-widget elementor-widget-text-editor\" data-id=\"e3ebd58\" data-element_type=\"widget\" data-e-type=\"widget\" data-widget_type=\"text-editor.default\">\n\t\t\t\t\t\t\t\t\t<p><b>D\u1ecbch v\u1ee5 t\u1ea1o ki\u1ec3u th\u1eddi trang cho th\u00fa c\u01b0ng bao g\u1ed3m nh\u1eefng g\u00ec?<\/b><\/p><p>Ngo\u00e0i c\u1eaft t\u1ec9a l\u00f4ng c\u01a1 b\u1ea3n, ti\u1ec7m ch\u00fang t\u00f4i c\u00f2n cung c\u1ea5p c\u00e1c d\u1ecbch v\u1ee5 nh\u01b0 t\u1eafm spa v\u1edbi c\u00e1c lo\u1ea1i d\u1ea7u g\u1ed9i cao c\u1ea5p, nhu\u1ed9m m\u00e0u l\u00f4ng an to\u00e0n, t\u1ea1o ki\u1ec3u \u0111\u1ed9c \u0111\u00e1o, c\u1eaft m\u00f3ng, v\u1ec7 sinh tai, v\u1eaft tuy\u1ebfn h\u00f4i, v\u00e0 th\u1eadm ch\u00ed c\u1ea3 d\u1ecbch v\u1ee5 spa m\u1eaft cho nh\u1eefng b\u00e9 c\u00f3 l\u00f4ng mi d\u00e0i.C\u00e1c ki\u1ec3u d\u00e1ng ph\u1ed5 bi\u1ebfn hi\u1ec7n nay l\u00e0 g\u00ec?<\/p><p><b>C\u00f3 th\u1ec3 gi\u1edbi thi\u1ec7u nh\u1eefng ki\u1ec3u d\u00e1ng \u0111ang \u0111\u01b0\u1ee3c \u01b0a chu\u1ed9ng hi\u1ec7n nay, ph\u00f9 h\u1ee3p v\u1edbi t\u1eebng lo\u1ea1i ch\u00f3 m\u00e8o<\/b><\/p><p>Hi\u1ec7n nay, c\u00e1c ki\u1ec3u d\u00e1ng ph\u1ed5 bi\u1ebfn bao g\u1ed3m: c\u1eaft s\u01b0 t\u1eed, c\u1eaft g\u1ea5u, c\u1eaft t\u1ec9a theo ch\u1ee7 \u0111\u1ec1 (v\u00ed d\u1ee5: c\u1eaft h\u00ecnh tr\u00e1i tim, ng\u00f4i sao), c\u1eaft t\u1ec9a theo gi\u1ed1ng ch\u00f3 (v\u00ed d\u1ee5: poodle, shih tzu),&#8230; Ngo\u00e0i ra, ch\u00fang t\u00f4i c\u00f2n c\u00f3 th\u1ec3 t\u01b0 v\u1ea5n v\u00e0 t\u1ea1o ki\u1ec3u theo y\u00eau c\u1ea7u c\u1ee7a kh\u00e1ch h\u00e0ng.<\/p>\t\t\t\t\t\t\t\t<\/div>\n\t\t\t\t\t<\/div>\n\t\t\t\t<\/div>\n\t\t<div class=\"elementor-element elementor-element-4304a12 e-flex e-con-boxed e-con e-parent\" data-id=\"4304a12\" data-element_type=\"container\" data-e-type=\"container\" data-settings=\"{&quot;background_background&quot;:&quot;classic&quot;}\">\n\t\t\t\t\t<div class=\"e-con-inner\">\n\t\t\t\t<div class=\"elementor-element elementor-element-da04d37 animated-slow elementor-invisible elementor-widget elementor-widget-heading\" data-id=\"da04d37\" data-element_type=\"widget\" data-e-type=\"widget\" data-settings=\"{&quot;_animation&quot;:&quot;fadeInUp&quot;}\" data-widget_type=\"heading.default\">\n\t\t\t\t\t<h2 class=\"elementor-heading-title elementor-size-default\">Quy tr\u00ecnh t\u1ea1o ki\u1ec3u th\u1eddi trang<\/h2>\t\t\t\t<\/div>\n\t\t\t\t\t<\/div>\n\t\t\t\t<\/div>\n\t\t<div class=\"elementor-element elementor-element-86485ef e-flex e-con-boxed e-con e-parent\" data-id=\"86485ef\" data-element_type=\"container\" data-e-type=\"container\">\n\t\t\t\t\t<div class=\"e-con-inner\">\n\t\t\t\t<div class=\"elementor-element elementor-element-be9918a elementor-widget elementor-widget-text-editor\" data-id=\"be9918a\" data-element_type=\"widget\" data-e-type=\"widget\" data-widget_type=\"text-editor.default\">\n\t\t\t\t\t\t\t\t\t<p><b>1. Ti\u1ebfp nh\u1eadn v\u00e0 kh\u00e1m s\u1ee9c kh\u1ecfe ban \u0111\u1ea7u<\/b>: Nh\u00e2n vi\u00ean s\u1ebd ti\u1ebfp nh\u1eadn th\u00fa c\u01b0ng t\u1eeb ch\u1ee7, ki\u1ec3m tra xem th\u00fa c\u01b0ng c\u00f3 kh\u1ecfe m\u1ea1nh, s\u1ea1ch s\u1ebd kh\u00f4ng.<\/p><p><b>2. T\u01b0 v\u1ea5n ki\u1ec3u d\u00e1ng<\/b>: Sau khi kh\u00e1m, nh\u00e2n vi\u00ean s\u1ebd t\u01b0 v\u1ea5n cho kh\u00e1ch h\u00e0ng v\u1ec1 c\u00e1c ki\u1ec3u d\u00e1ng ph\u00f9 h\u1ee3p v\u1edbi lo\u1ea1i l\u00f4ng, k\u00edch th\u01b0\u1edbc v\u00e0 \u0111\u1eb7c \u0111i\u1ec3m c\u1ee7a th\u00fa c\u01b0ng.<\/p><p><b>3. Chu\u1ea9n b\u1ecb d\u1ee5ng c\u1ee5:<\/b> \u0110\u1ea3m b\u1ea3o \u0111\u1ea7y \u0111\u1ee7 c\u00e1c d\u1ee5ng c\u1ee5 c\u1ea7n thi\u1ebft nh\u01b0 m\u00e1y c\u1eaft l\u00f4ng, k\u00e9o, l\u01b0\u1ee3c, m\u00e1y s\u1ea5y, c\u00e1c lo\u1ea1i d\u1ea7u g\u1ed9i, x\u1ea3 chuy\u00ean d\u1ee5ng cho th\u00fa c\u01b0ng.<\/p><p><b>4. T\u1ea1o ki\u1ec3u<\/b>: S\u1eed d\u1ee5ng c\u00e1c d\u1ee5ng c\u1ee5 chuy\u00ean d\u1ee5ng \u0111\u1ec3 t\u1ea1o c\u00e1c ki\u1ec3u d\u00e1ng c\u1ea7u k\u1ef3 h\u01a1n nh\u01b0 t\u1ea1o h\u00ecnh, nhu\u1ed9m m\u00e0u (n\u1ebfu c\u00f3).<\/p><p><b>5. Ki\u1ec3m tra l\u1ea1i v\u00e0 b\u00e0n giao<\/b>: Ki\u1ec3m tra k\u1ef9 l\u01b0\u1ee1ng to\u00e0n b\u1ed9 c\u01a1 th\u1ec3 c\u1ee7a th\u00fa c\u01b0ng \u0111\u1ec3 \u0111\u1ea3m b\u1ea3o kh\u00f4ng c\u00f2n b\u1ea5t k\u1ef3 s\u1ee3i l\u00f4ng n\u00e0o b\u1ecb s\u00f3t, v\u00e0 b\u00e0n giao cho kh\u00e1ch h\u00e0ng<\/p>\t\t\t\t\t\t\t\t<\/div>\n\t\t\t\t\t<\/div>\n\t\t\t\t<\/div>\n\t\t<div class=\"elementor-element elementor-element-5e6d711 e-flex e-con-boxed e-con e-parent\" data-id=\"5e6d711\" data-element_type=\"container\" data-e-type=\"container\" data-settings=\"{&quot;background_background&quot;:&quot;classic&quot;}\">\n\t\t\t\t\t<div class=\"e-con-inner\">\n\t\t\t\t<div class=\"elementor-element elementor-element-e3f822b animated-slow elementor-invisible elementor-widget elementor-widget-heading\" data-id=\"e3f822b\" data-element_type=\"widget\" data-e-type=\"widget\" data-settings=\"{&quot;_animation&quot;:&quot;fadeInUp&quot;}\" data-widget_type=\"heading.default\">\n\t\t\t\t\t<h2 class=\"elementor-heading-title elementor-size-default\">\u0110\u1eb6T L\u1ecaCH H\u1eb8N TR\u1ef0C TUY\u1ebeN \u0110\u1ec2 \u0110\u01af\u1ee2C PH\u1ee4C V\u1ee4 NGAY KHI \u0110\u1ebeN PH\u00d2NG KH\u00c1M<\/h2>\t\t\t\t<\/div>\n\t\t\t\t\t<\/div>\n\t\t\t\t<\/div>\n\t\t<div class=\"elementor-element elementor-element-ec640cc e-con-full e-flex e-con e-parent\" data-id=\"ec640cc\" data-element_type=\"container\" data-e-type=\"container\" data-settings=\"{&quot;background_background&quot;:&quot;classic&quot;}\">\n\t\t\t\t<div class=\"elementor-element elementor-element-72c97b4b elementor-widget elementor-widget-shortcode\" data-id=\"72c97b4b\" data-element_type=\"widget\" data-e-type=\"widget\" data-widget_type=\"shortcode.default\">\n\t\t\t\t\t\t\t<div class=\"elementor-shortcode\"><div class=\"forminator-ui forminator-custom-form forminator-custom-form-355 forminator-design--default  forminator_ajax\" data-forminator-render=\"0\" data-form=\"forminator-module-355\" data-uid=\"69ee2ec069fcb\"><br\/><\/div><form\n\t\t\t\tid=\"forminator-module-355\"\n\t\t\t\tclass=\"forminator-ui forminator-custom-form forminator-custom-form-355 forminator-design--default  forminator_ajax\"\n\t\t\t\tmethod=\"post\"\n\t\t\t\tdata-forminator-render=\"0\"\n\t\t\t\tdata-form-id=\"355\"\n\t\t\t\t data-color-option=\"theme\" data-design=\"default\" data-grid=\"open\" style=\"display: none;\"\n\t\t\t\tdata-uid=\"69ee2ec069fcb\"\n\t\t\t><div role=\"alert\" aria-live=\"polite\" class=\"forminator-response-message forminator-error\" aria-hidden=\"true\"><\/div><div class=\"forminator-row\"><div id=\"name-1\" class=\"forminator-field-name forminator-col forminator-col-12 \"><div class=\"forminator-field\"><label for=\"forminator-field-name-1_69ee2ec069fcb\" id=\"forminator-field-name-1_69ee2ec069fcb-label\" class=\"forminator-label\">H\u1ecd v\u00e0 t\u00ean<\/label><input type=\"text\" name=\"name-1\" value=\"\" placeholder=\"H\u1ecd v\u00e0 t\u00ean\" id=\"forminator-field-name-1_69ee2ec069fcb\" class=\"forminator-input forminator-name--field\" aria-required=\"false\" autocomplete=\"name\" \/><\/div><\/div><\/div><div class=\"forminator-row\"><div id=\"phone-1\" class=\"forminator-field-phone forminator-col forminator-col-12 \"><div class=\"forminator-field\"><label for=\"forminator-field-phone-1_69ee2ec069fcb\" id=\"forminator-field-phone-1_69ee2ec069fcb-label\" class=\"forminator-label\">S\u1ed1 \u0111i\u1ec7n tho\u1ea1i<\/label><input type=\"text\" name=\"phone-1\" value=\"\" placeholder=\"S\u1ed1 \u0111i\u1ec7n tho\u1ea1i\" id=\"forminator-field-phone-1_69ee2ec069fcb\" class=\"forminator-input forminator-field--phone\" data-required=\"\" aria-required=\"false\" autocomplete=\"off\" \/><\/div><\/div><\/div><div class=\"forminator-row\"><div id=\"date-1\" class=\"forminator-field-date forminator-col forminator-col-12 \"><div class=\"forminator-field\"><label for=\"forminator-field-date-1-picker_69ee2ec069fcb\" id=\"forminator-field-date-1-picker_69ee2ec069fcb-label\" class=\"forminator-label\">Ng\u00e0y \u0111\u1ebfn kh\u00e1m<\/label><div class=\"forminator-input-with-icon\"><span class=\"forminator-icon-calendar\" aria-hidden=\"true\"><\/span><input autocomplete=\"off\" type=\"text\" size=\"1\" name=\"date-1\" value=\"\" placeholder=\"Ng\u00e0y \u0111\u1ebfn kh\u00e1m\" id=\"forminator-field-date-1-picker_69ee2ec069fcb\" class=\"forminator-input forminator-datepicker\" data-required=\"\" data-format=\"dd-mm-yy\" data-restrict-type=\"\" data-restrict=\"\" data-start-year=\"1926\" data-end-year=\"2126\" data-past-dates=\"enable\" data-start-of-week=\"1\" data-start-date=\"\" data-end-date=\"\" data-start-field=\"\" data-end-field=\"\" data-start-offset=\"\" data-end-offset=\"\" data-disable-date=\"\" data-disable-range=\"\" \/><\/div><\/div><\/div><\/div><div class=\"forminator-row\"><div id=\"radio-1\" class=\"forminator-field-radio forminator-col forminator-col-12 \"><div role=\"radiogroup\" class=\"forminator-field\" aria-labelledby=\"forminator-radiogroup-radio-1-69ee2ec069fcb-label\"><span id=\"forminator-radiogroup-radio-1-69ee2ec069fcb-label\" class=\"forminator-label\">L\u1ef1a ch\u1ecdn d\u1ecbch v\u1ee5 <span class=\"forminator-required\">*<\/span><\/span><label id=\"forminator-field-radio-1-label-1\" for=\"forminator-field-radio-1-1-69ee2ec069fcb\" class=\"forminator-radio\" title=\"D\u1ecbch v\u1ee5 ch\u0103m s\u00f3c c\u01a1 b\u1ea3n\"><input type=\"radio\" name=\"radio-1\" value=\"one\" id=\"forminator-field-radio-1-1-69ee2ec069fcb\" aria-labelledby=\"forminator-field-radio-1-label-1\" data-calculation=\"0\"   data-hidden-behavior=\"zero\"\/><span class=\"forminator-radio-bullet\" aria-hidden=\"true\"><\/span><span class=\"forminator-radio-label\">D\u1ecbch v\u1ee5 ch\u0103m s\u00f3c c\u01a1 b\u1ea3n<\/span><\/label><label id=\"forminator-field-radio-1-label-2\" for=\"forminator-field-radio-1-2-69ee2ec069fcb\" class=\"forminator-radio\" title=\"D\u1ecbch v\u1ee5 ch\u0103m s\u00f3c s\u1ee9c kh\u1ecfe\"><input type=\"radio\" name=\"radio-1\" value=\"two\" id=\"forminator-field-radio-1-2-69ee2ec069fcb\" aria-labelledby=\"forminator-field-radio-1-label-2\" data-calculation=\"0\"   data-hidden-behavior=\"zero\"\/><span class=\"forminator-radio-bullet\" aria-hidden=\"true\"><\/span><span class=\"forminator-radio-label\">D\u1ecbch v\u1ee5 ch\u0103m s\u00f3c s\u1ee9c kh\u1ecfe<\/span><\/label><label id=\"forminator-field-radio-1-label-3\" for=\"forminator-field-radio-1-3-69ee2ec069fcb\" class=\"forminator-radio\" title=\"D\u1ecbch v\u1ee5 hu\u1ea5n luy\u1ec7n\"><input type=\"radio\" name=\"radio-1\" value=\"D\u1ecbch-v\u1ee5-hu\u1ea5n-luy\u1ec7n\" id=\"forminator-field-radio-1-3-69ee2ec069fcb\" aria-labelledby=\"forminator-field-radio-1-label-3\" data-calculation=\"0\"   data-hidden-behavior=\"zero\"\/><span class=\"forminator-radio-bullet\" aria-hidden=\"true\"><\/span><span class=\"forminator-radio-label\">D\u1ecbch v\u1ee5 hu\u1ea5n luy\u1ec7n<\/span><\/label><label id=\"forminator-field-radio-1-label-4\" for=\"forminator-field-radio-1-4-69ee2ec069fcb\" class=\"forminator-radio\" title=\"D\u1ecbch v\u1ee5 tr\u00f4ng gi\u1eef v\u00e0 ch\u0103m s\u00f3c t\u1ea1i nh\u00e0\"><input type=\"radio\" name=\"radio-1\" value=\"D\u1ecbch-v\u1ee5-tr\u00f4ng-gi\u1eef-v\u00e0-ch\u0103m-s\u00f3c-t\u1ea1i-nh\u00e0\" id=\"forminator-field-radio-1-4-69ee2ec069fcb\" aria-labelledby=\"forminator-field-radio-1-label-4\" data-calculation=\"0\"   data-hidden-behavior=\"zero\"\/><span class=\"forminator-radio-bullet\" aria-hidden=\"true\"><\/span><span class=\"forminator-radio-label\">D\u1ecbch v\u1ee5 tr\u00f4ng gi\u1eef v\u00e0 ch\u0103m s\u00f3c t\u1ea1i nh\u00e0<\/span><\/label><label id=\"forminator-field-radio-1-label-5\" for=\"forminator-field-radio-1-5-69ee2ec069fcb\" class=\"forminator-radio\" title=\"D\u1ecbch v\u1ee5 l\u00e0m \u0111\u1eb9p v\u00e0 spa\"><input type=\"radio\" name=\"radio-1\" value=\"D\u1ecbch-v\u1ee5-l\u00e0m-\u0111\u1eb9p-v\u00e0-spa\" id=\"forminator-field-radio-1-5-69ee2ec069fcb\" aria-labelledby=\"forminator-field-radio-1-label-5\" data-calculation=\"0\"   data-hidden-behavior=\"zero\"\/><span class=\"forminator-radio-bullet\" aria-hidden=\"true\"><\/span><span class=\"forminator-radio-label\">D\u1ecbch v\u1ee5 l\u00e0m \u0111\u1eb9p v\u00e0 spa<\/span><\/label><label id=\"forminator-field-radio-1-label-6\" for=\"forminator-field-radio-1-6-69ee2ec069fcb\" class=\"forminator-radio\" title=\"D\u1ecbch v\u1ee5 dinh d\u01b0\u1ee1ng\"><input type=\"radio\" name=\"radio-1\" value=\"D\u1ecbch-v\u1ee5-dinh-d\u01b0\u1ee1ng\" id=\"forminator-field-radio-1-6-69ee2ec069fcb\" aria-labelledby=\"forminator-field-radio-1-label-6\" data-calculation=\"0\"   data-hidden-behavior=\"zero\"\/><span class=\"forminator-radio-bullet\" aria-hidden=\"true\"><\/span><span class=\"forminator-radio-label\">D\u1ecbch v\u1ee5 dinh d\u01b0\u1ee1ng<\/span><\/label><\/div><\/div><\/div><input type=\"hidden\" name=\"referer_url\" value=\"\" \/><div class=\"forminator-row forminator-row-last\"><div class=\"forminator-col\"><div class=\"forminator-field\"><button class=\"forminator-button forminator-button-submit\">\u0110\u1eb6T L\u1ecaCH KH&Aacute;M<\/button><\/div><\/div><\/div><input type=\"hidden\" id=\"forminator_nonce\" name=\"forminator_nonce\" value=\"6cae4163d5\" \/><input type=\"hidden\" name=\"_wp_http_referer\" value=\"\/index.php\/wp-json\/wp\/v2\/pages\/115\" \/><input type=\"hidden\" name=\"form_id\" value=\"355\"><input type=\"hidden\" name=\"page_id\" value=\"115\"><input type=\"hidden\" name=\"form_type\" value=\"default\"><input type=\"hidden\" name=\"current_url\" value=\"https:\/\/hanhtrinhkydieu.id.vn\/index.php\/tao-kieu-thoi-trang\/\"><input type=\"hidden\" name=\"render_id\" value=\"0\"><input type=\"hidden\" name=\"action\" value=\"forminator_submit_form_custom-forms\"><\/form><\/div>\n\t\t\t\t\t\t<\/div>\n\t\t\t\t<\/div>\n\t\t\t\t<\/div>\n\t\t","protected":false},"excerpt":{"rendered":"<p>T\u1ea0O KI\u1ec2U TH\u1edcI TRANG T\u1ea1i sao c\u1ea7n ph\u1ea3i t\u1ea1o ki\u1ec3u th\u1eddi trang cho th\u00fa c\u01b0ng? Nh\u01b0 m\u1ed9t th\u00e0nh vi\u00ean trong gia \u0111\u00ecnh Th\u1ec3 hi\u1ec7n c\u00e1 t\u00ednh v\u00e0 phong c\u00e1ch c\u1ee7a ch\u1ee7 nh\u00e2n Th\u1eddi trang th\u00fa c\u01b0ng \u0111ang tr\u1edf th\u00e0nh m\u1ed9t xu h\u01b0\u1edbng \u0111\u01b0\u1ee3c nhi\u1ec1u ng\u01b0\u1eddi quan t\u00e2 B\u1ea1n c\u00f3 th\u1ec3 ch\u01b0a bi\u1ebft M\u1ed7i b\u1ed9 trang&#8230;<\/p>\n","protected":false},"author":1,"featured_media":0,"parent":0,"menu_order":0,"comment_status":"closed","ping_status":"closed","template":"","meta":{"_kadence_starter_templates_imported_post":false,"_kad_post_transparent":"","_kad_post_title":"hide","_kad_post_layout":"fullwidth","_kad_post_sidebar_id":"","_kad_post_content_style":"unboxed","_kad_post_vertical_padding":"hide","_kad_post_feature":"hide","_kad_post_feature_position":"","_kad_post_header":false,"_kad_post_footer":false,"_kad_post_classname":"","footnotes":""},"class_list":["post-115","page","type-page","status-publish","hentry"],"_links":{"self":[{"href":"https:\/\/hanhtrinhkydieu.id.vn\/index.php\/wp-json\/wp\/v2\/pages\/115","targetHints":{"allow":["GET"]}}],"collection":[{"href":"https:\/\/hanhtrinhkydieu.id.vn\/index.php\/wp-json\/wp\/v2\/pages"}],"about":[{"href":"https:\/\/hanhtrinhkydieu.id.vn\/index.php\/wp-json\/wp\/v2\/types\/page"}],"author":[{"embeddable":true,"href":"https:\/\/hanhtrinhkydieu.id.vn\/index.php\/wp-json\/wp\/v2\/users\/1"}],"replies":[{"embeddable":true,"href":"https:\/\/hanhtrinhkydieu.id.vn\/index.php\/wp-json\/wp\/v2\/comments?post=115"}],"version-history":[{"count":4,"href":"https:\/\/hanhtrinhkydieu.id.vn\/index.php\/wp-json\/wp\/v2\/pages\/115\/revisions"}],"predecessor-version":[{"id":529,"href":"https:\/\/hanhtrinhkydieu.id.vn\/index.php\/wp-json\/wp\/v2\/pages\/115\/revisions\/529"}],"wp:attachment":[{"href":"https:\/\/hanhtrinhkydieu.id.vn\/index.php\/wp-json\/wp\/v2\/media?parent=115"}],"curies":[{"name":"wp","href":"https:\/\/api.w.org\/{rel}","templated":true}]}}