{"id":187,"date":"2024-12-10T10:40:34","date_gmt":"2024-12-10T10:40:34","guid":{"rendered":"https:\/\/hanhtrinhkydieu.id.vn\/?page_id=187"},"modified":"2024-12-12T07:27:09","modified_gmt":"2024-12-12T07:27:09","slug":"bang-gia-dich-vu-huan-luyen","status":"publish","type":"page","link":"https:\/\/hanhtrinhkydieu.id.vn\/index.php\/bang-gia-dich-vu-huan-luyen\/","title":{"rendered":"B\u1ea3ng gi\u00e1 d\u1ecbch v\u1ee5 hu\u1ea5n luy\u1ec7n"},"content":{"rendered":"\t\t<div data-elementor-type=\"wp-page\" data-elementor-id=\"187\" class=\"elementor elementor-187\">\n\t\t\t\t<div class=\"elementor-element elementor-element-4b7e1f7 e-flex e-con-boxed e-con e-parent\" data-id=\"4b7e1f7\" data-element_type=\"container\" data-e-type=\"container\" data-settings=\"{&quot;background_background&quot;:&quot;classic&quot;}\">\n\t\t\t\t\t<div class=\"e-con-inner\">\n\t\t\t\t<div class=\"elementor-element elementor-element-4727147 animated-slow elementor-invisible elementor-widget elementor-widget-heading\" data-id=\"4727147\" data-element_type=\"widget\" data-e-type=\"widget\" data-settings=\"{&quot;_animation&quot;:&quot;fadeInUp&quot;}\" data-widget_type=\"heading.default\">\n\t\t\t\t\t<h2 class=\"elementor-heading-title elementor-size-default\">B\u1ea3ng gi\u00e1 d\u1ecbch v\u1ee5 hu\u1ea5n luy\u1ec7n<\/h2>\t\t\t\t<\/div>\n\t\t\t\t\t<\/div>\n\t\t\t\t<\/div>\n\t\t<div class=\"elementor-element elementor-element-3d2031e e-flex e-con-boxed e-con e-parent\" data-id=\"3d2031e\" data-element_type=\"container\" data-e-type=\"container\" data-settings=\"{&quot;background_background&quot;:&quot;classic&quot;}\">\n\t\t\t\t\t<div class=\"e-con-inner\">\n\t\t<div class=\"elementor-element elementor-element-28f4dea e-con-full e-flex e-con e-child\" data-id=\"28f4dea\" data-element_type=\"container\" data-e-type=\"container\">\n\t\t\t\t<div class=\"elementor-element elementor-element-07afaac animated-slow elementor-invisible elementor-widget elementor-widget-heading\" data-id=\"07afaac\" data-element_type=\"widget\" data-e-type=\"widget\" data-settings=\"{&quot;_animation&quot;:&quot;fadeInUp&quot;}\" data-widget_type=\"heading.default\">\n\t\t\t\t\t<h2 class=\"elementor-heading-title elementor-size-default\">T\u00ean d\u1ecbch v\u1ee5<\/h2>\t\t\t\t<\/div>\n\t\t\t\t<\/div>\n\t\t<div class=\"elementor-element elementor-element-3d99565 e-con-full e-flex e-con e-child\" data-id=\"3d99565\" data-element_type=\"container\" data-e-type=\"container\">\n\t\t\t\t<div class=\"elementor-element elementor-element-fea8155 animated-slow elementor-invisible elementor-widget elementor-widget-heading\" data-id=\"fea8155\" data-element_type=\"widget\" data-e-type=\"widget\" data-settings=\"{&quot;_animation&quot;:&quot;fadeInUp&quot;}\" data-widget_type=\"heading.default\">\n\t\t\t\t\t<h2 class=\"elementor-heading-title elementor-size-default\">Gi\u00e1<\/h2>\t\t\t\t<\/div>\n\t\t\t\t<\/div>\n\t\t\t\t\t<\/div>\n\t\t\t\t<\/div>\n\t\t<div class=\"elementor-element elementor-element-a4658e2 e-flex e-con-boxed e-con e-parent\" data-id=\"a4658e2\" data-element_type=\"container\" data-e-type=\"container\">\n\t\t\t\t\t<div class=\"e-con-inner\">\n\t\t<div class=\"elementor-element elementor-element-4a78fa2 e-con-full e-flex e-con e-child\" data-id=\"4a78fa2\" data-element_type=\"container\" data-e-type=\"container\">\n\t\t\t\t<div class=\"elementor-element elementor-element-ae697f3 elementor-widget elementor-widget-text-editor\" data-id=\"ae697f3\" data-element_type=\"widget\" data-e-type=\"widget\" data-widget_type=\"text-editor.default\">\n\t\t\t\t\t\t\t\t\t<p style=\"text-align: center;\"><strong>Hu\u1ea5n luy\u1ec7n th\u00fa c\u01b0ng c\u1ee1 nh\u1ecf (&gt;15kg)<\/strong><\/p>\t\t\t\t\t\t\t\t<\/div>\n\t\t\t\t<\/div>\n\t\t<div class=\"elementor-element elementor-element-33f891b e-con-full e-flex e-con e-child\" data-id=\"33f891b\" data-element_type=\"container\" data-e-type=\"container\">\n\t\t\t\t<div class=\"elementor-element elementor-element-1eaf371 elementor-widget elementor-widget-text-editor\" data-id=\"1eaf371\" data-element_type=\"widget\" data-e-type=\"widget\" data-widget_type=\"text-editor.default\">\n\t\t\t\t\t\t\t\t\t<p style=\"text-align: center;\"><strong>2.500.000 VND<\/strong><\/p>\t\t\t\t\t\t\t\t<\/div>\n\t\t\t\t<\/div>\n\t\t\t\t\t<\/div>\n\t\t\t\t<\/div>\n\t\t<div class=\"elementor-element elementor-element-075b068 e-flex e-con-boxed e-con e-parent\" data-id=\"075b068\" data-element_type=\"container\" data-e-type=\"container\" data-settings=\"{&quot;background_background&quot;:&quot;classic&quot;}\">\n\t\t\t\t\t<div class=\"e-con-inner\">\n\t\t<div class=\"elementor-element elementor-element-91a781e e-con-full e-flex e-con e-child\" data-id=\"91a781e\" data-element_type=\"container\" data-e-type=\"container\">\n\t\t\t\t<div class=\"elementor-element elementor-element-099c6bf elementor-widget elementor-widget-text-editor\" data-id=\"099c6bf\" data-element_type=\"widget\" data-e-type=\"widget\" data-widget_type=\"text-editor.default\">\n\t\t\t\t\t\t\t\t\t<p style=\"text-align: center;\"><strong>Hu\u1ea5n luy\u1ec7n th\u00fa c\u01b0ng c\u1ee1 l\u1edbn (&lt;= 15kg)<\/strong><\/p>\t\t\t\t\t\t\t\t<\/div>\n\t\t\t\t<\/div>\n\t\t<div class=\"elementor-element elementor-element-e6005ee e-con-full e-flex e-con e-child\" data-id=\"e6005ee\" data-element_type=\"container\" data-e-type=\"container\">\n\t\t\t\t<div class=\"elementor-element elementor-element-fcb36db elementor-widget elementor-widget-text-editor\" data-id=\"fcb36db\" data-element_type=\"widget\" data-e-type=\"widget\" data-widget_type=\"text-editor.default\">\n\t\t\t\t\t\t\t\t\t<p style=\"text-align: center;\"><strong>3.500.000 VND<\/strong><\/p>\t\t\t\t\t\t\t\t<\/div>\n\t\t\t\t<\/div>\n\t\t\t\t\t<\/div>\n\t\t\t\t<\/div>\n\t\t<div class=\"elementor-element elementor-element-707dcc2 e-flex e-con-boxed e-con e-parent\" data-id=\"707dcc2\" data-element_type=\"container\" data-e-type=\"container\" data-settings=\"{&quot;background_background&quot;:&quot;classic&quot;}\">\n\t\t\t\t\t<div class=\"e-con-inner\">\n\t\t\t\t<div class=\"elementor-element elementor-element-c35a5a4 animated-slow elementor-invisible elementor-widget elementor-widget-heading\" data-id=\"c35a5a4\" data-element_type=\"widget\" data-e-type=\"widget\" data-settings=\"{&quot;_animation&quot;:&quot;fadeInUp&quot;}\" data-widget_type=\"heading.default\">\n\t\t\t\t\t<h2 class=\"elementor-heading-title elementor-size-default\">\u0110\u1eb6T L\u1ecaCH H\u1eb8N TR\u1ef0C TUY\u1ebeN \u0110\u1ec2 \u0110\u01af\u1ee2C PH\u1ee4C V\u1ee4 NGAY KHI \u0110\u1ebeN PH\u00d2NG KH\u00c1M\n<\/h2>\t\t\t\t<\/div>\n\t\t\t\t\t<\/div>\n\t\t\t\t<\/div>\n\t\t<div class=\"elementor-element elementor-element-27fd1514 e-con-full e-flex e-con e-parent\" data-id=\"27fd1514\" data-element_type=\"container\" data-e-type=\"container\" data-settings=\"{&quot;background_background&quot;:&quot;classic&quot;}\">\n\t\t\t\t<div class=\"elementor-element elementor-element-9ccc750 elementor-widget elementor-widget-shortcode\" data-id=\"9ccc750\" data-element_type=\"widget\" data-e-type=\"widget\" data-widget_type=\"shortcode.default\">\n\t\t\t\t\t\t\t<div class=\"elementor-shortcode\"><div class=\"forminator-ui forminator-custom-form forminator-custom-form-355 forminator-design--default  forminator_ajax\" data-forminator-render=\"0\" data-form=\"forminator-module-355\" data-uid=\"69f3235c29ee6\"><br\/><\/div><form\n\t\t\t\tid=\"forminator-module-355\"\n\t\t\t\tclass=\"forminator-ui forminator-custom-form forminator-custom-form-355 forminator-design--default  forminator_ajax\"\n\t\t\t\tmethod=\"post\"\n\t\t\t\tdata-forminator-render=\"0\"\n\t\t\t\tdata-form-id=\"355\"\n\t\t\t\t data-color-option=\"theme\" data-design=\"default\" data-grid=\"open\" style=\"display: none;\"\n\t\t\t\tdata-uid=\"69f3235c29ee6\"\n\t\t\t><div role=\"alert\" aria-live=\"polite\" class=\"forminator-response-message forminator-error\" aria-hidden=\"true\"><\/div><div class=\"forminator-row\"><div id=\"name-1\" class=\"forminator-field-name forminator-col forminator-col-12 \"><div class=\"forminator-field\"><label for=\"forminator-field-name-1_69f3235c29ee6\" id=\"forminator-field-name-1_69f3235c29ee6-label\" class=\"forminator-label\">H\u1ecd v\u00e0 t\u00ean<\/label><input type=\"text\" name=\"name-1\" value=\"\" placeholder=\"H\u1ecd v\u00e0 t\u00ean\" id=\"forminator-field-name-1_69f3235c29ee6\" class=\"forminator-input forminator-name--field\" aria-required=\"false\" autocomplete=\"name\" \/><\/div><\/div><\/div><div class=\"forminator-row\"><div id=\"phone-1\" class=\"forminator-field-phone forminator-col forminator-col-12 \"><div class=\"forminator-field\"><label for=\"forminator-field-phone-1_69f3235c29ee6\" id=\"forminator-field-phone-1_69f3235c29ee6-label\" class=\"forminator-label\">S\u1ed1 \u0111i\u1ec7n tho\u1ea1i<\/label><input type=\"text\" name=\"phone-1\" value=\"\" placeholder=\"S\u1ed1 \u0111i\u1ec7n tho\u1ea1i\" id=\"forminator-field-phone-1_69f3235c29ee6\" class=\"forminator-input forminator-field--phone\" data-required=\"\" aria-required=\"false\" autocomplete=\"off\" \/><\/div><\/div><\/div><div class=\"forminator-row\"><div id=\"date-1\" class=\"forminator-field-date forminator-col forminator-col-12 \"><div class=\"forminator-field\"><label for=\"forminator-field-date-1-picker_69f3235c29ee6\" id=\"forminator-field-date-1-picker_69f3235c29ee6-label\" class=\"forminator-label\">Ng\u00e0y \u0111\u1ebfn kh\u00e1m<\/label><div class=\"forminator-input-with-icon\"><span class=\"forminator-icon-calendar\" aria-hidden=\"true\"><\/span><input autocomplete=\"off\" type=\"text\" size=\"1\" name=\"date-1\" value=\"\" placeholder=\"Ng\u00e0y \u0111\u1ebfn kh\u00e1m\" id=\"forminator-field-date-1-picker_69f3235c29ee6\" class=\"forminator-input forminator-datepicker\" data-required=\"\" data-format=\"dd-mm-yy\" data-restrict-type=\"\" data-restrict=\"\" data-start-year=\"1926\" data-end-year=\"2126\" data-past-dates=\"enable\" data-start-of-week=\"1\" data-start-date=\"\" data-end-date=\"\" data-start-field=\"\" data-end-field=\"\" data-start-offset=\"\" data-end-offset=\"\" data-disable-date=\"\" data-disable-range=\"\" \/><\/div><\/div><\/div><\/div><div class=\"forminator-row\"><div id=\"radio-1\" class=\"forminator-field-radio forminator-col forminator-col-12 \"><div role=\"radiogroup\" class=\"forminator-field\" aria-labelledby=\"forminator-radiogroup-radio-1-69f3235c29ee6-label\"><span id=\"forminator-radiogroup-radio-1-69f3235c29ee6-label\" class=\"forminator-label\">L\u1ef1a ch\u1ecdn d\u1ecbch v\u1ee5 <span class=\"forminator-required\">*<\/span><\/span><label id=\"forminator-field-radio-1-label-1\" for=\"forminator-field-radio-1-1-69f3235c29ee6\" class=\"forminator-radio\" title=\"D\u1ecbch v\u1ee5 ch\u0103m s\u00f3c c\u01a1 b\u1ea3n\"><input type=\"radio\" name=\"radio-1\" value=\"one\" id=\"forminator-field-radio-1-1-69f3235c29ee6\" aria-labelledby=\"forminator-field-radio-1-label-1\" data-calculation=\"0\"   data-hidden-behavior=\"zero\"\/><span class=\"forminator-radio-bullet\" aria-hidden=\"true\"><\/span><span class=\"forminator-radio-label\">D\u1ecbch v\u1ee5 ch\u0103m s\u00f3c c\u01a1 b\u1ea3n<\/span><\/label><label id=\"forminator-field-radio-1-label-2\" for=\"forminator-field-radio-1-2-69f3235c29ee6\" class=\"forminator-radio\" title=\"D\u1ecbch v\u1ee5 ch\u0103m s\u00f3c s\u1ee9c kh\u1ecfe\"><input type=\"radio\" name=\"radio-1\" value=\"two\" id=\"forminator-field-radio-1-2-69f3235c29ee6\" aria-labelledby=\"forminator-field-radio-1-label-2\" data-calculation=\"0\"   data-hidden-behavior=\"zero\"\/><span class=\"forminator-radio-bullet\" aria-hidden=\"true\"><\/span><span class=\"forminator-radio-label\">D\u1ecbch v\u1ee5 ch\u0103m s\u00f3c s\u1ee9c kh\u1ecfe<\/span><\/label><label id=\"forminator-field-radio-1-label-3\" for=\"forminator-field-radio-1-3-69f3235c29ee6\" class=\"forminator-radio\" title=\"D\u1ecbch v\u1ee5 hu\u1ea5n luy\u1ec7n\"><input type=\"radio\" name=\"radio-1\" value=\"D\u1ecbch-v\u1ee5-hu\u1ea5n-luy\u1ec7n\" id=\"forminator-field-radio-1-3-69f3235c29ee6\" aria-labelledby=\"forminator-field-radio-1-label-3\" data-calculation=\"0\"   data-hidden-behavior=\"zero\"\/><span class=\"forminator-radio-bullet\" aria-hidden=\"true\"><\/span><span class=\"forminator-radio-label\">D\u1ecbch v\u1ee5 hu\u1ea5n luy\u1ec7n<\/span><\/label><label id=\"forminator-field-radio-1-label-4\" for=\"forminator-field-radio-1-4-69f3235c29ee6\" class=\"forminator-radio\" title=\"D\u1ecbch v\u1ee5 tr\u00f4ng gi\u1eef v\u00e0 ch\u0103m s\u00f3c t\u1ea1i nh\u00e0\"><input type=\"radio\" name=\"radio-1\" value=\"D\u1ecbch-v\u1ee5-tr\u00f4ng-gi\u1eef-v\u00e0-ch\u0103m-s\u00f3c-t\u1ea1i-nh\u00e0\" id=\"forminator-field-radio-1-4-69f3235c29ee6\" aria-labelledby=\"forminator-field-radio-1-label-4\" data-calculation=\"0\"   data-hidden-behavior=\"zero\"\/><span class=\"forminator-radio-bullet\" aria-hidden=\"true\"><\/span><span class=\"forminator-radio-label\">D\u1ecbch v\u1ee5 tr\u00f4ng gi\u1eef v\u00e0 ch\u0103m s\u00f3c t\u1ea1i nh\u00e0<\/span><\/label><label id=\"forminator-field-radio-1-label-5\" for=\"forminator-field-radio-1-5-69f3235c29ee6\" class=\"forminator-radio\" title=\"D\u1ecbch v\u1ee5 l\u00e0m \u0111\u1eb9p v\u00e0 spa\"><input type=\"radio\" name=\"radio-1\" value=\"D\u1ecbch-v\u1ee5-l\u00e0m-\u0111\u1eb9p-v\u00e0-spa\" id=\"forminator-field-radio-1-5-69f3235c29ee6\" aria-labelledby=\"forminator-field-radio-1-label-5\" data-calculation=\"0\"   data-hidden-behavior=\"zero\"\/><span class=\"forminator-radio-bullet\" aria-hidden=\"true\"><\/span><span class=\"forminator-radio-label\">D\u1ecbch v\u1ee5 l\u00e0m \u0111\u1eb9p v\u00e0 spa<\/span><\/label><label id=\"forminator-field-radio-1-label-6\" for=\"forminator-field-radio-1-6-69f3235c29ee6\" class=\"forminator-radio\" title=\"D\u1ecbch v\u1ee5 dinh d\u01b0\u1ee1ng\"><input type=\"radio\" name=\"radio-1\" value=\"D\u1ecbch-v\u1ee5-dinh-d\u01b0\u1ee1ng\" id=\"forminator-field-radio-1-6-69f3235c29ee6\" aria-labelledby=\"forminator-field-radio-1-label-6\" data-calculation=\"0\"   data-hidden-behavior=\"zero\"\/><span class=\"forminator-radio-bullet\" aria-hidden=\"true\"><\/span><span class=\"forminator-radio-label\">D\u1ecbch v\u1ee5 dinh d\u01b0\u1ee1ng<\/span><\/label><\/div><\/div><\/div><input type=\"hidden\" name=\"referer_url\" value=\"\" \/><div class=\"forminator-row forminator-row-last\"><div class=\"forminator-col\"><div class=\"forminator-field\"><button class=\"forminator-button forminator-button-submit\">\u0110\u1eb6T L\u1ecaCH KH&Aacute;M<\/button><\/div><\/div><\/div><input type=\"hidden\" id=\"forminator_nonce\" name=\"forminator_nonce\" value=\"b4d716e79f\" \/><input type=\"hidden\" name=\"_wp_http_referer\" value=\"\/index.php\/wp-json\/wp\/v2\/pages\/187\" \/><input type=\"hidden\" name=\"form_id\" value=\"355\"><input type=\"hidden\" name=\"page_id\" value=\"187\"><input type=\"hidden\" name=\"form_type\" value=\"default\"><input type=\"hidden\" name=\"current_url\" value=\"https:\/\/hanhtrinhkydieu.id.vn\/index.php\/bang-gia-dich-vu-huan-luyen\/\"><input type=\"hidden\" name=\"render_id\" value=\"0\"><input type=\"hidden\" name=\"action\" value=\"forminator_submit_form_custom-forms\"><\/form><\/div>\n\t\t\t\t\t\t<\/div>\n\t\t\t\t<\/div>\n\t\t\t\t<\/div>\n\t\t","protected":false},"excerpt":{"rendered":"<p>B\u1ea3ng gi\u00e1 d\u1ecbch v\u1ee5 hu\u1ea5n luy\u1ec7n T\u00ean d\u1ecbch v\u1ee5 Gi\u00e1 Hu\u1ea5n luy\u1ec7n th\u00fa c\u01b0ng c\u1ee1 nh\u1ecf (&gt;15kg) 2.500.000 VND Hu\u1ea5n luy\u1ec7n th\u00fa c\u01b0ng c\u1ee1 l\u1edbn (&lt;= 15kg) 3.500.000 VND \u0110\u1eb6T L\u1ecaCH H\u1eb8N TR\u1ef0C TUY\u1ebeN \u0110\u1ec2 \u0110\u01af\u1ee2C PH\u1ee4C V\u1ee4 NGAY KHI \u0110\u1ebeN PH\u00d2NG KH\u00c1M<\/p>\n","protected":false},"author":1,"featured_media":0,"parent":0,"menu_order":0,"comment_status":"closed","ping_status":"closed","template":"","meta":{"_kadence_starter_templates_imported_post":false,"_kad_post_transparent":"default","_kad_post_title":"hide","_kad_post_layout":"fullwidth","_kad_post_sidebar_id":"","_kad_post_content_style":"unboxed","_kad_post_vertical_padding":"hide","_kad_post_feature":"hide","_kad_post_feature_position":"","_kad_post_header":false,"_kad_post_footer":false,"_kad_post_classname":"","footnotes":""},"class_list":["post-187","page","type-page","status-publish","hentry"],"_links":{"self":[{"href":"https:\/\/hanhtrinhkydieu.id.vn\/index.php\/wp-json\/wp\/v2\/pages\/187","targetHints":{"allow":["GET"]}}],"collection":[{"href":"https:\/\/hanhtrinhkydieu.id.vn\/index.php\/wp-json\/wp\/v2\/pages"}],"about":[{"href":"https:\/\/hanhtrinhkydieu.id.vn\/index.php\/wp-json\/wp\/v2\/types\/page"}],"author":[{"embeddable":true,"href":"https:\/\/hanhtrinhkydieu.id.vn\/index.php\/wp-json\/wp\/v2\/users\/1"}],"replies":[{"embeddable":true,"href":"https:\/\/hanhtrinhkydieu.id.vn\/index.php\/wp-json\/wp\/v2\/comments?post=187"}],"version-history":[{"count":4,"href":"https:\/\/hanhtrinhkydieu.id.vn\/index.php\/wp-json\/wp\/v2\/pages\/187\/revisions"}],"predecessor-version":[{"id":572,"href":"https:\/\/hanhtrinhkydieu.id.vn\/index.php\/wp-json\/wp\/v2\/pages\/187\/revisions\/572"}],"wp:attachment":[{"href":"https:\/\/hanhtrinhkydieu.id.vn\/index.php\/wp-json\/wp\/v2\/media?parent=187"}],"curies":[{"name":"wp","href":"https:\/\/api.w.org\/{rel}","templated":true}]}}