{"id":225,"date":"2024-12-10T10:50:08","date_gmt":"2024-12-10T10:50:08","guid":{"rendered":"https:\/\/hanhtrinhkydieu.id.vn\/?page_id=225"},"modified":"2024-12-12T07:06:38","modified_gmt":"2024-12-12T07:06:38","slug":"dich-vu-cham-soc-co-ban-3","status":"publish","type":"page","link":"https:\/\/hanhtrinhkydieu.id.vn\/index.php\/dich-vu-cham-soc-co-ban-3\/","title":{"rendered":"D\u1ecbch v\u1ee5 ch\u0103m s\u00f3c c\u01a1 b\u1ea3n"},"content":{"rendered":"\t\t<div data-elementor-type=\"wp-page\" data-elementor-id=\"225\" class=\"elementor elementor-225\">\n\t\t\t\t<div class=\"elementor-element elementor-element-1ecdff5 e-flex e-con-boxed e-con e-parent\" data-id=\"1ecdff5\" data-element_type=\"container\" data-e-type=\"container\" data-settings=\"{&quot;background_background&quot;:&quot;classic&quot;}\">\n\t\t\t\t\t<div class=\"e-con-inner\">\n\t\t\t\t<div class=\"elementor-element elementor-element-c929afe animated-slow elementor-invisible elementor-widget elementor-widget-heading\" data-id=\"c929afe\" data-element_type=\"widget\" data-e-type=\"widget\" data-settings=\"{&quot;_animation&quot;:&quot;fadeInUp&quot;}\" data-widget_type=\"heading.default\">\n\t\t\t\t\t<div id=\"ez-toc-container\" class=\"ez-toc-v2_0_82_2 counter-hierarchy ez-toc-counter ez-toc-grey ez-toc-container-direction\">\n<div class=\"ez-toc-title-container\">\n<p class=\"ez-toc-title\" style=\"cursor:inherit\">N\u1ed9i dung<\/p>\n<span class=\"ez-toc-title-toggle\"><a href=\"#\" class=\"ez-toc-pull-right ez-toc-btn ez-toc-btn-xs ez-toc-btn-default ez-toc-toggle\" aria-label=\"Toggle Table of Content\"><span class=\"ez-toc-js-icon-con\"><span class=\"\"><span class=\"eztoc-hide\" style=\"display:none;\">Toggle<\/span><span class=\"ez-toc-icon-toggle-span\"><svg style=\"fill: #999;color:#999\" xmlns=\"http:\/\/www.w3.org\/2000\/svg\" class=\"list-377408\" width=\"20px\" height=\"20px\" viewBox=\"0 0 24 24\" fill=\"none\"><path d=\"M6 6H4v2h2V6zm14 0H8v2h12V6zM4 11h2v2H4v-2zm16 0H8v2h12v-2zM4 16h2v2H4v-2zm16 0H8v2h12v-2z\" fill=\"currentColor\"><\/path><\/svg><svg style=\"fill: #999;color:#999\" class=\"arrow-unsorted-368013\" xmlns=\"http:\/\/www.w3.org\/2000\/svg\" width=\"10px\" height=\"10px\" viewBox=\"0 0 24 24\" version=\"1.2\" baseProfile=\"tiny\"><path d=\"M18.2 9.3l-6.2-6.3-6.2 6.3c-.2.2-.3.4-.3.7s.1.5.3.7c.2.2.4.3.7.3h11c.3 0 .5-.1.7-.3.2-.2.3-.5.3-.7s-.1-.5-.3-.7zM5.8 14.7l6.2 6.3 6.2-6.3c.2-.2.3-.5.3-.7s-.1-.5-.3-.7c-.2-.2-.4-.3-.7-.3h-11c-.3 0-.5.1-.7.3-.2.2-.3.5-.3.7s.1.5.3.7z\"\/><\/svg><\/span><\/span><\/span><\/a><\/span><\/div>\n<nav><ul class='ez-toc-list ez-toc-list-level-1 ' ><li class='ez-toc-page-1 ez-toc-heading-level-2'><a class=\"ez-toc-link ez-toc-heading-1\" href=\"https:\/\/hanhtrinhkydieu.id.vn\/index.php\/dich-vu-cham-soc-co-ban-3\/#Dich_vu_cham_soc_co_ban\" >D\u1ecbch v\u1ee5 ch\u0103m s\u00f3c c\u01a1 b\u1ea3n<\/a><\/li><li class='ez-toc-page-1 ez-toc-heading-level-2'><a class=\"ez-toc-link ez-toc-heading-2\" href=\"https:\/\/hanhtrinhkydieu.id.vn\/index.php\/dich-vu-cham-soc-co-ban-3\/#Tam_rua_va_chai_long\" >T\u1eafm r\u1eeda v\u00e0 ch\u1ea3i l\u00f4ng<\/a><\/li><li class='ez-toc-page-1 ez-toc-heading-level-2'><a class=\"ez-toc-link ez-toc-heading-3\" href=\"https:\/\/hanhtrinhkydieu.id.vn\/index.php\/dich-vu-cham-soc-co-ban-3\/#Cat_tia_long\" >C\u1eaft t\u1ec9a l\u00f4ng<\/a><\/li><li class='ez-toc-page-1 ez-toc-heading-level-2'><a class=\"ez-toc-link ez-toc-heading-4\" href=\"https:\/\/hanhtrinhkydieu.id.vn\/index.php\/dich-vu-cham-soc-co-ban-3\/#Cat_mong\" >C\u1eaft m\u00f3ng<\/a><\/li><li class='ez-toc-page-1 ez-toc-heading-level-2'><a class=\"ez-toc-link ez-toc-heading-5\" href=\"https:\/\/hanhtrinhkydieu.id.vn\/index.php\/dich-vu-cham-soc-co-ban-3\/#DAT_LICH_HEN_TRUC_TUYEN_DE_DUOC_PHUC_VU_NGAY_KHI_DEN_PHONG_KHAM\" >\u0110\u1eb6T L\u1ecaCH H\u1eb8N TR\u1ef0C TUY\u1ebeN \u0110\u1ec2 \u0110\u01af\u1ee2C PH\u1ee4C V\u1ee4 NGAY KHI \u0110\u1ebeN PH\u00d2NG KH\u00c1M<\/a><\/li><\/ul><\/nav><\/div>\n<h2 class=\"elementor-heading-title elementor-size-default\"><span class=\"ez-toc-section\" id=\"Dich_vu_cham_soc_co_ban\"><\/span>D\u1ecbch v\u1ee5 ch\u0103m s\u00f3c c\u01a1 b\u1ea3n<span class=\"ez-toc-section-end\"><\/span><\/h2>\t\t\t\t<\/div>\n\t\t\t\t\t<\/div>\n\t\t\t\t<\/div>\n\t\t<div class=\"elementor-element elementor-element-e66e3d e-flex e-con-boxed e-con e-parent\" data-id=\"e66e3d\" data-element_type=\"container\" data-e-type=\"container\">\n\t\t\t\t\t<div class=\"e-con-inner\">\n\t\t<div class=\"elementor-element elementor-element-42f5a207 e-con-full e-flex e-con e-child\" data-id=\"42f5a207\" data-element_type=\"container\" data-e-type=\"container\">\n\t\t\t\t<div class=\"elementor-element elementor-element-2d1bc7d animated-slow elementor-invisible elementor-widget elementor-widget-heading\" data-id=\"2d1bc7d\" data-element_type=\"widget\" data-e-type=\"widget\" data-settings=\"{&quot;_animation&quot;:&quot;fadeInUp&quot;}\" data-widget_type=\"heading.default\">\n\t\t\t\t\t<h2 class=\"elementor-heading-title elementor-size-default\"><span class=\"ez-toc-section\" id=\"Tam_rua_va_chai_long\"><\/span>T\u1eafm r\u1eeda v\u00e0 ch\u1ea3i l\u00f4ng<span class=\"ez-toc-section-end\"><\/span><\/h2>\t\t\t\t<\/div>\n\t\t\t\t<div class=\"elementor-element elementor-element-338296e4 elementor-align-center animated-slow elementor-invisible elementor-widget elementor-widget-button\" data-id=\"338296e4\" data-element_type=\"widget\" data-e-type=\"widget\" data-settings=\"{&quot;_animation&quot;:&quot;fadeInUp&quot;}\" data-widget_type=\"button.default\">\n\t\t\t\t\t\t\t\t\t\t<a class=\"elementor-button elementor-button-link elementor-size-sm\" href=\"#\">\n\t\t\t\t\t\t<span class=\"elementor-button-content-wrapper\">\n\t\t\t\t\t\t\t\t\t<span class=\"elementor-button-text\">T\u00ecm hi\u1ec3u th\u00eam<\/span>\n\t\t\t\t\t<\/span>\n\t\t\t\t\t<\/a>\n\t\t\t\t\t\t\t\t<\/div>\n\t\t\t\t<\/div>\n\t\t<div class=\"elementor-element elementor-element-23a9c116 e-con-full e-flex e-con e-child\" data-id=\"23a9c116\" data-element_type=\"container\" data-e-type=\"container\">\n\t\t\t\t<div class=\"elementor-element elementor-element-67c7dd5d animated-slow elementor-invisible elementor-widget elementor-widget-heading\" data-id=\"67c7dd5d\" data-element_type=\"widget\" data-e-type=\"widget\" data-settings=\"{&quot;_animation&quot;:&quot;fadeInUp&quot;}\" data-widget_type=\"heading.default\">\n\t\t\t\t\t<h2 class=\"elementor-heading-title elementor-size-default\"><span class=\"ez-toc-section\" id=\"Cat_tia_long\"><\/span>C\u1eaft t\u1ec9a l\u00f4ng<span class=\"ez-toc-section-end\"><\/span><\/h2>\t\t\t\t<\/div>\n\t\t\t\t<div class=\"elementor-element elementor-element-6160157e elementor-align-center animated-slow elementor-invisible elementor-widget elementor-widget-button\" data-id=\"6160157e\" data-element_type=\"widget\" data-e-type=\"widget\" data-settings=\"{&quot;_animation&quot;:&quot;fadeInUp&quot;}\" data-widget_type=\"button.default\">\n\t\t\t\t\t\t\t\t\t\t<a class=\"elementor-button elementor-button-link elementor-size-sm\" href=\"#\">\n\t\t\t\t\t\t<span class=\"elementor-button-content-wrapper\">\n\t\t\t\t\t\t\t\t\t<span class=\"elementor-button-text\">T\u00ecm hi\u1ec3u th\u00eam<\/span>\n\t\t\t\t\t<\/span>\n\t\t\t\t\t<\/a>\n\t\t\t\t\t\t\t\t<\/div>\n\t\t\t\t<\/div>\n\t\t\t\t\t<\/div>\n\t\t\t\t<\/div>\n\t\t<div class=\"elementor-element elementor-element-e691f74 e-flex e-con-boxed e-con e-parent\" data-id=\"e691f74\" data-element_type=\"container\" data-e-type=\"container\">\n\t\t\t\t\t<div class=\"e-con-inner\">\n\t\t\t\t<div class=\"elementor-element elementor-element-11018e9 animated-slow elementor-invisible elementor-widget elementor-widget-heading\" data-id=\"11018e9\" data-element_type=\"widget\" data-e-type=\"widget\" data-settings=\"{&quot;_animation&quot;:&quot;fadeInUp&quot;}\" data-widget_type=\"heading.default\">\n\t\t\t\t\t<h2 class=\"elementor-heading-title elementor-size-default\"><span class=\"ez-toc-section\" id=\"Cat_mong\"><\/span>C\u1eaft m\u00f3ng<span class=\"ez-toc-section-end\"><\/span><\/h2>\t\t\t\t<\/div>\n\t\t\t\t<div class=\"elementor-element elementor-element-73fa228 elementor-align-center animated-slow elementor-invisible elementor-widget elementor-widget-button\" data-id=\"73fa228\" data-element_type=\"widget\" data-e-type=\"widget\" data-settings=\"{&quot;_animation&quot;:&quot;fadeInUp&quot;}\" data-widget_type=\"button.default\">\n\t\t\t\t\t\t\t\t\t\t<a class=\"elementor-button elementor-button-link elementor-size-sm\" href=\"#\">\n\t\t\t\t\t\t<span class=\"elementor-button-content-wrapper\">\n\t\t\t\t\t\t\t\t\t<span class=\"elementor-button-text\">T\u00ecm hi\u1ec3u th\u00eam<\/span>\n\t\t\t\t\t<\/span>\n\t\t\t\t\t<\/a>\n\t\t\t\t\t\t\t\t<\/div>\n\t\t\t\t\t<\/div>\n\t\t\t\t<\/div>\n\t\t<div class=\"elementor-element elementor-element-70d7fbb3 e-flex e-con-boxed e-con e-parent\" data-id=\"70d7fbb3\" data-element_type=\"container\" data-e-type=\"container\" data-settings=\"{&quot;background_background&quot;:&quot;classic&quot;}\">\n\t\t\t\t\t<div class=\"e-con-inner\">\n\t\t\t\t<div class=\"elementor-element elementor-element-14ddca40 animated-slow elementor-invisible elementor-widget elementor-widget-heading\" data-id=\"14ddca40\" data-element_type=\"widget\" data-e-type=\"widget\" data-settings=\"{&quot;_animation&quot;:&quot;fadeInUp&quot;}\" data-widget_type=\"heading.default\">\n\t\t\t\t\t<h2 class=\"elementor-heading-title elementor-size-default\"><span class=\"ez-toc-section\" id=\"DAT_LICH_HEN_TRUC_TUYEN_DE_DUOC_PHUC_VU_NGAY_KHI_DEN_PHONG_KHAM\"><\/span>\u0110\u1eb6T L\u1ecaCH H\u1eb8N TR\u1ef0C TUY\u1ebeN \u0110\u1ec2 \u0110\u01af\u1ee2C PH\u1ee4C V\u1ee4 NGAY KHI \u0110\u1ebeN PH\u00d2NG KH\u00c1M\n<span class=\"ez-toc-section-end\"><\/span><\/h2>\t\t\t\t<\/div>\n\t\t\t\t\t<\/div>\n\t\t\t\t<\/div>\n\t\t<div class=\"elementor-element elementor-element-90dda43 e-flex e-con-boxed e-con e-parent\" data-id=\"90dda43\" data-element_type=\"container\" data-e-type=\"container\">\n\t\t\t\t\t<div class=\"e-con-inner\">\n\t\t\t\t\t<\/div>\n\t\t\t\t<\/div>\n\t\t<div class=\"elementor-element elementor-element-35f9c95e e-con-full e-flex e-con e-parent\" data-id=\"35f9c95e\" data-element_type=\"container\" data-e-type=\"container\" data-settings=\"{&quot;background_background&quot;:&quot;classic&quot;}\">\n\t\t\t\t<div class=\"elementor-element elementor-element-22b68c9f elementor-widget elementor-widget-shortcode\" data-id=\"22b68c9f\" data-element_type=\"widget\" data-e-type=\"widget\" data-widget_type=\"shortcode.default\">\n\t\t\t\t\t\t\t<div class=\"elementor-shortcode\"><div class=\"forminator-ui forminator-custom-form forminator-custom-form-355 forminator-design--default  forminator_ajax\" data-forminator-render=\"0\" data-form=\"forminator-module-355\" data-uid=\"69ee2cdc4c002\"><br\/><\/div><form\n\t\t\t\tid=\"forminator-module-355\"\n\t\t\t\tclass=\"forminator-ui forminator-custom-form forminator-custom-form-355 forminator-design--default  forminator_ajax\"\n\t\t\t\tmethod=\"post\"\n\t\t\t\tdata-forminator-render=\"0\"\n\t\t\t\tdata-form-id=\"355\"\n\t\t\t\t data-color-option=\"theme\" data-design=\"default\" data-grid=\"open\" style=\"display: none;\"\n\t\t\t\tdata-uid=\"69ee2cdc4c002\"\n\t\t\t><div role=\"alert\" aria-live=\"polite\" class=\"forminator-response-message forminator-error\" aria-hidden=\"true\"><\/div><div class=\"forminator-row\"><div id=\"name-1\" class=\"forminator-field-name forminator-col forminator-col-12 \"><div class=\"forminator-field\"><label for=\"forminator-field-name-1_69ee2cdc4c002\" id=\"forminator-field-name-1_69ee2cdc4c002-label\" class=\"forminator-label\">H\u1ecd v\u00e0 t\u00ean<\/label><input type=\"text\" name=\"name-1\" value=\"\" placeholder=\"H\u1ecd v\u00e0 t\u00ean\" id=\"forminator-field-name-1_69ee2cdc4c002\" class=\"forminator-input forminator-name--field\" aria-required=\"false\" autocomplete=\"name\" \/><\/div><\/div><\/div><div class=\"forminator-row\"><div id=\"phone-1\" class=\"forminator-field-phone forminator-col forminator-col-12 \"><div class=\"forminator-field\"><label for=\"forminator-field-phone-1_69ee2cdc4c002\" id=\"forminator-field-phone-1_69ee2cdc4c002-label\" class=\"forminator-label\">S\u1ed1 \u0111i\u1ec7n tho\u1ea1i<\/label><input type=\"text\" name=\"phone-1\" value=\"\" placeholder=\"S\u1ed1 \u0111i\u1ec7n tho\u1ea1i\" id=\"forminator-field-phone-1_69ee2cdc4c002\" class=\"forminator-input forminator-field--phone\" data-required=\"\" aria-required=\"false\" autocomplete=\"off\" \/><\/div><\/div><\/div><div class=\"forminator-row\"><div id=\"date-1\" class=\"forminator-field-date forminator-col forminator-col-12 \"><div class=\"forminator-field\"><label for=\"forminator-field-date-1-picker_69ee2cdc4c002\" id=\"forminator-field-date-1-picker_69ee2cdc4c002-label\" class=\"forminator-label\">Ng\u00e0y \u0111\u1ebfn kh\u00e1m<\/label><div class=\"forminator-input-with-icon\"><span class=\"forminator-icon-calendar\" aria-hidden=\"true\"><\/span><input autocomplete=\"off\" type=\"text\" size=\"1\" name=\"date-1\" value=\"\" placeholder=\"Ng\u00e0y \u0111\u1ebfn kh\u00e1m\" id=\"forminator-field-date-1-picker_69ee2cdc4c002\" class=\"forminator-input forminator-datepicker\" data-required=\"\" data-format=\"dd-mm-yy\" data-restrict-type=\"\" data-restrict=\"\" data-start-year=\"1926\" data-end-year=\"2126\" data-past-dates=\"enable\" data-start-of-week=\"1\" data-start-date=\"\" data-end-date=\"\" data-start-field=\"\" data-end-field=\"\" data-start-offset=\"\" data-end-offset=\"\" data-disable-date=\"\" data-disable-range=\"\" \/><\/div><\/div><\/div><\/div><div class=\"forminator-row\"><div id=\"radio-1\" class=\"forminator-field-radio forminator-col forminator-col-12 \"><div role=\"radiogroup\" class=\"forminator-field\" aria-labelledby=\"forminator-radiogroup-radio-1-69ee2cdc4c002-label\"><span id=\"forminator-radiogroup-radio-1-69ee2cdc4c002-label\" class=\"forminator-label\">L\u1ef1a ch\u1ecdn d\u1ecbch v\u1ee5 <span class=\"forminator-required\">*<\/span><\/span><label id=\"forminator-field-radio-1-label-1\" for=\"forminator-field-radio-1-1-69ee2cdc4c002\" class=\"forminator-radio\" title=\"D\u1ecbch v\u1ee5 ch\u0103m s\u00f3c c\u01a1 b\u1ea3n\"><input type=\"radio\" name=\"radio-1\" value=\"one\" id=\"forminator-field-radio-1-1-69ee2cdc4c002\" aria-labelledby=\"forminator-field-radio-1-label-1\" data-calculation=\"0\"   data-hidden-behavior=\"zero\"\/><span class=\"forminator-radio-bullet\" aria-hidden=\"true\"><\/span><span class=\"forminator-radio-label\">D\u1ecbch v\u1ee5 ch\u0103m s\u00f3c c\u01a1 b\u1ea3n<\/span><\/label><label id=\"forminator-field-radio-1-label-2\" for=\"forminator-field-radio-1-2-69ee2cdc4c002\" class=\"forminator-radio\" title=\"D\u1ecbch v\u1ee5 ch\u0103m s\u00f3c s\u1ee9c kh\u1ecfe\"><input type=\"radio\" name=\"radio-1\" value=\"two\" id=\"forminator-field-radio-1-2-69ee2cdc4c002\" aria-labelledby=\"forminator-field-radio-1-label-2\" data-calculation=\"0\"   data-hidden-behavior=\"zero\"\/><span class=\"forminator-radio-bullet\" aria-hidden=\"true\"><\/span><span class=\"forminator-radio-label\">D\u1ecbch v\u1ee5 ch\u0103m s\u00f3c s\u1ee9c kh\u1ecfe<\/span><\/label><label id=\"forminator-field-radio-1-label-3\" for=\"forminator-field-radio-1-3-69ee2cdc4c002\" class=\"forminator-radio\" title=\"D\u1ecbch v\u1ee5 hu\u1ea5n luy\u1ec7n\"><input type=\"radio\" name=\"radio-1\" value=\"D\u1ecbch-v\u1ee5-hu\u1ea5n-luy\u1ec7n\" id=\"forminator-field-radio-1-3-69ee2cdc4c002\" aria-labelledby=\"forminator-field-radio-1-label-3\" data-calculation=\"0\"   data-hidden-behavior=\"zero\"\/><span class=\"forminator-radio-bullet\" aria-hidden=\"true\"><\/span><span class=\"forminator-radio-label\">D\u1ecbch v\u1ee5 hu\u1ea5n luy\u1ec7n<\/span><\/label><label id=\"forminator-field-radio-1-label-4\" for=\"forminator-field-radio-1-4-69ee2cdc4c002\" class=\"forminator-radio\" title=\"D\u1ecbch v\u1ee5 tr\u00f4ng gi\u1eef v\u00e0 ch\u0103m s\u00f3c t\u1ea1i nh\u00e0\"><input type=\"radio\" name=\"radio-1\" value=\"D\u1ecbch-v\u1ee5-tr\u00f4ng-gi\u1eef-v\u00e0-ch\u0103m-s\u00f3c-t\u1ea1i-nh\u00e0\" id=\"forminator-field-radio-1-4-69ee2cdc4c002\" aria-labelledby=\"forminator-field-radio-1-label-4\" data-calculation=\"0\"   data-hidden-behavior=\"zero\"\/><span class=\"forminator-radio-bullet\" aria-hidden=\"true\"><\/span><span class=\"forminator-radio-label\">D\u1ecbch v\u1ee5 tr\u00f4ng gi\u1eef v\u00e0 ch\u0103m s\u00f3c t\u1ea1i nh\u00e0<\/span><\/label><label id=\"forminator-field-radio-1-label-5\" for=\"forminator-field-radio-1-5-69ee2cdc4c002\" class=\"forminator-radio\" title=\"D\u1ecbch v\u1ee5 l\u00e0m \u0111\u1eb9p v\u00e0 spa\"><input type=\"radio\" name=\"radio-1\" value=\"D\u1ecbch-v\u1ee5-l\u00e0m-\u0111\u1eb9p-v\u00e0-spa\" id=\"forminator-field-radio-1-5-69ee2cdc4c002\" aria-labelledby=\"forminator-field-radio-1-label-5\" data-calculation=\"0\"   data-hidden-behavior=\"zero\"\/><span class=\"forminator-radio-bullet\" aria-hidden=\"true\"><\/span><span class=\"forminator-radio-label\">D\u1ecbch v\u1ee5 l\u00e0m \u0111\u1eb9p v\u00e0 spa<\/span><\/label><label id=\"forminator-field-radio-1-label-6\" for=\"forminator-field-radio-1-6-69ee2cdc4c002\" class=\"forminator-radio\" title=\"D\u1ecbch v\u1ee5 dinh d\u01b0\u1ee1ng\"><input type=\"radio\" name=\"radio-1\" value=\"D\u1ecbch-v\u1ee5-dinh-d\u01b0\u1ee1ng\" id=\"forminator-field-radio-1-6-69ee2cdc4c002\" aria-labelledby=\"forminator-field-radio-1-label-6\" data-calculation=\"0\"   data-hidden-behavior=\"zero\"\/><span class=\"forminator-radio-bullet\" aria-hidden=\"true\"><\/span><span class=\"forminator-radio-label\">D\u1ecbch v\u1ee5 dinh d\u01b0\u1ee1ng<\/span><\/label><\/div><\/div><\/div><input type=\"hidden\" name=\"referer_url\" value=\"\" \/><div class=\"forminator-row forminator-row-last\"><div class=\"forminator-col\"><div class=\"forminator-field\"><button class=\"forminator-button forminator-button-submit\">\u0110\u1eb6T L\u1ecaCH KH&Aacute;M<\/button><\/div><\/div><\/div><input type=\"hidden\" id=\"forminator_nonce\" name=\"forminator_nonce\" value=\"6cae4163d5\" \/><input type=\"hidden\" name=\"_wp_http_referer\" value=\"\/index.php\/wp-json\/wp\/v2\/pages\/225\" \/><input type=\"hidden\" name=\"form_id\" value=\"355\"><input type=\"hidden\" name=\"page_id\" value=\"225\"><input type=\"hidden\" name=\"form_type\" value=\"default\"><input type=\"hidden\" name=\"current_url\" value=\"https:\/\/hanhtrinhkydieu.id.vn\/index.php\/dich-vu-cham-soc-co-ban-3\/\"><input type=\"hidden\" name=\"render_id\" value=\"0\"><input type=\"hidden\" name=\"action\" value=\"forminator_submit_form_custom-forms\"><\/form><\/div>\n\t\t\t\t\t\t<\/div>\n\t\t\t\t<\/div>\n\t\t\t\t<\/div>\n\t\t","protected":false},"excerpt":{"rendered":"<p>D\u1ecbch v\u1ee5 ch\u0103m s\u00f3c c\u01a1 b\u1ea3n T\u1eafm r\u1eeda v\u00e0 ch\u1ea3i l\u00f4ng T\u00ecm hi\u1ec3u th\u00eam C\u1eaft t\u1ec9a l\u00f4ng T\u00ecm hi\u1ec3u th\u00eam C\u1eaft m\u00f3ng T\u00ecm hi\u1ec3u th\u00eam \u0110\u1eb6T L\u1ecaCH H\u1eb8N TR\u1ef0C TUY\u1ebeN \u0110\u1ec2 \u0110\u01af\u1ee2C PH\u1ee4C V\u1ee4 NGAY KHI \u0110\u1ebeN PH\u00d2NG KH\u00c1M<\/p>\n","protected":false},"author":1,"featured_media":0,"parent":0,"menu_order":0,"comment_status":"closed","ping_status":"closed","template":"","meta":{"_kadence_starter_templates_imported_post":false,"_kad_post_transparent":"default","_kad_post_title":"hide","_kad_post_layout":"fullwidth","_kad_post_sidebar_id":"","_kad_post_content_style":"unboxed","_kad_post_vertical_padding":"hide","_kad_post_feature":"hide","_kad_post_feature_position":"","_kad_post_header":false,"_kad_post_footer":false,"_kad_post_classname":"","footnotes":""},"class_list":["post-225","page","type-page","status-publish","hentry"],"_links":{"self":[{"href":"https:\/\/hanhtrinhkydieu.id.vn\/index.php\/wp-json\/wp\/v2\/pages\/225","targetHints":{"allow":["GET"]}}],"collection":[{"href":"https:\/\/hanhtrinhkydieu.id.vn\/index.php\/wp-json\/wp\/v2\/pages"}],"about":[{"href":"https:\/\/hanhtrinhkydieu.id.vn\/index.php\/wp-json\/wp\/v2\/types\/page"}],"author":[{"embeddable":true,"href":"https:\/\/hanhtrinhkydieu.id.vn\/index.php\/wp-json\/wp\/v2\/users\/1"}],"replies":[{"embeddable":true,"href":"https:\/\/hanhtrinhkydieu.id.vn\/index.php\/wp-json\/wp\/v2\/comments?post=225"}],"version-history":[{"count":4,"href":"https:\/\/hanhtrinhkydieu.id.vn\/index.php\/wp-json\/wp\/v2\/pages\/225\/revisions"}],"predecessor-version":[{"id":663,"href":"https:\/\/hanhtrinhkydieu.id.vn\/index.php\/wp-json\/wp\/v2\/pages\/225\/revisions\/663"}],"wp:attachment":[{"href":"https:\/\/hanhtrinhkydieu.id.vn\/index.php\/wp-json\/wp\/v2\/media?parent=225"}],"curies":[{"name":"wp","href":"https:\/\/api.w.org\/{rel}","templated":true}]}}