{"id":90,"date":"2024-12-09T03:54:34","date_gmt":"2024-12-09T03:54:34","guid":{"rendered":"https:\/\/hanhtrinhkydieu.id.vn\/?page_id=90"},"modified":"2024-12-12T07:29:45","modified_gmt":"2024-12-12T07:29:45","slug":"dich-vu-cham-soc-co-ban","status":"publish","type":"page","link":"https:\/\/hanhtrinhkydieu.id.vn\/index.php\/dich-vu-cham-soc-co-ban\/","title":{"rendered":"C\u1eaft t\u1ec9a l\u00f4ng"},"content":{"rendered":"\t\t<div data-elementor-type=\"wp-page\" data-elementor-id=\"90\" class=\"elementor elementor-90\">\n\t\t\t\t<div class=\"elementor-element elementor-element-ba43330 e-flex e-con-boxed e-con e-parent\" data-id=\"ba43330\" data-element_type=\"container\" data-e-type=\"container\" data-settings=\"{&quot;background_background&quot;:&quot;classic&quot;}\">\n\t\t\t\t\t<div class=\"e-con-inner\">\n\t\t\t\t<div class=\"elementor-element elementor-element-0472c27 animated-slow elementor-invisible elementor-widget elementor-widget-heading\" data-id=\"0472c27\" data-element_type=\"widget\" data-e-type=\"widget\" data-settings=\"{&quot;_animation&quot;:&quot;fadeInUp&quot;}\" data-widget_type=\"heading.default\">\n\t\t\t\t\t<h2 class=\"elementor-heading-title elementor-size-default\">C\u1eaeT T\u1ec8A L\u00d4NG<\/h2>\t\t\t\t<\/div>\n\t\t\t\t\t<\/div>\n\t\t\t\t<\/div>\n\t\t<div class=\"elementor-element elementor-element-cc149ff e-flex e-con-boxed e-con e-parent\" data-id=\"cc149ff\" data-element_type=\"container\" data-e-type=\"container\">\n\t\t\t\t\t<div class=\"e-con-inner\">\n\t\t<div class=\"elementor-element elementor-element-48fce50 e-con-full e-flex e-con e-child\" data-id=\"48fce50\" data-element_type=\"container\" data-e-type=\"container\">\n\t\t\t\t<div class=\"elementor-element elementor-element-5509d38 elementor-widget elementor-widget-image\" data-id=\"5509d38\" data-element_type=\"widget\" data-e-type=\"widget\" data-widget_type=\"image.default\">\n\t\t\t\t\t\t\t\t\t\t\t\t\t\t\t<img fetchpriority=\"high\" decoding=\"async\" width=\"602\" height=\"372\" src=\"https:\/\/hanhtrinhkydieu.id.vn\/wp-content\/uploads\/2024\/12\/2b1cd30fd39169cf3080.jpg\" class=\"attachment-large size-large wp-image-475\" alt=\"\" srcset=\"https:\/\/hanhtrinhkydieu.id.vn\/wp-content\/uploads\/2024\/12\/2b1cd30fd39169cf3080.jpg 602w, https:\/\/hanhtrinhkydieu.id.vn\/wp-content\/uploads\/2024\/12\/2b1cd30fd39169cf3080-300x185.jpg 300w, https:\/\/hanhtrinhkydieu.id.vn\/wp-content\/uploads\/2024\/12\/2b1cd30fd39169cf3080-24x15.jpg 24w, https:\/\/hanhtrinhkydieu.id.vn\/wp-content\/uploads\/2024\/12\/2b1cd30fd39169cf3080-36x22.jpg 36w, https:\/\/hanhtrinhkydieu.id.vn\/wp-content\/uploads\/2024\/12\/2b1cd30fd39169cf3080-48x30.jpg 48w, https:\/\/hanhtrinhkydieu.id.vn\/wp-content\/uploads\/2024\/12\/2b1cd30fd39169cf3080-600x371.jpg 600w\" sizes=\"(max-width: 602px) 100vw, 602px\" \/>\t\t\t\t\t\t\t\t\t\t\t\t\t\t\t<\/div>\n\t\t\t\t<\/div>\n\t\t<div class=\"elementor-element elementor-element-7f130ff e-con-full e-flex e-con e-child\" data-id=\"7f130ff\" data-element_type=\"container\" data-e-type=\"container\">\n\t\t\t\t<div class=\"elementor-element elementor-element-3fd41ee animated-slow elementor-invisible elementor-widget elementor-widget-heading\" data-id=\"3fd41ee\" data-element_type=\"widget\" data-e-type=\"widget\" data-settings=\"{&quot;_animation&quot;:&quot;fadeInUp&quot;}\" data-widget_type=\"heading.default\">\n\t\t\t\t\t<h2 class=\"elementor-heading-title elementor-size-default\">T\u1ea1i Sao C\u1ea7n C\u1eaft T\u1ec9a L\u00f4ng \u0110\u1ecbnh K\u1ef3 Cho Th\u00fa C\u01b0ng ?<\/h2>\t\t\t\t<\/div>\n\t\t\t\t<div class=\"elementor-element elementor-element-4150e76 elementor-icon-list--layout-traditional elementor-list-item-link-full_width elementor-widget elementor-widget-icon-list\" data-id=\"4150e76\" data-element_type=\"widget\" data-e-type=\"widget\" data-widget_type=\"icon-list.default\">\n\t\t\t\t\t\t\t<ul class=\"elementor-icon-list-items\">\n\t\t\t\t\t\t\t<li class=\"elementor-icon-list-item\">\n\t\t\t\t\t\t\t\t\t\t<span class=\"elementor-icon-list-text\"><b>Gi\u1ea3m nguy c\u01a1 l\u00f4ng r\u1ed1i v\u00e0 t\u1eafc ngh\u1ebdn<\/b>: L\u00f4ng d\u00e0i v\u00e0 d\u00e0y c\u00f3 th\u1ec3 d\u1ec5 d\u00e0ng b\u1ecb r\u1ed1i, g\u00e2y kh\u00f3 ch\u1ecbu cho th\u00fa c\u01b0ng. C\u1eaft t\u1ec9a l\u00f4ng gi\u00fap gi\u1ea3m t\u00ecnh tr\u1ea1ng n\u00e0y, \u0111\u1eb7c bi\u1ec7t \u0111\u1ed1i v\u1edbi nh\u1eefng gi\u1ed1ng ch\u00f3 v\u00e0 m\u00e8o c\u00f3 l\u00f4ng d\u00e0i.<\/span>\n\t\t\t\t\t\t\t\t\t<\/li>\n\t\t\t\t\t\t\t\t<li class=\"elementor-icon-list-item\">\n\t\t\t\t\t\t\t\t\t\t<span class=\"elementor-icon-list-text\"><b>C\u1ea3i thi\u1ec7n s\u1ef1 tho\u1ea3i m\u00e1i cho th\u00fa c\u01b0ng<\/b>: Vi\u1ec7c c\u1eaft t\u1ec9a gi\u00fap th\u00fa c\u01b0ng c\u1ea3m th\u1ea5y tho\u1ea3i m\u00e1i h\u01a1n trong vi\u1ec7c di chuy\u1ec3n, vui ch\u01a1i, \u0111\u1ed3ng th\u1eddi tr\u00e1nh \u0111\u01b0\u1ee3c c\u1ea3m gi\u00e1c n\u00f3ng b\u1ee9c trong nh\u1eefng ng\u00e0y h\u00e8.<\/span>\n\t\t\t\t\t\t\t\t\t<\/li>\n\t\t\t\t\t\t\t\t<li class=\"elementor-icon-list-item\">\n\t\t\t\t\t\t\t\t\t\t<span class=\"elementor-icon-list-text\"><b>Ph\u00f2ng ng\u1eeba c\u00e1c v\u1ea5n \u0111\u1ec1 v\u1ec1 da<\/b>: L\u00f4ng r\u1ed1i v\u00e0 \u1ea9m \u01b0\u1edbt c\u00f3 th\u1ec3 t\u1ea1o m\u00f4i tr\u01b0\u1eddng l\u00fd t\u01b0\u1edfng cho vi khu\u1ea9n v\u00e0 k\u00fd sinh tr\u00f9ng ph\u00e1t tri\u1ec3n, g\u00e2y b\u1ec7nh v\u1ec1 da. C\u1eaft t\u1ec9a l\u00f4ng \u0111\u1ecbnh k\u1ef3 gi\u00fap b\u1ea3o v\u1ec7 da th\u00fa c\u01b0ng kh\u1ecfi nh\u1eefng v\u1ea5n \u0111\u1ec1 n\u00e0y.<\/span>\n\t\t\t\t\t\t\t\t\t<\/li>\n\t\t\t\t\t\t<\/ul>\n\t\t\t\t\t\t<\/div>\n\t\t\t\t<\/div>\n\t\t\t\t\t<\/div>\n\t\t\t\t<\/div>\n\t\t<div class=\"elementor-element elementor-element-7e0b776 e-flex e-con-boxed e-con e-parent\" data-id=\"7e0b776\" data-element_type=\"container\" data-e-type=\"container\" data-settings=\"{&quot;background_background&quot;:&quot;classic&quot;}\">\n\t\t\t\t\t<div class=\"e-con-inner\">\n\t\t\t\t<div class=\"elementor-element elementor-element-701ec67 animated-slow elementor-invisible elementor-widget elementor-widget-heading\" data-id=\"701ec67\" data-element_type=\"widget\" data-e-type=\"widget\" data-settings=\"{&quot;_animation&quot;:&quot;fadeInUp&quot;}\" data-widget_type=\"heading.default\">\n\t\t\t\t\t<h2 class=\"elementor-heading-title elementor-size-default\">B\u1ea1n C\u00f3 Th\u1ec3 Ch\u01b0a Bi\u1ebft<\/h2>\t\t\t\t<\/div>\n\t\t\t\t\t<\/div>\n\t\t\t\t<\/div>\n\t\t<div class=\"elementor-element elementor-element-fd7abb2 e-flex e-con-boxed e-con e-parent\" data-id=\"fd7abb2\" data-element_type=\"container\" data-e-type=\"container\">\n\t\t\t\t\t<div class=\"e-con-inner\">\n\t\t\t\t<div class=\"elementor-element elementor-element-5654cc3 elementor-icon-list--layout-traditional elementor-list-item-link-full_width elementor-widget elementor-widget-icon-list\" data-id=\"5654cc3\" data-element_type=\"widget\" data-e-type=\"widget\" data-widget_type=\"icon-list.default\">\n\t\t\t\t\t\t\t<ul class=\"elementor-icon-list-items\">\n\t\t\t\t\t\t\t<li class=\"elementor-icon-list-item\">\n\t\t\t\t\t\t\t\t\t\t<span class=\"elementor-icon-list-text\"><b>C\u1eaft t\u1ec9a l\u00f4ng kh\u00f4ng ch\u1ec9 l\u00e0 th\u1ea9m m\u1ef9:<\/b> \u0110\u1ed1i v\u1edbi nhi\u1ec1u gi\u1ed1ng ch\u00f3 v\u00e0 m\u00e8o, vi\u1ec7c c\u1eaft t\u1ec9a kh\u00f4ng ch\u1ec9 \u0111\u01a1n thu\u1ea7n l\u00e0 gi\u00fap ch\u00fang tr\u00f4ng \u0111\u1eb9p m\u00e0 c\u00f2n l\u00e0 m\u1ed9t ph\u1ea7n c\u1ee7a ch\u1ebf \u0111\u1ed9 ch\u0103m s\u00f3c s\u1ee9c kh\u1ecfe. V\u00ed d\u1ee5, ch\u00f3 Poodle hay m\u00e8o Persian c\u00f3 th\u1ec3 g\u1eb7p kh\u00f3 kh\u0103n trong vi\u1ec7c t\u1ef1 ch\u0103m s\u00f3c l\u00f4ng n\u1ebfu kh\u00f4ng \u0111\u01b0\u1ee3c c\u1eaft t\u1ec9a th\u01b0\u1eddng xuy\u00ean.<\/span>\n\t\t\t\t\t\t\t\t\t<\/li>\n\t\t\t\t\t\t\t\t<li class=\"elementor-icon-list-item\">\n\t\t\t\t\t\t\t\t\t\t<span class=\"elementor-icon-list-text\"><b>Ch\u1ea3i l\u00f4ng c\u0169ng quan tr\u1ecdng nh\u01b0 c\u1eaft t\u1ec9a<\/b>: Ch\u1ea3i l\u00f4ng \u0111\u1ec1u \u0111\u1eb7n gi\u00fap lo\u1ea1i b\u1ecf l\u00f4ng r\u1ee5ng, b\u1ee5i b\u1ea9n v\u00e0 gi\u00fap ph\u00e1t hi\u1ec7n k\u1ecbp th\u1eddi c\u00e1c v\u1ea5n \u0111\u1ec1 v\u1ec1 da, nh\u01b0 vi\u00eam da hay k\u00fd sinh tr\u00f9ng.<\/span>\n\t\t\t\t\t\t\t\t\t<\/li>\n\t\t\t\t\t\t<\/ul>\n\t\t\t\t\t\t<\/div>\n\t\t\t\t\t<\/div>\n\t\t\t\t<\/div>\n\t\t<div class=\"elementor-element elementor-element-b3a34b4 e-flex e-con-boxed e-con e-parent\" data-id=\"b3a34b4\" data-element_type=\"container\" data-e-type=\"container\" data-settings=\"{&quot;background_background&quot;:&quot;classic&quot;}\">\n\t\t\t\t\t<div class=\"e-con-inner\">\n\t\t\t\t<div class=\"elementor-element elementor-element-39e1f2b animated-slow elementor-invisible elementor-widget elementor-widget-heading\" data-id=\"39e1f2b\" data-element_type=\"widget\" data-e-type=\"widget\" data-settings=\"{&quot;_animation&quot;:&quot;fadeInUp&quot;}\" data-widget_type=\"heading.default\">\n\t\t\t\t\t<h2 class=\"elementor-heading-title elementor-size-default\">Quy Tr\u00ecnh C\u1eaft T\u1ec9a L\u00f4ng Cho Th\u00fa C\u01b0ng<\/h2>\t\t\t\t<\/div>\n\t\t\t\t\t<\/div>\n\t\t\t\t<\/div>\n\t\t<div class=\"elementor-element elementor-element-2cde439 e-flex e-con-boxed e-con e-parent\" data-id=\"2cde439\" data-element_type=\"container\" data-e-type=\"container\">\n\t\t\t\t\t<div class=\"e-con-inner\">\n\t\t\t\t<div class=\"elementor-element elementor-element-b2c1dd9 elementor-icon-list--layout-traditional elementor-list-item-link-full_width elementor-widget elementor-widget-icon-list\" data-id=\"b2c1dd9\" data-element_type=\"widget\" data-e-type=\"widget\" data-widget_type=\"icon-list.default\">\n\t\t\t\t\t\t\t<ul class=\"elementor-icon-list-items\">\n\t\t\t\t\t\t\t<li class=\"elementor-icon-list-item\">\n\t\t\t\t\t\t\t\t\t\t<span class=\"elementor-icon-list-text\"><b>1. Kh\u00e1m v\u00e0 \u0111\u00e1nh gi\u00e1 t\u00ecnh tr\u1ea1ng l\u00f4ng:<\/b> Tr\u01b0\u1edbc khi c\u1eaft t\u1ec9a, k\u1ef9 thu\u1eadt vi\u00ean s\u1ebd ki\u1ec3m tra l\u00f4ng c\u1ee7a th\u00fa c\u01b0ng, x\u00e1c \u0111\u1ecbnh nh\u1eefng khu v\u1ef1c l\u00f4ng c\u1ea7n c\u1eaft, ch\u1ec9nh s\u1eeda hay l\u00e0m m\u01b0\u1ee3t.<\/span>\n\t\t\t\t\t\t\t\t\t<\/li>\n\t\t\t\t\t\t\t\t<li class=\"elementor-icon-list-item\">\n\t\t\t\t\t\t\t\t\t\t<span class=\"elementor-icon-list-text\"><b>2. Ch\u1ea3i l\u00f4ng<\/b>: Tr\u01b0\u1edbc khi c\u1eaft, th\u00fa c\u01b0ng s\u1ebd \u0111\u01b0\u1ee3c ch\u1ea3i l\u00f4ng \u0111\u1ec3 lo\u1ea1i b\u1ecf l\u00f4ng r\u1ee5ng, b\u1ee5i b\u1ea9n, v\u00e0 g\u1ee1 r\u1ed1i. \u0110\u00e2y l\u00e0 b\u01b0\u1edbc quan tr\u1ecdng gi\u00fap vi\u1ec7c c\u1eaft t\u1ec9a d\u1ec5 d\u00e0ng h\u01a1n v\u00e0 kh\u00f4ng g\u00e2y \u0111au cho th\u00fa c\u01b0ng<\/span>\n\t\t\t\t\t\t\t\t\t<\/li>\n\t\t\t\t\t\t\t\t<li class=\"elementor-icon-list-item\">\n\t\t\t\t\t\t\t\t\t\t<span class=\"elementor-icon-list-text\"><b>3. C\u1eaft t\u1ec9a l\u00f4ng<\/b>: S\u1eed d\u1ee5ng c\u00e1c c\u00f4ng c\u1ee5 chuy\u00ean d\u1ee5ng nh\u01b0 k\u00e9o, t\u00f4ng \u0111\u01a1 \u0111\u1ec3 c\u1eaft t\u1ec9a l\u00f4ng \u1edf c\u00e1c v\u00f9ng c\u1ea7n thi\u1ebft. T\u00f9y v\u00e0o y\u00eau c\u1ea7u, k\u1ef9 thu\u1eadt vi\u00ean c\u00f3 th\u1ec3 t\u1ec9a l\u00f4ng m\u1ed9t c\u00e1ch t\u1ef1 nhi\u00ean ho\u1eb7c t\u1ea1o ki\u1ec3u theo s\u1edf th\u00edch.<\/span>\n\t\t\t\t\t\t\t\t\t<\/li>\n\t\t\t\t\t\t\t\t<li class=\"elementor-icon-list-item\">\n\t\t\t\t\t\t\t\t\t\t<span class=\"elementor-icon-list-text\"><span style=\"font-size: medium\"><b>4. Ki\u1ec3m tra v\u00e0 ch\u0103m s\u00f3c sau c\u1eaft<\/b>: Sau khi c\u1eaft t\u1ec9a, th\u00fa c\u01b0ng s\u1ebd \u0111\u01b0\u1ee3c ki\u1ec3m tra l\u1ea1i t\u00ecnh tr\u1ea1ng l\u00f4ng v\u00e0 da, \u0111\u1ea3m b\u1ea3o kh\u00f4ng c\u00f3 v\u00f9ng da b\u1ecb t\u1ed5n th\u01b0\u01a1ng v\u00e0 kh\u00f4ng c\u00f3 d\u1ecb \u1ee9ng hay vi\u00eam nhi\u1ec5m. N\u1ebfu c\u1ea7n, da s\u1ebd \u0111\u01b0\u1ee3c d\u01b0\u1ee1ng \u1ea9m ho\u1eb7c l\u00e0m s\u1ea1c<\/span><\/span>\n\t\t\t\t\t\t\t\t\t<\/li>\n\t\t\t\t\t\t<\/ul>\n\t\t\t\t\t\t<\/div>\n\t\t\t\t\t<\/div>\n\t\t\t\t<\/div>\n\t\t<div class=\"elementor-element elementor-element-b4ccdbc e-flex e-con-boxed e-con e-parent\" data-id=\"b4ccdbc\" data-element_type=\"container\" data-e-type=\"container\" data-settings=\"{&quot;background_background&quot;:&quot;classic&quot;}\">\n\t\t\t\t\t<div class=\"e-con-inner\">\n\t\t\t\t<div class=\"elementor-element elementor-element-a04a2fc animated-slow elementor-invisible elementor-widget elementor-widget-heading\" data-id=\"a04a2fc\" data-element_type=\"widget\" data-e-type=\"widget\" data-settings=\"{&quot;_animation&quot;:&quot;fadeInUp&quot;}\" data-widget_type=\"heading.default\">\n\t\t\t\t\t<h2 class=\"elementor-heading-title elementor-size-default\">C\u00e1c C\u00e2u H\u1ecfi Th\u01b0\u1eddng G\u1eb7p<\/h2>\t\t\t\t<\/div>\n\t\t\t\t\t<\/div>\n\t\t\t\t<\/div>\n\t\t<div class=\"elementor-element elementor-element-8fd6574 e-flex e-con-boxed e-con e-parent\" data-id=\"8fd6574\" data-element_type=\"container\" data-e-type=\"container\">\n\t\t\t\t\t<div class=\"e-con-inner\">\n\t\t\t\t<div class=\"elementor-element elementor-element-ba82500 elementor-widget elementor-widget-text-editor\" data-id=\"ba82500\" data-element_type=\"widget\" data-e-type=\"widget\" data-widget_type=\"text-editor.default\">\n\t\t\t\t\t\t\t\t\t<p><b>T\u1ea1i sao c\u1ea7n c\u1eaft t\u1ec9a l\u00f4ng cho th\u00fa c\u01b0ng?<\/b><\/p><p>C\u1eaft t\u1ec9a l\u00f4ng gi\u00fap lo\u1ea1i b\u1ecf l\u00f4ng r\u1ed1i, b\u1ee5i b\u1ea9n, v\u00e0 tr\u00e1nh t\u00ecnh tr\u1ea1ng da b\u1ecb k\u00edch \u1ee9ng. \u0110\u1ed3ng th\u1eddi, vi\u1ec7c n\u00e0y gi\u00fap th\u00fa c\u01b0ng c\u1ea3m th\u1ea5y tho\u1ea3i m\u00e1i h\u01a1n v\u00e0 b\u1ea3o v\u1ec7 ch\u00fang kh\u1ecfi c\u00e1c v\u1ea5n \u0111\u1ec1 v\u1ec1 da.<\/p><p><b>Bao l\u00e2u n\u00ean c\u1eaft t\u1ec9a l\u00f4ng cho th\u00fa c\u01b0ng m\u1ed9t l\u1ea7n?<\/b><\/p><p>Th\u00f4ng th\u01b0\u1eddng, b\u1ea1n n\u00ean c\u1eaft t\u1ec9a l\u00f4ng cho ch\u00f3 v\u00e0 m\u00e8o kho\u1ea3ng 2-3 th\u00e1ng m\u1ed9t l\u1ea7n, t\u00f9y thu\u1ed9c v\u00e0o lo\u1ea1i l\u00f4ng v\u00e0 gi\u1ed1ng lo\u00e0i c\u1ee7a th\u00fa c\u01b0ng. N\u1ebfu l\u00f4ng d\u00e0i v\u00e0 d\u1ec5 r\u1ed1i, b\u1ea1n c\u00f3 th\u1ec3 c\u1ea7n c\u1eaft t\u1ec9a th\u01b0\u1eddng xuy\u00ean h\u01a1n.<\/p><p><b>C\u1eaft t\u1ec9a l\u00f4ng cho th\u00fa c\u01b0ng c\u00f3 \u0111au kh\u00f4ng?<\/b><\/p><p>N\u1ebfu th\u1ef1c hi\u1ec7n \u0111\u00fang k\u1ef9 thu\u1eadt, vi\u1ec7c c\u1eaft t\u1ec9a l\u00f4ng cho th\u00fa c\u01b0ng kh\u00f4ng g\u00e2y \u0111au \u0111\u1edbn. Tuy nhi\u00ean, b\u1ea1n c\u1ea7n ph\u1ea3i s\u1eed d\u1ee5ng d\u1ee5ng c\u1ee5 c\u1eaft l\u00f4ng chuy\u00ean d\u1ee5ng v\u00e0 c\u00f3 kinh nghi\u1ec7m \u0111\u1ec3 tr\u00e1nh l\u00e0m th\u00fa c\u01b0ng b\u1ecb th\u01b0\u01a1ng.<\/p>\t\t\t\t\t\t\t\t<\/div>\n\t\t\t\t\t<\/div>\n\t\t\t\t<\/div>\n\t\t<div class=\"elementor-element elementor-element-0648447 e-flex e-con-boxed e-con e-parent\" data-id=\"0648447\" data-element_type=\"container\" data-e-type=\"container\" data-settings=\"{&quot;background_background&quot;:&quot;classic&quot;}\">\n\t\t\t\t\t<div class=\"e-con-inner\">\n\t\t\t\t<div class=\"elementor-element elementor-element-d115b34 animated-slow elementor-invisible elementor-widget elementor-widget-heading\" data-id=\"d115b34\" data-element_type=\"widget\" data-e-type=\"widget\" data-settings=\"{&quot;_animation&quot;:&quot;fadeInUp&quot;}\" data-widget_type=\"heading.default\">\n\t\t\t\t\t<h2 class=\"elementor-heading-title elementor-size-default\">\u0110\u1eb6T L\u1ecaCH H\u1eb8N TR\u1ef0C TUY\u1ebeN \u0110\u1ec2 \u0110\u01af\u1ee2C PH\u1ee4C V\u1ee4 NGAY KHI \u0110\u1ebeN PH\u00d2NG KH\u00c1M<\/h2>\t\t\t\t<\/div>\n\t\t\t\t\t<\/div>\n\t\t\t\t<\/div>\n\t\t<div class=\"elementor-element elementor-element-3e1206b0 e-con-full e-flex e-con e-parent\" data-id=\"3e1206b0\" data-element_type=\"container\" data-e-type=\"container\" data-settings=\"{&quot;background_background&quot;:&quot;classic&quot;}\">\n\t\t\t\t<div class=\"elementor-element elementor-element-17d73427 elementor-widget elementor-widget-shortcode\" data-id=\"17d73427\" data-element_type=\"widget\" data-e-type=\"widget\" data-widget_type=\"shortcode.default\">\n\t\t\t\t\t\t\t<div class=\"elementor-shortcode\"><div class=\"forminator-ui forminator-custom-form forminator-custom-form-355 forminator-design--default  forminator_ajax\" data-forminator-render=\"0\" data-form=\"forminator-module-355\" data-uid=\"69ee2cd16ffab\"><br\/><\/div><form\n\t\t\t\tid=\"forminator-module-355\"\n\t\t\t\tclass=\"forminator-ui forminator-custom-form forminator-custom-form-355 forminator-design--default  forminator_ajax\"\n\t\t\t\tmethod=\"post\"\n\t\t\t\tdata-forminator-render=\"0\"\n\t\t\t\tdata-form-id=\"355\"\n\t\t\t\t data-color-option=\"theme\" data-design=\"default\" data-grid=\"open\" style=\"display: none;\"\n\t\t\t\tdata-uid=\"69ee2cd16ffab\"\n\t\t\t><div role=\"alert\" aria-live=\"polite\" class=\"forminator-response-message forminator-error\" aria-hidden=\"true\"><\/div><div class=\"forminator-row\"><div id=\"name-1\" class=\"forminator-field-name forminator-col forminator-col-12 \"><div class=\"forminator-field\"><label for=\"forminator-field-name-1_69ee2cd16ffab\" id=\"forminator-field-name-1_69ee2cd16ffab-label\" class=\"forminator-label\">H\u1ecd v\u00e0 t\u00ean<\/label><input type=\"text\" name=\"name-1\" value=\"\" placeholder=\"H\u1ecd v\u00e0 t\u00ean\" id=\"forminator-field-name-1_69ee2cd16ffab\" class=\"forminator-input forminator-name--field\" aria-required=\"false\" autocomplete=\"name\" \/><\/div><\/div><\/div><div class=\"forminator-row\"><div id=\"phone-1\" class=\"forminator-field-phone forminator-col forminator-col-12 \"><div class=\"forminator-field\"><label for=\"forminator-field-phone-1_69ee2cd16ffab\" id=\"forminator-field-phone-1_69ee2cd16ffab-label\" class=\"forminator-label\">S\u1ed1 \u0111i\u1ec7n tho\u1ea1i<\/label><input type=\"text\" name=\"phone-1\" value=\"\" placeholder=\"S\u1ed1 \u0111i\u1ec7n tho\u1ea1i\" id=\"forminator-field-phone-1_69ee2cd16ffab\" class=\"forminator-input forminator-field--phone\" data-required=\"\" aria-required=\"false\" autocomplete=\"off\" \/><\/div><\/div><\/div><div class=\"forminator-row\"><div id=\"date-1\" class=\"forminator-field-date forminator-col forminator-col-12 \"><div class=\"forminator-field\"><label for=\"forminator-field-date-1-picker_69ee2cd16ffab\" id=\"forminator-field-date-1-picker_69ee2cd16ffab-label\" class=\"forminator-label\">Ng\u00e0y \u0111\u1ebfn kh\u00e1m<\/label><div class=\"forminator-input-with-icon\"><span class=\"forminator-icon-calendar\" aria-hidden=\"true\"><\/span><input autocomplete=\"off\" type=\"text\" size=\"1\" name=\"date-1\" value=\"\" placeholder=\"Ng\u00e0y \u0111\u1ebfn kh\u00e1m\" id=\"forminator-field-date-1-picker_69ee2cd16ffab\" class=\"forminator-input forminator-datepicker\" data-required=\"\" data-format=\"dd-mm-yy\" data-restrict-type=\"\" data-restrict=\"\" data-start-year=\"1926\" data-end-year=\"2126\" data-past-dates=\"enable\" data-start-of-week=\"1\" data-start-date=\"\" data-end-date=\"\" data-start-field=\"\" data-end-field=\"\" data-start-offset=\"\" data-end-offset=\"\" data-disable-date=\"\" data-disable-range=\"\" \/><\/div><\/div><\/div><\/div><div class=\"forminator-row\"><div id=\"radio-1\" class=\"forminator-field-radio forminator-col forminator-col-12 \"><div role=\"radiogroup\" class=\"forminator-field\" aria-labelledby=\"forminator-radiogroup-radio-1-69ee2cd16ffab-label\"><span id=\"forminator-radiogroup-radio-1-69ee2cd16ffab-label\" class=\"forminator-label\">L\u1ef1a ch\u1ecdn d\u1ecbch v\u1ee5 <span class=\"forminator-required\">*<\/span><\/span><label id=\"forminator-field-radio-1-label-1\" for=\"forminator-field-radio-1-1-69ee2cd16ffab\" class=\"forminator-radio\" title=\"D\u1ecbch v\u1ee5 ch\u0103m s\u00f3c c\u01a1 b\u1ea3n\"><input type=\"radio\" name=\"radio-1\" value=\"one\" id=\"forminator-field-radio-1-1-69ee2cd16ffab\" aria-labelledby=\"forminator-field-radio-1-label-1\" data-calculation=\"0\"   data-hidden-behavior=\"zero\"\/><span class=\"forminator-radio-bullet\" aria-hidden=\"true\"><\/span><span class=\"forminator-radio-label\">D\u1ecbch v\u1ee5 ch\u0103m s\u00f3c c\u01a1 b\u1ea3n<\/span><\/label><label id=\"forminator-field-radio-1-label-2\" for=\"forminator-field-radio-1-2-69ee2cd16ffab\" class=\"forminator-radio\" title=\"D\u1ecbch v\u1ee5 ch\u0103m s\u00f3c s\u1ee9c kh\u1ecfe\"><input type=\"radio\" name=\"radio-1\" value=\"two\" id=\"forminator-field-radio-1-2-69ee2cd16ffab\" aria-labelledby=\"forminator-field-radio-1-label-2\" data-calculation=\"0\"   data-hidden-behavior=\"zero\"\/><span class=\"forminator-radio-bullet\" aria-hidden=\"true\"><\/span><span class=\"forminator-radio-label\">D\u1ecbch v\u1ee5 ch\u0103m s\u00f3c s\u1ee9c kh\u1ecfe<\/span><\/label><label id=\"forminator-field-radio-1-label-3\" for=\"forminator-field-radio-1-3-69ee2cd16ffab\" class=\"forminator-radio\" title=\"D\u1ecbch v\u1ee5 hu\u1ea5n luy\u1ec7n\"><input type=\"radio\" name=\"radio-1\" value=\"D\u1ecbch-v\u1ee5-hu\u1ea5n-luy\u1ec7n\" id=\"forminator-field-radio-1-3-69ee2cd16ffab\" aria-labelledby=\"forminator-field-radio-1-label-3\" data-calculation=\"0\"   data-hidden-behavior=\"zero\"\/><span class=\"forminator-radio-bullet\" aria-hidden=\"true\"><\/span><span class=\"forminator-radio-label\">D\u1ecbch v\u1ee5 hu\u1ea5n luy\u1ec7n<\/span><\/label><label id=\"forminator-field-radio-1-label-4\" for=\"forminator-field-radio-1-4-69ee2cd16ffab\" class=\"forminator-radio\" title=\"D\u1ecbch v\u1ee5 tr\u00f4ng gi\u1eef v\u00e0 ch\u0103m s\u00f3c t\u1ea1i nh\u00e0\"><input type=\"radio\" name=\"radio-1\" value=\"D\u1ecbch-v\u1ee5-tr\u00f4ng-gi\u1eef-v\u00e0-ch\u0103m-s\u00f3c-t\u1ea1i-nh\u00e0\" id=\"forminator-field-radio-1-4-69ee2cd16ffab\" aria-labelledby=\"forminator-field-radio-1-label-4\" data-calculation=\"0\"   data-hidden-behavior=\"zero\"\/><span class=\"forminator-radio-bullet\" aria-hidden=\"true\"><\/span><span class=\"forminator-radio-label\">D\u1ecbch v\u1ee5 tr\u00f4ng gi\u1eef v\u00e0 ch\u0103m s\u00f3c t\u1ea1i nh\u00e0<\/span><\/label><label id=\"forminator-field-radio-1-label-5\" for=\"forminator-field-radio-1-5-69ee2cd16ffab\" class=\"forminator-radio\" title=\"D\u1ecbch v\u1ee5 l\u00e0m \u0111\u1eb9p v\u00e0 spa\"><input type=\"radio\" name=\"radio-1\" value=\"D\u1ecbch-v\u1ee5-l\u00e0m-\u0111\u1eb9p-v\u00e0-spa\" id=\"forminator-field-radio-1-5-69ee2cd16ffab\" aria-labelledby=\"forminator-field-radio-1-label-5\" data-calculation=\"0\"   data-hidden-behavior=\"zero\"\/><span class=\"forminator-radio-bullet\" aria-hidden=\"true\"><\/span><span class=\"forminator-radio-label\">D\u1ecbch v\u1ee5 l\u00e0m \u0111\u1eb9p v\u00e0 spa<\/span><\/label><label id=\"forminator-field-radio-1-label-6\" for=\"forminator-field-radio-1-6-69ee2cd16ffab\" class=\"forminator-radio\" title=\"D\u1ecbch v\u1ee5 dinh d\u01b0\u1ee1ng\"><input type=\"radio\" name=\"radio-1\" value=\"D\u1ecbch-v\u1ee5-dinh-d\u01b0\u1ee1ng\" id=\"forminator-field-radio-1-6-69ee2cd16ffab\" aria-labelledby=\"forminator-field-radio-1-label-6\" data-calculation=\"0\"   data-hidden-behavior=\"zero\"\/><span class=\"forminator-radio-bullet\" aria-hidden=\"true\"><\/span><span class=\"forminator-radio-label\">D\u1ecbch v\u1ee5 dinh d\u01b0\u1ee1ng<\/span><\/label><\/div><\/div><\/div><input type=\"hidden\" name=\"referer_url\" value=\"\" \/><div class=\"forminator-row forminator-row-last\"><div class=\"forminator-col\"><div class=\"forminator-field\"><button class=\"forminator-button forminator-button-submit\">\u0110\u1eb6T L\u1ecaCH KH&Aacute;M<\/button><\/div><\/div><\/div><input type=\"hidden\" id=\"forminator_nonce\" name=\"forminator_nonce\" value=\"6cae4163d5\" \/><input type=\"hidden\" name=\"_wp_http_referer\" value=\"\/index.php\/wp-json\/wp\/v2\/pages\/90\" \/><input type=\"hidden\" name=\"form_id\" value=\"355\"><input type=\"hidden\" name=\"page_id\" value=\"90\"><input type=\"hidden\" name=\"form_type\" value=\"default\"><input type=\"hidden\" name=\"current_url\" value=\"https:\/\/hanhtrinhkydieu.id.vn\/index.php\/dich-vu-cham-soc-co-ban\/\"><input type=\"hidden\" name=\"render_id\" value=\"0\"><input type=\"hidden\" name=\"action\" value=\"forminator_submit_form_custom-forms\"><\/form><\/div>\n\t\t\t\t\t\t<\/div>\n\t\t\t\t<\/div>\n\t\t\t\t<\/div>\n\t\t","protected":false},"excerpt":{"rendered":"<p>C\u1eaeT T\u1ec8A L\u00d4NG T\u1ea1i Sao C\u1ea7n C\u1eaft T\u1ec9a L\u00f4ng \u0110\u1ecbnh K\u1ef3 Cho Th\u00fa C\u01b0ng ? Gi\u1ea3m nguy c\u01a1 l\u00f4ng r\u1ed1i v\u00e0 t\u1eafc ngh\u1ebdn: L\u00f4ng d\u00e0i v\u00e0 d\u00e0y c\u00f3 th\u1ec3 d\u1ec5 d\u00e0ng b\u1ecb r\u1ed1i, g\u00e2y kh\u00f3 ch\u1ecbu cho th\u00fa c\u01b0ng. C\u1eaft t\u1ec9a l\u00f4ng gi\u00fap gi\u1ea3m t\u00ecnh tr\u1ea1ng n\u00e0y, \u0111\u1eb7c bi\u1ec7t \u0111\u1ed1i v\u1edbi nh\u1eefng gi\u1ed1ng ch\u00f3 v\u00e0&#8230;<\/p>\n","protected":false},"author":1,"featured_media":0,"parent":0,"menu_order":0,"comment_status":"closed","ping_status":"closed","template":"","meta":{"_kadence_starter_templates_imported_post":false,"_kad_post_transparent":"","_kad_post_title":"hide","_kad_post_layout":"fullwidth","_kad_post_sidebar_id":"","_kad_post_content_style":"unboxed","_kad_post_vertical_padding":"hide","_kad_post_feature":"hide","_kad_post_feature_position":"","_kad_post_header":false,"_kad_post_footer":false,"_kad_post_classname":"","footnotes":""},"class_list":["post-90","page","type-page","status-publish","hentry"],"_links":{"self":[{"href":"https:\/\/hanhtrinhkydieu.id.vn\/index.php\/wp-json\/wp\/v2\/pages\/90","targetHints":{"allow":["GET"]}}],"collection":[{"href":"https:\/\/hanhtrinhkydieu.id.vn\/index.php\/wp-json\/wp\/v2\/pages"}],"about":[{"href":"https:\/\/hanhtrinhkydieu.id.vn\/index.php\/wp-json\/wp\/v2\/types\/page"}],"author":[{"embeddable":true,"href":"https:\/\/hanhtrinhkydieu.id.vn\/index.php\/wp-json\/wp\/v2\/users\/1"}],"replies":[{"embeddable":true,"href":"https:\/\/hanhtrinhkydieu.id.vn\/index.php\/wp-json\/wp\/v2\/comments?post=90"}],"version-history":[{"count":5,"href":"https:\/\/hanhtrinhkydieu.id.vn\/index.php\/wp-json\/wp\/v2\/pages\/90\/revisions"}],"predecessor-version":[{"id":493,"href":"https:\/\/hanhtrinhkydieu.id.vn\/index.php\/wp-json\/wp\/v2\/pages\/90\/revisions\/493"}],"wp:attachment":[{"href":"https:\/\/hanhtrinhkydieu.id.vn\/index.php\/wp-json\/wp\/v2\/media?parent=90"}],"curies":[{"name":"wp","href":"https:\/\/api.w.org\/{rel}","templated":true}]}}