{"id":96,"date":"2024-12-09T03:57:44","date_gmt":"2024-12-09T03:57:44","guid":{"rendered":"https:\/\/hanhtrinhkydieu.id.vn\/?page_id=96"},"modified":"2024-12-12T07:29:23","modified_gmt":"2024-12-12T07:29:23","slug":"cat-mong","status":"publish","type":"page","link":"https:\/\/hanhtrinhkydieu.id.vn\/index.php\/cat-mong\/","title":{"rendered":"C\u1eaft m\u00f3ng"},"content":{"rendered":"\t\t<div data-elementor-type=\"wp-page\" data-elementor-id=\"96\" class=\"elementor elementor-96\">\n\t\t\t\t<div class=\"elementor-element elementor-element-23068c1 e-flex e-con-boxed e-con e-parent\" data-id=\"23068c1\" data-element_type=\"container\" data-e-type=\"container\" data-settings=\"{&quot;background_background&quot;:&quot;classic&quot;}\">\n\t\t\t\t\t<div class=\"e-con-inner\">\n\t\t\t\t<div class=\"elementor-element elementor-element-c0ffee1 animated-slow elementor-invisible elementor-widget elementor-widget-heading\" data-id=\"c0ffee1\" data-element_type=\"widget\" data-e-type=\"widget\" data-settings=\"{&quot;_animation&quot;:&quot;fadeInUp&quot;}\" data-widget_type=\"heading.default\">\n\t\t\t\t\t<h2 class=\"elementor-heading-title elementor-size-default\">C\u1eaeT M\u00d3NG<\/h2>\t\t\t\t<\/div>\n\t\t\t\t\t<\/div>\n\t\t\t\t<\/div>\n\t\t<div class=\"elementor-element elementor-element-1283387 e-flex e-con-boxed e-con e-parent\" data-id=\"1283387\" data-element_type=\"container\" data-e-type=\"container\">\n\t\t\t\t\t<div class=\"e-con-inner\">\n\t\t<div class=\"elementor-element elementor-element-150bb98 e-con-full e-flex e-con e-child\" data-id=\"150bb98\" data-element_type=\"container\" data-e-type=\"container\">\n\t\t\t\t<div class=\"elementor-element elementor-element-efc79c7 elementor-widget elementor-widget-image\" data-id=\"efc79c7\" data-element_type=\"widget\" data-e-type=\"widget\" data-widget_type=\"image.default\">\n\t\t\t\t\t\t\t\t\t\t\t\t\t\t\t<img fetchpriority=\"high\" decoding=\"async\" width=\"602\" height=\"372\" src=\"https:\/\/hanhtrinhkydieu.id.vn\/wp-content\/uploads\/2024\/12\/2b1cd30fd39169cf3080.jpg\" class=\"attachment-large size-large wp-image-475\" alt=\"\" srcset=\"https:\/\/hanhtrinhkydieu.id.vn\/wp-content\/uploads\/2024\/12\/2b1cd30fd39169cf3080.jpg 602w, https:\/\/hanhtrinhkydieu.id.vn\/wp-content\/uploads\/2024\/12\/2b1cd30fd39169cf3080-300x185.jpg 300w, https:\/\/hanhtrinhkydieu.id.vn\/wp-content\/uploads\/2024\/12\/2b1cd30fd39169cf3080-24x15.jpg 24w, https:\/\/hanhtrinhkydieu.id.vn\/wp-content\/uploads\/2024\/12\/2b1cd30fd39169cf3080-36x22.jpg 36w, https:\/\/hanhtrinhkydieu.id.vn\/wp-content\/uploads\/2024\/12\/2b1cd30fd39169cf3080-48x30.jpg 48w, https:\/\/hanhtrinhkydieu.id.vn\/wp-content\/uploads\/2024\/12\/2b1cd30fd39169cf3080-600x371.jpg 600w\" sizes=\"(max-width: 602px) 100vw, 602px\" \/>\t\t\t\t\t\t\t\t\t\t\t\t\t\t\t<\/div>\n\t\t\t\t<\/div>\n\t\t<div class=\"elementor-element elementor-element-7195c8e e-con-full e-flex e-con e-child\" data-id=\"7195c8e\" data-element_type=\"container\" data-e-type=\"container\">\n\t\t\t\t<div class=\"elementor-element elementor-element-4890cb4 animated-slow elementor-invisible elementor-widget elementor-widget-heading\" data-id=\"4890cb4\" data-element_type=\"widget\" data-e-type=\"widget\" data-settings=\"{&quot;_animation&quot;:&quot;fadeInUp&quot;}\" data-widget_type=\"heading.default\">\n\t\t\t\t\t<h2 class=\"elementor-heading-title elementor-size-default\">T\u1ea1i sao c\u1ea7n c\u1eaft m\u00f3ng \u0111\u1ecbnh k\u1ef3 cho th\u00fa c\u01b0ng?<\/h2>\t\t\t\t<\/div>\n\t\t\t\t<div class=\"elementor-element elementor-element-256e1b0 elementor-icon-list--layout-traditional elementor-list-item-link-full_width elementor-widget elementor-widget-icon-list\" data-id=\"256e1b0\" data-element_type=\"widget\" data-e-type=\"widget\" data-widget_type=\"icon-list.default\">\n\t\t\t\t\t\t\t<ul class=\"elementor-icon-list-items\">\n\t\t\t\t\t\t\t<li class=\"elementor-icon-list-item\">\n\t\t\t\t\t\t\t\t\t\t<span class=\"elementor-icon-list-text\"><b>Gi\u1ea3m Nguy C\u01a1 Nhi\u1ec5m Tr\u00f9ng<\/b>: M\u00f3ng qu\u00e1 d\u00e0i c\u00f3 th\u1ec3 l\u00e0m thay \u0111\u1ed5i c\u00e1ch \u0111i l\u1ea1i c\u1ee7a th\u00fa c\u01b0ng, d\u1eabn \u0111\u1ebfn v\u1ea5n \u0111\u1ec1 \u0111au ch\u00e2n ho\u1eb7c c\u00e1c v\u1ebft th\u01b0\u01a1ng.<\/span>\n\t\t\t\t\t\t\t\t\t<\/li>\n\t\t\t\t\t\t\t\t<li class=\"elementor-icon-list-item\">\n\t\t\t\t\t\t\t\t\t\t<span class=\"elementor-icon-list-text\"><b>Gi\u00fap Th\u00fa C\u01b0ng C\u1ea3m Th\u1ea5y Tho\u1ea3i M\u00e1i H\u01a1n: <\/b>Khi m\u00f3ng \u0111\u01b0\u1ee3c c\u1eaft t\u1ec9a \u0111\u1ec1u \u0111\u1eb7n<b>, <\/b>th\u00fa c\u01b0ng s\u1ebd c\u1ea3m th\u1ea5y tho\u1ea3i m\u00e1i h\u01a1n trong c\u00e1c ho\u1ea1t \u0111\u1ed9ng h\u00e0ng ng\u00e0y, t\u1eeb vi\u1ec7c ch\u1ea1y nh\u1ea3y cho \u0111\u1ebfn vi\u1ec7c ngh\u1ec9 ng\u01a1i. \u0110i\u1ec1u n\u00e0y s\u1ebd gi\u00fap th\u00fa c\u01b0ng duy tr\u00ec s\u1ee9c kh\u1ecfe t\u1ed1t v\u00e0 vui v\u1ebb h\u01a1n<\/span>\n\t\t\t\t\t\t\t\t\t<\/li>\n\t\t\t\t\t\t<\/ul>\n\t\t\t\t\t\t<\/div>\n\t\t\t\t<\/div>\n\t\t\t\t\t<\/div>\n\t\t\t\t<\/div>\n\t\t<div class=\"elementor-element elementor-element-e7d6adc e-flex e-con-boxed e-con e-parent\" data-id=\"e7d6adc\" data-element_type=\"container\" data-e-type=\"container\" data-settings=\"{&quot;background_background&quot;:&quot;classic&quot;}\">\n\t\t\t\t\t<div class=\"e-con-inner\">\n\t\t\t\t<div class=\"elementor-element elementor-element-c97dd9b animated-slow elementor-invisible elementor-widget elementor-widget-heading\" data-id=\"c97dd9b\" data-element_type=\"widget\" data-e-type=\"widget\" data-settings=\"{&quot;_animation&quot;:&quot;fadeInUp&quot;}\" data-widget_type=\"heading.default\">\n\t\t\t\t\t<h2 class=\"elementor-heading-title elementor-size-default\">B\u1ea1n c\u00f3 th\u1ec3 ch\u01b0a bi\u1ebft?<\/h2>\t\t\t\t<\/div>\n\t\t\t\t\t<\/div>\n\t\t\t\t<\/div>\n\t\t<div class=\"elementor-element elementor-element-639daad e-flex e-con-boxed e-con e-parent\" data-id=\"639daad\" data-element_type=\"container\" data-e-type=\"container\">\n\t\t\t\t\t<div class=\"e-con-inner\">\n\t\t\t\t<div class=\"elementor-element elementor-element-9ca3587 elementor-widget elementor-widget-text-editor\" data-id=\"9ca3587\" data-element_type=\"widget\" data-e-type=\"widget\" data-widget_type=\"text-editor.default\">\n\t\t\t\t\t\t\t\t\t<p><b>M\u00f3ng c\u1ee7a th\u00fa c\u01b0ng c\u00f3 ch\u1ee9a c\u00e1c d\u00e2y th\u1ea7n kinh v\u00e0 m\u1ea1ch m\u00e1u. V\u00ec v\u1eady, vi\u1ec7c c\u1eaft m\u00f3ng kh\u00f4ng \u0111\u00fang c\u00e1ch c\u00f3 th\u1ec3 g\u00e2y \u0111au \u0111\u1edbn cho th\u00fa c\u01b0ng. \u0110\u1eb7c bi\u1ec7t l\u00e0 v\u1edbi c\u00e1c gi\u1ed1ng ch\u00f3 m\u00e8o c\u00f3 m\u00f3ng s\u00e1ng m\u00e0u, b\u1ea1n c\u1ea7n c\u1ea9n th\u1eadn \u0111\u1ec3 kh\u00f4ng c\u1eaft v\u00e0o ph\u1ea7n s\u1ed1ng m\u00f3ng.<\/b><\/p><p><b>Vi\u1ec7c c\u1eaft m\u00f3ng kh\u00f4ng ch\u1ec9 l\u00e0 &#8220;c\u1eaft t\u1ec9a&#8221; m\u00e0 c\u00f2n l\u00e0 m\u1ed9t ngh\u1ec7 thu\u1eadt \u0111\u00f2i h\u1ecfi s\u1ef1 ch\u00ednh x\u00e1c v\u00e0 kinh nghi\u1ec7m. N\u1ebfu kh\u00f4ng l\u00e0m \u0111\u00fang c\u00e1ch, b\u1ea1n c\u00f3 th\u1ec3 l\u00e0m cho th\u00fa c\u01b0ng c\u1ea3m th\u1ea5y kh\u00f3 ch\u1ecbu ho\u1eb7c th\u1eadm ch\u00ed g\u00e2y t\u1ed5n th\u01b0\u01a1ng.\u00a0<\/b><\/p><p><b>T\u00f9y thu\u1ed9c v\u00e0o gi\u1ed1ng lo\u00e0i v\u00e0 \u0111\u1eb7c \u0111i\u1ec3m c\u1ee7a t\u1eebng con th\u00fa c\u01b0ng, th\u1eddi gian v\u00e0 c\u00e1ch c\u1eaft m\u00f3ng s\u1ebd kh\u00e1c nhau. V\u00ed d\u1ee5, m\u00e8o th\u01b0\u1eddng kh\u00f4ng c\u1ea7n c\u1eaft m\u00f3ng qu\u00e1 th\u01b0\u1eddng xuy\u00ean nh\u01b0 ch\u00f3.<\/b><\/p>\t\t\t\t\t\t\t\t<\/div>\n\t\t\t\t\t<\/div>\n\t\t\t\t<\/div>\n\t\t<div class=\"elementor-element elementor-element-a59d7df e-flex e-con-boxed e-con e-parent\" data-id=\"a59d7df\" data-element_type=\"container\" data-e-type=\"container\" data-settings=\"{&quot;background_background&quot;:&quot;classic&quot;}\">\n\t\t\t\t\t<div class=\"e-con-inner\">\n\t\t\t\t<div class=\"elementor-element elementor-element-95f8ce0 animated-slow elementor-invisible elementor-widget elementor-widget-heading\" data-id=\"95f8ce0\" data-element_type=\"widget\" data-e-type=\"widget\" data-settings=\"{&quot;_animation&quot;:&quot;fadeInUp&quot;}\" data-widget_type=\"heading.default\">\n\t\t\t\t\t<h2 class=\"elementor-heading-title elementor-size-default\">Quy tr\u00ecnh c\u1eaft m\u00f3ng<\/h2>\t\t\t\t<\/div>\n\t\t\t\t\t<\/div>\n\t\t\t\t<\/div>\n\t\t<div class=\"elementor-element elementor-element-4f975c0 e-flex e-con-boxed e-con e-parent\" data-id=\"4f975c0\" data-element_type=\"container\" data-e-type=\"container\">\n\t\t\t\t\t<div class=\"e-con-inner\">\n\t\t\t\t<div class=\"elementor-element elementor-element-c7d40b6 elementor-widget elementor-widget-text-editor\" data-id=\"c7d40b6\" data-element_type=\"widget\" data-e-type=\"widget\" data-widget_type=\"text-editor.default\">\n\t\t\t\t\t\t\t\t\t<p><b>1. Kh\u00e1m S\u1ee9c Kh\u1ecfe M\u00f3ng<\/b>: Tr\u01b0\u1edbc khi ti\u1ebfn h\u00e0nh c\u1eaft, nh\u00e2n vi\u00ean s\u1ebd ki\u1ec3m tra t\u00ecnh tr\u1ea1ng m\u00f3ng c\u1ee7a th\u00fa c\u01b0ng. N\u1ebfu m\u00f3ng b\u1ecb nhi\u1ec5m tr\u00f9ng hay c\u00f3 d\u1ea5u hi\u1ec7u b\u1ea5t th\u01b0\u1eddng, s\u1ebd c\u00f3 bi\u1ec7n ph\u00e1p x\u1eed l\u00fd th\u00edch h\u1ee3p.<\/p><p><b>2. V\u1ec7 Sinh M\u00f3ng<\/b>: Vi\u1ec7c l\u00e0m s\u1ea1ch m\u00f3ng l\u00e0 b\u01b0\u1edbc quan tr\u1ecdng tr\u01b0\u1edbc khi c\u1eaft, gi\u00fap tr\u00e1nh vi khu\u1ea9n x\u00e2m nh\u1eadp v\u00e0 g\u00e2y nhi\u1ec5m tr\u00f9ng.<\/p><p><b>3. C\u1eaft M\u00f3ng \u0110\u00fang K\u1ef9 Thu\u1eadt<\/b>: S\u1eed d\u1ee5ng c\u00f4ng c\u1ee5 c\u1eaft m\u00f3ng chuy\u00ean d\u1ee5ng, k\u1ef9 thu\u1eadt vi\u00ean s\u1ebd ti\u1ebfn h\u00e0nh c\u1eaft t\u1ec9a t\u1eebng chi\u1ebfc m\u00f3ng sao cho h\u1ee3p l\u00fd. \u0110\u1ea3m b\u1ea3o kh\u00f4ng c\u1eaft v\u00e0o ph\u1ea7n s\u1ed1ng c\u1ee7a m\u00f3ng \u0111\u1ec3 tr\u00e1nh g\u00e2y \u0111au \u0111\u1edbn cho th\u00fa c\u01b0ng.<\/p><p><b>4. Ki\u1ec3m Tra Sau Khi C\u1eaft<\/b>: Sau khi c\u1eaft xong, nh\u00e2n vi\u00ean s\u1ebd ki\u1ec3m tra l\u1ea1i m\u1ed9t l\u1ea7n n\u1eefa \u0111\u1ec3 ch\u1eafc ch\u1eafn r\u1eb1ng m\u00f3ng \u0111\u00e3 \u0111\u01b0\u1ee3c c\u1eaft \u0111\u00fang c\u00e1ch, kh\u00f4ng c\u00f3 v\u1ea5n \u0111\u1ec1 g\u00ec \u1ea3nh h\u01b0\u1edfng \u0111\u1ebfn s\u1ee9c kh\u1ecfe c\u1ee7a th\u00fa c\u01b0ng.<\/p><p><b>5. V\u1ec7 Sinh L\u1ea1i V\u00e0 Ch\u0103m S\u00f3c<\/b>: Sau khi c\u1eaft m\u00f3ng, th\u00fa c\u01b0ng s\u1ebd \u0111\u01b0\u1ee3c v\u1ec7 sinh l\u1ea1i ch\u00e2n v\u00e0 \u0111\u1ea3m b\u1ea3o kh\u00f4ng c\u00f3 c\u00e1c v\u1ebft th\u01b0\u01a1ng ho\u1eb7c d\u1ecb \u1ee9ng. N\u1ebfu c\u00f3 d\u1ea5u hi\u1ec7u b\u1ea5t th\u01b0\u1eddng, b\u1ea1n s\u1ebd \u0111\u01b0\u1ee3c h\u01b0\u1edbng d\u1eabn c\u00e1ch ch\u0103m s\u00f3c ti\u1ebfp theo<\/p>\t\t\t\t\t\t\t\t<\/div>\n\t\t\t\t\t<\/div>\n\t\t\t\t<\/div>\n\t\t<div class=\"elementor-element elementor-element-56e1f75 e-flex e-con-boxed e-con e-parent\" data-id=\"56e1f75\" data-element_type=\"container\" data-e-type=\"container\" data-settings=\"{&quot;background_background&quot;:&quot;classic&quot;}\">\n\t\t\t\t\t<div class=\"e-con-inner\">\n\t\t\t\t<div class=\"elementor-element elementor-element-58a9db4 animated-slow elementor-invisible elementor-widget elementor-widget-heading\" data-id=\"58a9db4\" data-element_type=\"widget\" data-e-type=\"widget\" data-settings=\"{&quot;_animation&quot;:&quot;fadeInUp&quot;}\" data-widget_type=\"heading.default\">\n\t\t\t\t\t<h2 class=\"elementor-heading-title elementor-size-default\">C\u00e1c c\u00e2u h\u1ecfi th\u01b0\u1eddng g\u1eb7p<\/h2>\t\t\t\t<\/div>\n\t\t\t\t\t<\/div>\n\t\t\t\t<\/div>\n\t\t<div class=\"elementor-element elementor-element-90d06ec e-flex e-con-boxed e-con e-parent\" data-id=\"90d06ec\" data-element_type=\"container\" data-e-type=\"container\">\n\t\t\t\t\t<div class=\"e-con-inner\">\n\t\t\t\t<div class=\"elementor-element elementor-element-917a1c7 elementor-widget elementor-widget-text-editor\" data-id=\"917a1c7\" data-element_type=\"widget\" data-e-type=\"widget\" data-widget_type=\"text-editor.default\">\n\t\t\t\t\t\t\t\t\t<p><b>1. M\u1ed7i bao l\u00e2u th\u00ec c\u1ea7n c\u1eaft m\u00f3ng cho th\u00fa c\u01b0ng?<\/b><\/p><p>T\u1ea7n su\u1ea5t c\u1eaft m\u00f3ng ph\u1ee5 thu\u1ed9c v\u00e0o gi\u1ed1ng lo\u00e0i v\u00e0 ho\u1ea1t \u0111\u1ed9ng c\u1ee7a th\u00fa c\u01b0ng. Th\u00f4ng th\u01b0\u1eddng, b\u1ea1n n\u00ean c\u1eaft m\u00f3ng cho th\u00fa c\u01b0ng t\u1eeb 2 \u0111\u1ebfn 4 tu\u1ea7n\/l\u1ea7n. Nh\u1eefng th\u00fa c\u01b0ng kh\u00f4ng ho\u1ea1t \u0111\u1ed9ng nhi\u1ec1u ho\u1eb7c s\u1ed1ng trong m\u00f4i tr\u01b0\u1eddng \u00edt c\u00e1t, \u0111\u00e1 s\u1ebd c\u1ea7n c\u1eaft m\u00f3ng th\u01b0\u1eddng xuy\u00ean h\u01a1n.<\/p><p><b>2. L\u00e0m th\u1ebf n\u00e0o \u0111\u1ec3 bi\u1ebft khi n\u00e0o c\u1ea7n c\u1eaft m\u00f3ng cho th\u00fa c\u01b0ng?<\/b><\/p><p>N\u1ebfu b\u1ea1n nghe th\u1ea5y ti\u1ebfng m\u00f3ng va v\u00e0o s\u00e0n nh\u00e0 khi th\u00fa c\u01b0ng \u0111i l\u1ea1i ho\u1eb7c th\u1ea5y m\u00f3ng b\u1ecb cong, qu\u00e1 d\u00e0i ho\u1eb7c b\u1eaft \u0111\u1ea7u g\u00e2y kh\u00f3 kh\u0103n cho th\u00fa c\u01b0ng khi di chuy\u1ec3n, \u0111\u00f3 l\u00e0 d\u1ea5u hi\u1ec7u c\u1ea7n c\u1eaft m\u00f3ng<\/p>\t\t\t\t\t\t\t\t<\/div>\n\t\t\t\t\t<\/div>\n\t\t\t\t<\/div>\n\t\t<div class=\"elementor-element elementor-element-4fda453 e-flex e-con-boxed e-con e-parent\" data-id=\"4fda453\" data-element_type=\"container\" data-e-type=\"container\" data-settings=\"{&quot;background_background&quot;:&quot;classic&quot;}\">\n\t\t\t\t\t<div class=\"e-con-inner\">\n\t\t\t\t<div class=\"elementor-element elementor-element-a88cb9d animated-slow elementor-invisible elementor-widget elementor-widget-heading\" data-id=\"a88cb9d\" data-element_type=\"widget\" data-e-type=\"widget\" data-settings=\"{&quot;_animation&quot;:&quot;fadeInUp&quot;}\" data-widget_type=\"heading.default\">\n\t\t\t\t\t<h2 class=\"elementor-heading-title elementor-size-default\">\u0110\u1eb6T L\u1ecaCH H\u1eb8N TR\u1ef0C TUY\u1ebeN \u0110\u1ec2 \u0110\u01af\u1ee2C PH\u1ee4C V\u1ee4 NGAY KHI \u0110\u1ebeN PH\u00d2NG KH\u00c1M\n<\/h2>\t\t\t\t<\/div>\n\t\t\t\t\t<\/div>\n\t\t\t\t<\/div>\n\t\t<div class=\"elementor-element elementor-element-636a1ada e-con-full e-flex e-con e-parent\" data-id=\"636a1ada\" data-element_type=\"container\" data-e-type=\"container\" data-settings=\"{&quot;background_background&quot;:&quot;classic&quot;}\">\n\t\t\t\t<div class=\"elementor-element elementor-element-5d884c99 elementor-widget elementor-widget-shortcode\" data-id=\"5d884c99\" data-element_type=\"widget\" data-e-type=\"widget\" data-widget_type=\"shortcode.default\">\n\t\t\t\t\t\t\t<div class=\"elementor-shortcode\"><div class=\"forminator-ui forminator-custom-form forminator-custom-form-355 forminator-design--default  forminator_ajax\" data-forminator-render=\"0\" data-form=\"forminator-module-355\" data-uid=\"69ee2e2d5d2d6\"><br\/><\/div><form\n\t\t\t\tid=\"forminator-module-355\"\n\t\t\t\tclass=\"forminator-ui forminator-custom-form forminator-custom-form-355 forminator-design--default  forminator_ajax\"\n\t\t\t\tmethod=\"post\"\n\t\t\t\tdata-forminator-render=\"0\"\n\t\t\t\tdata-form-id=\"355\"\n\t\t\t\t data-color-option=\"theme\" data-design=\"default\" data-grid=\"open\" style=\"display: none;\"\n\t\t\t\tdata-uid=\"69ee2e2d5d2d6\"\n\t\t\t><div role=\"alert\" aria-live=\"polite\" class=\"forminator-response-message forminator-error\" aria-hidden=\"true\"><\/div><div class=\"forminator-row\"><div id=\"name-1\" class=\"forminator-field-name forminator-col forminator-col-12 \"><div class=\"forminator-field\"><label for=\"forminator-field-name-1_69ee2e2d5d2d6\" id=\"forminator-field-name-1_69ee2e2d5d2d6-label\" class=\"forminator-label\">H\u1ecd v\u00e0 t\u00ean<\/label><input type=\"text\" name=\"name-1\" value=\"\" placeholder=\"H\u1ecd v\u00e0 t\u00ean\" id=\"forminator-field-name-1_69ee2e2d5d2d6\" class=\"forminator-input forminator-name--field\" aria-required=\"false\" autocomplete=\"name\" \/><\/div><\/div><\/div><div class=\"forminator-row\"><div id=\"phone-1\" class=\"forminator-field-phone forminator-col forminator-col-12 \"><div class=\"forminator-field\"><label for=\"forminator-field-phone-1_69ee2e2d5d2d6\" id=\"forminator-field-phone-1_69ee2e2d5d2d6-label\" class=\"forminator-label\">S\u1ed1 \u0111i\u1ec7n tho\u1ea1i<\/label><input type=\"text\" name=\"phone-1\" value=\"\" placeholder=\"S\u1ed1 \u0111i\u1ec7n tho\u1ea1i\" id=\"forminator-field-phone-1_69ee2e2d5d2d6\" class=\"forminator-input forminator-field--phone\" data-required=\"\" aria-required=\"false\" autocomplete=\"off\" \/><\/div><\/div><\/div><div class=\"forminator-row\"><div id=\"date-1\" class=\"forminator-field-date forminator-col forminator-col-12 \"><div class=\"forminator-field\"><label for=\"forminator-field-date-1-picker_69ee2e2d5d2d6\" id=\"forminator-field-date-1-picker_69ee2e2d5d2d6-label\" class=\"forminator-label\">Ng\u00e0y \u0111\u1ebfn kh\u00e1m<\/label><div class=\"forminator-input-with-icon\"><span class=\"forminator-icon-calendar\" aria-hidden=\"true\"><\/span><input autocomplete=\"off\" type=\"text\" size=\"1\" name=\"date-1\" value=\"\" placeholder=\"Ng\u00e0y \u0111\u1ebfn kh\u00e1m\" id=\"forminator-field-date-1-picker_69ee2e2d5d2d6\" class=\"forminator-input forminator-datepicker\" data-required=\"\" data-format=\"dd-mm-yy\" data-restrict-type=\"\" data-restrict=\"\" data-start-year=\"1926\" data-end-year=\"2126\" data-past-dates=\"enable\" data-start-of-week=\"1\" data-start-date=\"\" data-end-date=\"\" data-start-field=\"\" data-end-field=\"\" data-start-offset=\"\" data-end-offset=\"\" data-disable-date=\"\" data-disable-range=\"\" \/><\/div><\/div><\/div><\/div><div class=\"forminator-row\"><div id=\"radio-1\" class=\"forminator-field-radio forminator-col forminator-col-12 \"><div role=\"radiogroup\" class=\"forminator-field\" aria-labelledby=\"forminator-radiogroup-radio-1-69ee2e2d5d2d6-label\"><span id=\"forminator-radiogroup-radio-1-69ee2e2d5d2d6-label\" class=\"forminator-label\">L\u1ef1a ch\u1ecdn d\u1ecbch v\u1ee5 <span class=\"forminator-required\">*<\/span><\/span><label id=\"forminator-field-radio-1-label-1\" for=\"forminator-field-radio-1-1-69ee2e2d5d2d6\" class=\"forminator-radio\" title=\"D\u1ecbch v\u1ee5 ch\u0103m s\u00f3c c\u01a1 b\u1ea3n\"><input type=\"radio\" name=\"radio-1\" value=\"one\" id=\"forminator-field-radio-1-1-69ee2e2d5d2d6\" aria-labelledby=\"forminator-field-radio-1-label-1\" data-calculation=\"0\"   data-hidden-behavior=\"zero\"\/><span class=\"forminator-radio-bullet\" aria-hidden=\"true\"><\/span><span class=\"forminator-radio-label\">D\u1ecbch v\u1ee5 ch\u0103m s\u00f3c c\u01a1 b\u1ea3n<\/span><\/label><label id=\"forminator-field-radio-1-label-2\" for=\"forminator-field-radio-1-2-69ee2e2d5d2d6\" class=\"forminator-radio\" title=\"D\u1ecbch v\u1ee5 ch\u0103m s\u00f3c s\u1ee9c kh\u1ecfe\"><input type=\"radio\" name=\"radio-1\" value=\"two\" id=\"forminator-field-radio-1-2-69ee2e2d5d2d6\" aria-labelledby=\"forminator-field-radio-1-label-2\" data-calculation=\"0\"   data-hidden-behavior=\"zero\"\/><span class=\"forminator-radio-bullet\" aria-hidden=\"true\"><\/span><span class=\"forminator-radio-label\">D\u1ecbch v\u1ee5 ch\u0103m s\u00f3c s\u1ee9c kh\u1ecfe<\/span><\/label><label id=\"forminator-field-radio-1-label-3\" for=\"forminator-field-radio-1-3-69ee2e2d5d2d6\" class=\"forminator-radio\" title=\"D\u1ecbch v\u1ee5 hu\u1ea5n luy\u1ec7n\"><input type=\"radio\" name=\"radio-1\" value=\"D\u1ecbch-v\u1ee5-hu\u1ea5n-luy\u1ec7n\" id=\"forminator-field-radio-1-3-69ee2e2d5d2d6\" aria-labelledby=\"forminator-field-radio-1-label-3\" data-calculation=\"0\"   data-hidden-behavior=\"zero\"\/><span class=\"forminator-radio-bullet\" aria-hidden=\"true\"><\/span><span class=\"forminator-radio-label\">D\u1ecbch v\u1ee5 hu\u1ea5n luy\u1ec7n<\/span><\/label><label id=\"forminator-field-radio-1-label-4\" for=\"forminator-field-radio-1-4-69ee2e2d5d2d6\" class=\"forminator-radio\" title=\"D\u1ecbch v\u1ee5 tr\u00f4ng gi\u1eef v\u00e0 ch\u0103m s\u00f3c t\u1ea1i nh\u00e0\"><input type=\"radio\" name=\"radio-1\" value=\"D\u1ecbch-v\u1ee5-tr\u00f4ng-gi\u1eef-v\u00e0-ch\u0103m-s\u00f3c-t\u1ea1i-nh\u00e0\" id=\"forminator-field-radio-1-4-69ee2e2d5d2d6\" aria-labelledby=\"forminator-field-radio-1-label-4\" data-calculation=\"0\"   data-hidden-behavior=\"zero\"\/><span class=\"forminator-radio-bullet\" aria-hidden=\"true\"><\/span><span class=\"forminator-radio-label\">D\u1ecbch v\u1ee5 tr\u00f4ng gi\u1eef v\u00e0 ch\u0103m s\u00f3c t\u1ea1i nh\u00e0<\/span><\/label><label id=\"forminator-field-radio-1-label-5\" for=\"forminator-field-radio-1-5-69ee2e2d5d2d6\" class=\"forminator-radio\" title=\"D\u1ecbch v\u1ee5 l\u00e0m \u0111\u1eb9p v\u00e0 spa\"><input type=\"radio\" name=\"radio-1\" value=\"D\u1ecbch-v\u1ee5-l\u00e0m-\u0111\u1eb9p-v\u00e0-spa\" id=\"forminator-field-radio-1-5-69ee2e2d5d2d6\" aria-labelledby=\"forminator-field-radio-1-label-5\" data-calculation=\"0\"   data-hidden-behavior=\"zero\"\/><span class=\"forminator-radio-bullet\" aria-hidden=\"true\"><\/span><span class=\"forminator-radio-label\">D\u1ecbch v\u1ee5 l\u00e0m \u0111\u1eb9p v\u00e0 spa<\/span><\/label><label id=\"forminator-field-radio-1-label-6\" for=\"forminator-field-radio-1-6-69ee2e2d5d2d6\" class=\"forminator-radio\" title=\"D\u1ecbch v\u1ee5 dinh d\u01b0\u1ee1ng\"><input type=\"radio\" name=\"radio-1\" value=\"D\u1ecbch-v\u1ee5-dinh-d\u01b0\u1ee1ng\" id=\"forminator-field-radio-1-6-69ee2e2d5d2d6\" aria-labelledby=\"forminator-field-radio-1-label-6\" data-calculation=\"0\"   data-hidden-behavior=\"zero\"\/><span class=\"forminator-radio-bullet\" aria-hidden=\"true\"><\/span><span class=\"forminator-radio-label\">D\u1ecbch v\u1ee5 dinh d\u01b0\u1ee1ng<\/span><\/label><\/div><\/div><\/div><input type=\"hidden\" name=\"referer_url\" value=\"\" \/><div class=\"forminator-row forminator-row-last\"><div class=\"forminator-col\"><div class=\"forminator-field\"><button class=\"forminator-button forminator-button-submit\">\u0110\u1eb6T L\u1ecaCH KH&Aacute;M<\/button><\/div><\/div><\/div><input type=\"hidden\" id=\"forminator_nonce\" name=\"forminator_nonce\" value=\"6cae4163d5\" \/><input type=\"hidden\" name=\"_wp_http_referer\" value=\"\/index.php\/wp-json\/wp\/v2\/pages\/96\" \/><input type=\"hidden\" name=\"form_id\" value=\"355\"><input type=\"hidden\" name=\"page_id\" value=\"96\"><input type=\"hidden\" name=\"form_type\" value=\"default\"><input type=\"hidden\" name=\"current_url\" value=\"https:\/\/hanhtrinhkydieu.id.vn\/index.php\/cat-mong\/\"><input type=\"hidden\" name=\"render_id\" value=\"0\"><input type=\"hidden\" name=\"action\" value=\"forminator_submit_form_custom-forms\"><\/form><\/div>\n\t\t\t\t\t\t<\/div>\n\t\t\t\t<\/div>\n\t\t\t\t<\/div>\n\t\t","protected":false},"excerpt":{"rendered":"<p>C\u1eaeT M\u00d3NG T\u1ea1i sao c\u1ea7n c\u1eaft m\u00f3ng \u0111\u1ecbnh k\u1ef3 cho th\u00fa c\u01b0ng? Gi\u1ea3m Nguy C\u01a1 Nhi\u1ec5m Tr\u00f9ng: M\u00f3ng qu\u00e1 d\u00e0i c\u00f3 th\u1ec3 l\u00e0m thay \u0111\u1ed5i c\u00e1ch \u0111i l\u1ea1i c\u1ee7a th\u00fa c\u01b0ng, d\u1eabn \u0111\u1ebfn v\u1ea5n \u0111\u1ec1 \u0111au ch\u00e2n ho\u1eb7c c\u00e1c v\u1ebft th\u01b0\u01a1ng. Gi\u00fap Th\u00fa C\u01b0ng C\u1ea3m Th\u1ea5y Tho\u1ea3i M\u00e1i H\u01a1n: Khi m\u00f3ng \u0111\u01b0\u1ee3c c\u1eaft t\u1ec9a \u0111\u1ec1u&#8230;<\/p>\n","protected":false},"author":1,"featured_media":0,"parent":0,"menu_order":0,"comment_status":"closed","ping_status":"closed","template":"","meta":{"_kadence_starter_templates_imported_post":false,"_kad_post_transparent":"","_kad_post_title":"hide","_kad_post_layout":"fullwidth","_kad_post_sidebar_id":"","_kad_post_content_style":"unboxed","_kad_post_vertical_padding":"hide","_kad_post_feature":"hide","_kad_post_feature_position":"","_kad_post_header":false,"_kad_post_footer":false,"_kad_post_classname":"","footnotes":""},"class_list":["post-96","page","type-page","status-publish","hentry"],"_links":{"self":[{"href":"https:\/\/hanhtrinhkydieu.id.vn\/index.php\/wp-json\/wp\/v2\/pages\/96","targetHints":{"allow":["GET"]}}],"collection":[{"href":"https:\/\/hanhtrinhkydieu.id.vn\/index.php\/wp-json\/wp\/v2\/pages"}],"about":[{"href":"https:\/\/hanhtrinhkydieu.id.vn\/index.php\/wp-json\/wp\/v2\/types\/page"}],"author":[{"embeddable":true,"href":"https:\/\/hanhtrinhkydieu.id.vn\/index.php\/wp-json\/wp\/v2\/users\/1"}],"replies":[{"embeddable":true,"href":"https:\/\/hanhtrinhkydieu.id.vn\/index.php\/wp-json\/wp\/v2\/comments?post=96"}],"version-history":[{"count":4,"href":"https:\/\/hanhtrinhkydieu.id.vn\/index.php\/wp-json\/wp\/v2\/pages\/96\/revisions"}],"predecessor-version":[{"id":497,"href":"https:\/\/hanhtrinhkydieu.id.vn\/index.php\/wp-json\/wp\/v2\/pages\/96\/revisions\/497"}],"wp:attachment":[{"href":"https:\/\/hanhtrinhkydieu.id.vn\/index.php\/wp-json\/wp\/v2\/media?parent=96"}],"curies":[{"name":"wp","href":"https:\/\/api.w.org\/{rel}","templated":true}]}}