{"id":98,"date":"2024-12-09T03:58:11","date_gmt":"2024-12-09T03:58:11","guid":{"rendered":"https:\/\/hanhtrinhkydieu.id.vn\/?page_id=98"},"modified":"2024-12-12T07:35:59","modified_gmt":"2024-12-12T07:35:59","slug":"kham-suc-khoe-dinh-ky","status":"publish","type":"page","link":"https:\/\/hanhtrinhkydieu.id.vn\/index.php\/kham-suc-khoe-dinh-ky\/","title":{"rendered":"Kh\u00e1m s\u1ee9c kh\u1ecfe \u0111\u1ecbnh k\u1ef3"},"content":{"rendered":"\t\t<div data-elementor-type=\"wp-page\" data-elementor-id=\"98\" class=\"elementor elementor-98\">\n\t\t\t\t<div class=\"elementor-element elementor-element-39d4389 e-flex e-con-boxed e-con e-parent\" data-id=\"39d4389\" data-element_type=\"container\" data-e-type=\"container\" data-settings=\"{&quot;background_background&quot;:&quot;classic&quot;}\">\n\t\t\t\t\t<div class=\"e-con-inner\">\n\t\t\t\t<div class=\"elementor-element elementor-element-337da31 animated-slow elementor-invisible elementor-widget elementor-widget-heading\" data-id=\"337da31\" data-element_type=\"widget\" data-e-type=\"widget\" data-settings=\"{&quot;_animation&quot;:&quot;fadeInUp&quot;}\" data-widget_type=\"heading.default\">\n\t\t\t\t\t<h2 class=\"elementor-heading-title elementor-size-default\">KH\u00c1M S\u1ee8C KH\u1eceE \u0110\u1ecaNH K\u1ef2<\/h2>\t\t\t\t<\/div>\n\t\t\t\t\t<\/div>\n\t\t\t\t<\/div>\n\t\t<div class=\"elementor-element elementor-element-4f388f6 e-flex e-con-boxed e-con e-parent\" data-id=\"4f388f6\" data-element_type=\"container\" data-e-type=\"container\">\n\t\t\t\t\t<div class=\"e-con-inner\">\n\t\t<div class=\"elementor-element elementor-element-1a7f145 e-con-full e-flex e-con e-child\" data-id=\"1a7f145\" data-element_type=\"container\" data-e-type=\"container\">\n\t\t\t\t<div class=\"elementor-element elementor-element-9c118ab elementor-widget elementor-widget-image\" data-id=\"9c118ab\" data-element_type=\"widget\" data-e-type=\"widget\" data-widget_type=\"image.default\">\n\t\t\t\t\t\t\t\t\t\t\t\t\t\t\t<img fetchpriority=\"high\" decoding=\"async\" width=\"602\" height=\"372\" src=\"https:\/\/hanhtrinhkydieu.id.vn\/wp-content\/uploads\/2024\/12\/2b1cd30fd39169cf3080.jpg\" class=\"attachment-large size-large wp-image-475\" alt=\"\" srcset=\"https:\/\/hanhtrinhkydieu.id.vn\/wp-content\/uploads\/2024\/12\/2b1cd30fd39169cf3080.jpg 602w, https:\/\/hanhtrinhkydieu.id.vn\/wp-content\/uploads\/2024\/12\/2b1cd30fd39169cf3080-300x185.jpg 300w, https:\/\/hanhtrinhkydieu.id.vn\/wp-content\/uploads\/2024\/12\/2b1cd30fd39169cf3080-24x15.jpg 24w, https:\/\/hanhtrinhkydieu.id.vn\/wp-content\/uploads\/2024\/12\/2b1cd30fd39169cf3080-36x22.jpg 36w, https:\/\/hanhtrinhkydieu.id.vn\/wp-content\/uploads\/2024\/12\/2b1cd30fd39169cf3080-48x30.jpg 48w, https:\/\/hanhtrinhkydieu.id.vn\/wp-content\/uploads\/2024\/12\/2b1cd30fd39169cf3080-600x371.jpg 600w\" sizes=\"(max-width: 602px) 100vw, 602px\" \/>\t\t\t\t\t\t\t\t\t\t\t\t\t\t\t<\/div>\n\t\t\t\t<\/div>\n\t\t<div class=\"elementor-element elementor-element-1e1c6e9 e-con-full e-flex e-con e-child\" data-id=\"1e1c6e9\" data-element_type=\"container\" data-e-type=\"container\">\n\t\t\t\t<div class=\"elementor-element elementor-element-0f5a491 animated-slow elementor-invisible elementor-widget elementor-widget-heading\" data-id=\"0f5a491\" data-element_type=\"widget\" data-e-type=\"widget\" data-settings=\"{&quot;_animation&quot;:&quot;fadeInUp&quot;}\" data-widget_type=\"heading.default\">\n\t\t\t\t\t<h2 class=\"elementor-heading-title elementor-size-default\">T\u1ea1i sao n\u00ean kh\u00e1m s\u1ee9c kh\u1ecfe \u0111\u1ecbnh k\u1ef3 cho th\u00fa c\u01b0ng?<\/h2>\t\t\t\t<\/div>\n\t\t\t\t<div class=\"elementor-element elementor-element-3d0bcd8 elementor-icon-list--layout-traditional elementor-list-item-link-full_width elementor-widget elementor-widget-icon-list\" data-id=\"3d0bcd8\" data-element_type=\"widget\" data-e-type=\"widget\" data-widget_type=\"icon-list.default\">\n\t\t\t\t\t\t\t<ul class=\"elementor-icon-list-items\">\n\t\t\t\t\t\t\t<li class=\"elementor-icon-list-item\">\n\t\t\t\t\t\t\t\t\t\t<span class=\"elementor-icon-list-text\"><b>\u0110\u1ea7u ti\u00ean<\/b>, kh\u00e1m s\u1ee9c kh\u1ecfe \u0111\u1ecbnh k\u1ef3 gi\u00fap ph\u00e1t hi\u1ec7n s\u1edbm c\u00e1c b\u1ec7nh l\u00fd ti\u1ec1m \u1ea9n m\u00e0 th\u00fa c\u01b0ng c\u00f3 th\u1ec3 m\u1eafc ph\u1ea3i, t\u1eeb c\u00e1c b\u1ec7nh ph\u1ed5 bi\u1ebfn nh\u01b0 vi\u00eam nhi\u1ec5m, suy th\u1eadn, b\u1ec7nh tim, cho \u0111\u1ebfn nh\u1eefng b\u1ec7nh nguy hi\u1ec3m h\u01a1n nh\u01b0 ung th\u01b0<\/span>\n\t\t\t\t\t\t\t\t\t<\/li>\n\t\t\t\t\t\t\t\t<li class=\"elementor-icon-list-item\">\n\t\t\t\t\t\t\t\t\t\t<span class=\"elementor-icon-list-text\"><b>B\u00ean c\u1ea1nh \u0111\u00f3<\/b>, ki\u1ec3m tra \u0111\u1ecbnh k\u1ef3 gi\u00fap ki\u1ec3m so\u00e1t v\u00e0 ph\u00f2ng ng\u1eeba k\u00fd sinh tr\u00f9ng, nh\u01b0 ve, b\u1ecd ch\u00e9t hay giun s\u00e1n \u2013 nh\u1eefng \u201ck\u1ebb th\u00f9\u201d g\u00e2y t\u1ed5n h\u1ea1i kh\u00f4ng nh\u1ecf \u0111\u1ebfn s\u1ee9c kh\u1ecfe th\u00fa c\u01b0n<\/span>\n\t\t\t\t\t\t\t\t\t<\/li>\n\t\t\t\t\t\t\t\t<li class=\"elementor-icon-list-item\">\n\t\t\t\t\t\t\t\t\t\t<span class=\"elementor-icon-list-text\"><b>Ngo\u00e0i ra,<\/b> vi\u1ec7c kh\u00e1m s\u1ee9c kh\u1ecfe \u0111\u1ecbnh k\u1ef3 c\u00f2n gi\u00fap theo d\u00f5i ch\u1ebf \u0111\u1ed9 dinh d\u01b0\u1ee1ng v\u00e0 c\u00e2n n\u1eb7ng c\u1ee7a th\u00fa c\u01b0ng. M\u1ed7i giai \u0111o\u1ea1n ph\u00e1t tri\u1ec3n c\u1ee7a ch\u00f3 m\u00e8o \u0111\u00f2i h\u1ecfi m\u1ed9t ch\u1ebf \u0111\u1ed9 ch\u0103m s\u00f3c ri\u00eang bi\u1ec7t<\/span>\n\t\t\t\t\t\t\t\t\t<\/li>\n\t\t\t\t\t\t<\/ul>\n\t\t\t\t\t\t<\/div>\n\t\t\t\t<\/div>\n\t\t\t\t\t<\/div>\n\t\t\t\t<\/div>\n\t\t<div class=\"elementor-element elementor-element-d9a4ee8 e-flex e-con-boxed e-con e-parent\" data-id=\"d9a4ee8\" data-element_type=\"container\" data-e-type=\"container\" data-settings=\"{&quot;background_background&quot;:&quot;classic&quot;}\">\n\t\t\t\t\t<div class=\"e-con-inner\">\n\t\t\t\t<div class=\"elementor-element elementor-element-28700c2 animated-slow elementor-invisible elementor-widget elementor-widget-heading\" data-id=\"28700c2\" data-element_type=\"widget\" data-e-type=\"widget\" data-settings=\"{&quot;_animation&quot;:&quot;fadeInUp&quot;}\" data-widget_type=\"heading.default\">\n\t\t\t\t\t<h2 class=\"elementor-heading-title elementor-size-default\">B\u1ea1n c\u00f3 th\u1ec3 ch\u01b0a bi\u1ebft?<\/h2>\t\t\t\t<\/div>\n\t\t\t\t\t<\/div>\n\t\t\t\t<\/div>\n\t\t<div class=\"elementor-element elementor-element-8970d4e e-flex e-con-boxed e-con e-parent\" data-id=\"8970d4e\" data-element_type=\"container\" data-e-type=\"container\">\n\t\t\t\t\t<div class=\"e-con-inner\">\n\t\t\t\t<div class=\"elementor-element elementor-element-e82d942 elementor-widget elementor-widget-text-editor\" data-id=\"e82d942\" data-element_type=\"widget\" data-e-type=\"widget\" data-widget_type=\"text-editor.default\">\n\t\t\t\t\t\t\t\t\t<p><b>Th\u00fa C\u01b0ng Kh\u00f4ng Bi\u1ebft Ch\u00fang B\u1ecb \u1ed0m<\/b><\/p><p>Kh\u00e1c v\u1edbi con ng\u01b0\u1eddi, th\u00fa c\u01b0ng kh\u00f4ng th\u1ec3 n\u00f3i cho ch\u00fang ta bi\u1ebft khi ch\u00fang c\u1ea3m th\u1ea5y kh\u00f4ng kh\u1ecfe. M\u1ed9t s\u1ed1 b\u1ec7nh c\u00f3 th\u1ec3 kh\u00f4ng c\u00f3 d\u1ea5u hi\u1ec7u r\u00f5 r\u00e0ng cho \u0111\u1ebfn khi ch\u00fang tr\u1edf n\u00ean nghi\u00eam tr\u1ecdng. Vi\u1ec7c kh\u00e1m s\u1ee9c kh\u1ecfe \u0111\u1ecbnh k\u1ef3 gi\u00fap b\u1ea1n ph\u00e1t hi\u1ec7n nh\u1eefng v\u1ea5n \u0111\u1ec1 n\u00e0y tr\u01b0\u1edbc khi ch\u00fang \u1ea3nh h\u01b0\u1edfng \u0111\u1ebfn ch\u1ea5t l\u01b0\u1ee3ng s\u1ed1ng c\u1ee7a th\u00fa c\u01b0ng.<\/p><p><b>Kh\u00e1m S\u1ee9c Kh\u1ecfe \u0110\u1ecbnh K\u1ef3 Gi\u00fap \u0110\u00e1nh Gi\u00e1 Dinh D\u01b0\u1ee1ng v\u00e0 Th\u00f3i Quen Sinh Ho\u1ea1t<\/b><\/p><p>B\u00e1c s\u0129 th\u00fa y s\u1ebd ki\u1ec3m tra kh\u00f4ng ch\u1ec9 s\u1ee9c kh\u1ecfe t\u1ed5ng qu\u00e1t c\u1ee7a th\u00fa c\u01b0ng m\u00e0 c\u00f2n \u0111\u00e1nh gi\u00e1 ch\u1ebf \u0111\u1ed9 \u0103n u\u1ed1ng, c\u00e2n n\u1eb7ng, m\u1ee9c \u0111\u1ed9 v\u1eadn \u0111\u1ed9ng c\u1ee7a ch\u00fang. \u0110i\u1ec1u n\u00e0y gi\u00fap b\u1ea1n \u0111i\u1ec1u ch\u1ec9nh ch\u1ebf \u0111\u1ed9 dinh d\u01b0\u1ee1ng v\u00e0 th\u00f3i quen sinh ho\u1ea1t cho th\u00fa c\u01b0ng, t\u1eeb \u0111\u00f3 gi\u00fap ch\u00fang kh\u1ecfe m\u1ea1nh h\u01a1n.<\/p>\t\t\t\t\t\t\t\t<\/div>\n\t\t\t\t\t<\/div>\n\t\t\t\t<\/div>\n\t\t<div class=\"elementor-element elementor-element-cc5fbca e-flex e-con-boxed e-con e-parent\" data-id=\"cc5fbca\" data-element_type=\"container\" data-e-type=\"container\" data-settings=\"{&quot;background_background&quot;:&quot;classic&quot;}\">\n\t\t\t\t\t<div class=\"e-con-inner\">\n\t\t\t\t<div class=\"elementor-element elementor-element-1357243 animated-slow elementor-invisible elementor-widget elementor-widget-heading\" data-id=\"1357243\" data-element_type=\"widget\" data-e-type=\"widget\" data-settings=\"{&quot;_animation&quot;:&quot;fadeInUp&quot;}\" data-widget_type=\"heading.default\">\n\t\t\t\t\t<h2 class=\"elementor-heading-title elementor-size-default\">Quy tr\u00ecnh kh\u00e1m s\u1ee9c kh\u1ecfe \u0111\u1ecbnh k\u1ef3 <\/h2>\t\t\t\t<\/div>\n\t\t\t\t\t<\/div>\n\t\t\t\t<\/div>\n\t\t<div class=\"elementor-element elementor-element-b80e7ed e-flex e-con-boxed e-con e-parent\" data-id=\"b80e7ed\" data-element_type=\"container\" data-e-type=\"container\">\n\t\t\t\t\t<div class=\"e-con-inner\">\n\t\t\t\t<div class=\"elementor-element elementor-element-0a1567c elementor-widget elementor-widget-text-editor\" data-id=\"0a1567c\" data-element_type=\"widget\" data-e-type=\"widget\" data-widget_type=\"text-editor.default\">\n\t\t\t\t\t\t\t\t\t<p><b>1. Kh\u00e1m L\u00e2m S\u00e0ng<\/b><\/p><p>B\u00e1c s\u0129 th\u00fa y s\u1ebd ki\u1ec3m tra t\u1ed5ng qu\u00e1t s\u1ee9c kh\u1ecfe c\u1ee7a th\u00fa c\u01b0ng, bao g\u1ed3m vi\u1ec7c ki\u1ec3m tra c\u00e2n n\u1eb7ng, t\u00ecnh tr\u1ea1ng da, l\u00f4ng, m\u1eaft, tai, r\u0103ng mi\u1ec7ng, v\u00e0 h\u1ec7 th\u1ed1ng tim m\u1ea1ch. \u0110\u00e2y l\u00e0 b\u01b0\u1edbc \u0111\u1ea7u ti\u00ean \u0111\u1ec3 ph\u00e1t hi\u1ec7n b\u1ea5t k\u1ef3 d\u1ea5u hi\u1ec7u b\u1ea5t th\u01b0\u1eddng n\u00e0o.<\/p><p><b>2. X\u00e9t Nghi\u1ec7m v\u00e0 Ki\u1ec3m Tra S\u1ee9c Kh\u1ecfe Chi Ti\u1ebft<\/b><\/p><p>D\u1ef1a v\u00e0o k\u1ebft qu\u1ea3 kh\u00e1m l\u00e2m s\u00e0ng, b\u00e1c s\u0129 s\u1ebd ti\u1ebfn h\u00e0nh c\u00e1c x\u00e9t nghi\u1ec7m c\u1ea7n thi\u1ebft nh\u01b0 x\u00e9t nghi\u1ec7m m\u00e1u, si\u00eau \u00e2m b\u1ee5ng, ch\u1ee5p X-quang \u0111\u1ec3 ki\u1ec3m tra c\u00e1c ch\u1ee9c n\u0103ng n\u1ed9i t\u1ea1ng, t\u00ecnh tr\u1ea1ng nhi\u1ec5m tr\u00f9ng ho\u1eb7c b\u1ec7nh l\u00fd ti\u1ec1m \u1ea9n.<\/p><p><b>3. Ti\u00eam Ph\u00f2ng v\u00e0 Ch\u0103m S\u00f3c V\u1ec7 Sinh<\/b><\/p><p>Ti\u00eam ph\u00f2ng \u0111\u1ecbnh k\u1ef3 l\u00e0 m\u1ed9t ph\u1ea7n quan tr\u1ecdng c\u1ee7a kh\u00e1m s\u1ee9c kh\u1ecfe, gi\u00fap b\u1ea3o v\u1ec7 th\u00fa c\u01b0ng kh\u1ecfi c\u00e1c b\u1ec7nh nguy hi\u1ec3m nh\u01b0 d\u1ea1i, vi\u00eam gan, parvovirus, v\u00e0 c\u00e1c b\u1ec7nh truy\u1ec1n nhi\u1ec5m kh\u00e1c. B\u00ean c\u1ea1nh \u0111\u00f3, b\u00e1c s\u0129 c\u0169ng s\u1ebd l\u00e0m v\u1ec7 sinh r\u0103ng mi\u1ec7ng, ki\u1ec3m tra v\u00e0 x\u1eed l\u00fd k\u00fd sinh tr\u00f9ng nh\u01b0 b\u1ecd ch\u00e9t, ve, ho\u1eb7c giun s\u00e1n.<\/p><p><b>4. T\u01b0 V\u1ea5n Dinh D\u01b0\u1ee1ng v\u00e0 Th\u00f3i Quen Sinh Ho\u1ea1t<\/b><\/p><p>B\u00e1c s\u0129 s\u1ebd \u0111\u01b0a ra c\u00e1c khuy\u1ebfn ngh\u1ecb v\u1ec1 ch\u1ebf \u0111\u1ed9 \u0103n u\u1ed1ng v\u00e0 v\u1eadn \u0111\u1ed9ng h\u1ee3p l\u00fd cho th\u00fa c\u01b0ng, gi\u00fap duy tr\u00ec m\u1ed9t c\u01a1 th\u1ec3 kh\u1ecfe m\u1ea1nh v\u00e0 c\u00e2n \u0111\u1ed1i. N\u1ebfu th\u00fa c\u01b0ng c\u00f3 d\u1ea5u hi\u1ec7u b\u00e9o ph\u00ec ho\u1eb7c thi\u1ebfu c\u00e2n, b\u00e1c s\u0129 s\u1ebd gi\u00fap b\u1ea1n x\u00e2y d\u1ef1ng k\u1ebf ho\u1ea1ch c\u1ea3i thi\u1ec7n.<\/p><p><b>5. Ghi Ch\u00e9p H\u1ed3 S\u01a1 S\u1ee9c Kh\u1ecfe<\/b><\/p><p>Sau khi kh\u00e1m, b\u00e1c s\u0129 s\u1ebd l\u01b0u l\u1ea1i to\u00e0n b\u1ed9 th\u00f4ng tin v\u1ec1 t\u00ecnh tr\u1ea1ng s\u1ee9c kh\u1ecfe c\u1ee7a th\u00fa c\u01b0ng, c\u00e1c x\u00e9t nghi\u1ec7m \u0111\u00e3 th\u1ef1c hi\u1ec7n v\u00e0 k\u1ebft qu\u1ea3 \u0111\u1ec3 ti\u1ec7n theo d\u00f5i trong c\u00e1c l\u1ea7n kh\u00e1m sau.<\/p>\t\t\t\t\t\t\t\t<\/div>\n\t\t\t\t\t<\/div>\n\t\t\t\t<\/div>\n\t\t<div class=\"elementor-element elementor-element-9b9f538 e-flex e-con-boxed e-con e-parent\" data-id=\"9b9f538\" data-element_type=\"container\" data-e-type=\"container\" data-settings=\"{&quot;background_background&quot;:&quot;classic&quot;}\">\n\t\t\t\t\t<div class=\"e-con-inner\">\n\t\t\t\t<div class=\"elementor-element elementor-element-4ed9212 animated-slow elementor-invisible elementor-widget elementor-widget-heading\" data-id=\"4ed9212\" data-element_type=\"widget\" data-e-type=\"widget\" data-settings=\"{&quot;_animation&quot;:&quot;fadeInUp&quot;}\" data-widget_type=\"heading.default\">\n\t\t\t\t\t<h2 class=\"elementor-heading-title elementor-size-default\">C\u00e1c c\u00e2u h\u1ecfi th\u01b0\u1eddng g\u1eb7p<\/h2>\t\t\t\t<\/div>\n\t\t\t\t\t<\/div>\n\t\t\t\t<\/div>\n\t\t<div class=\"elementor-element elementor-element-040bd41 e-flex e-con-boxed e-con e-parent\" data-id=\"040bd41\" data-element_type=\"container\" data-e-type=\"container\">\n\t\t\t\t\t<div class=\"e-con-inner\">\n\t\t\t\t<div class=\"elementor-element elementor-element-de80251 elementor-widget elementor-widget-text-editor\" data-id=\"de80251\" data-element_type=\"widget\" data-e-type=\"widget\" data-widget_type=\"text-editor.default\">\n\t\t\t\t\t\t\t\t\t<p><b>1. M\u1ed7i bao l\u00e2u th\u00ec n\u00ean \u0111\u01b0a th\u00fa c\u01b0ng \u0111i kh\u00e1m s\u1ee9c kh\u1ecfe?<\/b><\/p><p>Th\u00fa c\u01b0ng n\u00ean \u0111\u01b0\u1ee3c kh\u00e1m s\u1ee9c kh\u1ecfe \u0111\u1ecbnh k\u1ef3 \u00edt nh\u1ea5t 1-2 l\u1ea7n m\u1ed7i n\u0103m. \u0110\u1ed1i v\u1edbi c\u00e1c gi\u1ed1ng ch\u00f3, m\u00e8o l\u1edbn tu\u1ed5i ho\u1eb7c c\u00f3 v\u1ea5n \u0111\u1ec1 s\u1ee9c kh\u1ecfe, vi\u1ec7c kh\u00e1m s\u1ee9c kh\u1ecfe c\u00f3 th\u1ec3 c\u1ea7n th\u1ef1c hi\u1ec7n th\u01b0\u1eddng xuy\u00ean h\u01a1n.<\/p><p><b>2. Kh\u00e1m s\u1ee9c kh\u1ecfe \u0111\u1ecbnh k\u1ef3 cho th\u00fa c\u01b0ng c\u00f3 t\u1ed1n k\u00e9m kh\u00f4ng?<\/b><\/p><p>Chi ph\u00ed kh\u00e1m s\u1ee9c kh\u1ecfe \u0111\u1ecbnh k\u1ef3 cho th\u00fa c\u01b0ng th\u01b0\u1eddng kh\u00f4ng qu\u00e1 cao v\u00e0 l\u00e0 kho\u1ea3n \u0111\u1ea7u t\u01b0 x\u1ee9ng \u0111\u00e1ng \u0111\u1ec3 b\u1ea3o v\u1ec7 s\u1ee9c kh\u1ecfe cho th\u00fa c\u01b0ng. Tuy nhi\u00ean, chi ph\u00ed c\u00f3 th\u1ec3 thay \u0111\u1ed5i t\u00f9y thu\u1ed9c v\u00e0o d\u1ecbch v\u1ee5 c\u1ee5 th\u1ec3 v\u00e0 c\u00e1c x\u00e9t nghi\u1ec7m c\u1ea7n thi\u1ebft.<\/p>\t\t\t\t\t\t\t\t<\/div>\n\t\t\t\t\t<\/div>\n\t\t\t\t<\/div>\n\t\t<div class=\"elementor-element elementor-element-ea0deec e-flex e-con-boxed e-con e-parent\" data-id=\"ea0deec\" data-element_type=\"container\" data-e-type=\"container\" data-settings=\"{&quot;background_background&quot;:&quot;classic&quot;}\">\n\t\t\t\t\t<div class=\"e-con-inner\">\n\t\t\t\t<div class=\"elementor-element elementor-element-bd4fa91 animated-slow elementor-invisible elementor-widget elementor-widget-heading\" data-id=\"bd4fa91\" data-element_type=\"widget\" data-e-type=\"widget\" data-settings=\"{&quot;_animation&quot;:&quot;fadeInUp&quot;}\" data-widget_type=\"heading.default\">\n\t\t\t\t\t<h2 class=\"elementor-heading-title elementor-size-default\">\u0110\u1eb6T L\u1ecaCH H\u1eb8N TR\u1ef0C TUY\u1ebeN \u0110\u1ec2 \u0110\u01af\u1ee2C PH\u1ee4C V\u1ee4 NGAY KHI \u0110\u1ebeN PH\u00d2NG KH\u00c1M\n<\/h2>\t\t\t\t<\/div>\n\t\t\t\t\t<\/div>\n\t\t\t\t<\/div>\n\t\t<div class=\"elementor-element elementor-element-6976f43c e-con-full e-flex e-con e-parent\" data-id=\"6976f43c\" data-element_type=\"container\" data-e-type=\"container\" data-settings=\"{&quot;background_background&quot;:&quot;classic&quot;}\">\n\t\t\t\t<div class=\"elementor-element elementor-element-31786ded elementor-widget elementor-widget-shortcode\" data-id=\"31786ded\" data-element_type=\"widget\" data-e-type=\"widget\" data-widget_type=\"shortcode.default\">\n\t\t\t\t\t\t\t<div class=\"elementor-shortcode\"><div class=\"forminator-ui forminator-custom-form forminator-custom-form-355 forminator-design--default  forminator_ajax\" data-forminator-render=\"0\" data-form=\"forminator-module-355\" data-uid=\"69ee2e73af761\"><br\/><\/div><form\n\t\t\t\tid=\"forminator-module-355\"\n\t\t\t\tclass=\"forminator-ui forminator-custom-form forminator-custom-form-355 forminator-design--default  forminator_ajax\"\n\t\t\t\tmethod=\"post\"\n\t\t\t\tdata-forminator-render=\"0\"\n\t\t\t\tdata-form-id=\"355\"\n\t\t\t\t data-color-option=\"theme\" data-design=\"default\" data-grid=\"open\" style=\"display: none;\"\n\t\t\t\tdata-uid=\"69ee2e73af761\"\n\t\t\t><div role=\"alert\" aria-live=\"polite\" class=\"forminator-response-message forminator-error\" aria-hidden=\"true\"><\/div><div class=\"forminator-row\"><div id=\"name-1\" class=\"forminator-field-name forminator-col forminator-col-12 \"><div class=\"forminator-field\"><label for=\"forminator-field-name-1_69ee2e73af761\" id=\"forminator-field-name-1_69ee2e73af761-label\" class=\"forminator-label\">H\u1ecd v\u00e0 t\u00ean<\/label><input type=\"text\" name=\"name-1\" value=\"\" placeholder=\"H\u1ecd v\u00e0 t\u00ean\" id=\"forminator-field-name-1_69ee2e73af761\" class=\"forminator-input forminator-name--field\" aria-required=\"false\" autocomplete=\"name\" \/><\/div><\/div><\/div><div class=\"forminator-row\"><div id=\"phone-1\" class=\"forminator-field-phone forminator-col forminator-col-12 \"><div class=\"forminator-field\"><label for=\"forminator-field-phone-1_69ee2e73af761\" id=\"forminator-field-phone-1_69ee2e73af761-label\" class=\"forminator-label\">S\u1ed1 \u0111i\u1ec7n tho\u1ea1i<\/label><input type=\"text\" name=\"phone-1\" value=\"\" placeholder=\"S\u1ed1 \u0111i\u1ec7n tho\u1ea1i\" id=\"forminator-field-phone-1_69ee2e73af761\" class=\"forminator-input forminator-field--phone\" data-required=\"\" aria-required=\"false\" autocomplete=\"off\" \/><\/div><\/div><\/div><div class=\"forminator-row\"><div id=\"date-1\" class=\"forminator-field-date forminator-col forminator-col-12 \"><div class=\"forminator-field\"><label for=\"forminator-field-date-1-picker_69ee2e73af761\" id=\"forminator-field-date-1-picker_69ee2e73af761-label\" class=\"forminator-label\">Ng\u00e0y \u0111\u1ebfn kh\u00e1m<\/label><div class=\"forminator-input-with-icon\"><span class=\"forminator-icon-calendar\" aria-hidden=\"true\"><\/span><input autocomplete=\"off\" type=\"text\" size=\"1\" name=\"date-1\" value=\"\" placeholder=\"Ng\u00e0y \u0111\u1ebfn kh\u00e1m\" id=\"forminator-field-date-1-picker_69ee2e73af761\" class=\"forminator-input forminator-datepicker\" data-required=\"\" data-format=\"dd-mm-yy\" data-restrict-type=\"\" data-restrict=\"\" data-start-year=\"1926\" data-end-year=\"2126\" data-past-dates=\"enable\" data-start-of-week=\"1\" data-start-date=\"\" data-end-date=\"\" data-start-field=\"\" data-end-field=\"\" data-start-offset=\"\" data-end-offset=\"\" data-disable-date=\"\" data-disable-range=\"\" \/><\/div><\/div><\/div><\/div><div class=\"forminator-row\"><div id=\"radio-1\" class=\"forminator-field-radio forminator-col forminator-col-12 \"><div role=\"radiogroup\" class=\"forminator-field\" aria-labelledby=\"forminator-radiogroup-radio-1-69ee2e73af761-label\"><span id=\"forminator-radiogroup-radio-1-69ee2e73af761-label\" class=\"forminator-label\">L\u1ef1a ch\u1ecdn d\u1ecbch v\u1ee5 <span class=\"forminator-required\">*<\/span><\/span><label id=\"forminator-field-radio-1-label-1\" for=\"forminator-field-radio-1-1-69ee2e73af761\" class=\"forminator-radio\" title=\"D\u1ecbch v\u1ee5 ch\u0103m s\u00f3c c\u01a1 b\u1ea3n\"><input type=\"radio\" name=\"radio-1\" value=\"one\" id=\"forminator-field-radio-1-1-69ee2e73af761\" aria-labelledby=\"forminator-field-radio-1-label-1\" data-calculation=\"0\"   data-hidden-behavior=\"zero\"\/><span class=\"forminator-radio-bullet\" aria-hidden=\"true\"><\/span><span class=\"forminator-radio-label\">D\u1ecbch v\u1ee5 ch\u0103m s\u00f3c c\u01a1 b\u1ea3n<\/span><\/label><label id=\"forminator-field-radio-1-label-2\" for=\"forminator-field-radio-1-2-69ee2e73af761\" class=\"forminator-radio\" title=\"D\u1ecbch v\u1ee5 ch\u0103m s\u00f3c s\u1ee9c kh\u1ecfe\"><input type=\"radio\" name=\"radio-1\" value=\"two\" id=\"forminator-field-radio-1-2-69ee2e73af761\" aria-labelledby=\"forminator-field-radio-1-label-2\" data-calculation=\"0\"   data-hidden-behavior=\"zero\"\/><span class=\"forminator-radio-bullet\" aria-hidden=\"true\"><\/span><span class=\"forminator-radio-label\">D\u1ecbch v\u1ee5 ch\u0103m s\u00f3c s\u1ee9c kh\u1ecfe<\/span><\/label><label id=\"forminator-field-radio-1-label-3\" for=\"forminator-field-radio-1-3-69ee2e73af761\" class=\"forminator-radio\" title=\"D\u1ecbch v\u1ee5 hu\u1ea5n luy\u1ec7n\"><input type=\"radio\" name=\"radio-1\" value=\"D\u1ecbch-v\u1ee5-hu\u1ea5n-luy\u1ec7n\" id=\"forminator-field-radio-1-3-69ee2e73af761\" aria-labelledby=\"forminator-field-radio-1-label-3\" data-calculation=\"0\"   data-hidden-behavior=\"zero\"\/><span class=\"forminator-radio-bullet\" aria-hidden=\"true\"><\/span><span class=\"forminator-radio-label\">D\u1ecbch v\u1ee5 hu\u1ea5n luy\u1ec7n<\/span><\/label><label id=\"forminator-field-radio-1-label-4\" for=\"forminator-field-radio-1-4-69ee2e73af761\" class=\"forminator-radio\" title=\"D\u1ecbch v\u1ee5 tr\u00f4ng gi\u1eef v\u00e0 ch\u0103m s\u00f3c t\u1ea1i nh\u00e0\"><input type=\"radio\" name=\"radio-1\" value=\"D\u1ecbch-v\u1ee5-tr\u00f4ng-gi\u1eef-v\u00e0-ch\u0103m-s\u00f3c-t\u1ea1i-nh\u00e0\" id=\"forminator-field-radio-1-4-69ee2e73af761\" aria-labelledby=\"forminator-field-radio-1-label-4\" data-calculation=\"0\"   data-hidden-behavior=\"zero\"\/><span class=\"forminator-radio-bullet\" aria-hidden=\"true\"><\/span><span class=\"forminator-radio-label\">D\u1ecbch v\u1ee5 tr\u00f4ng gi\u1eef v\u00e0 ch\u0103m s\u00f3c t\u1ea1i nh\u00e0<\/span><\/label><label id=\"forminator-field-radio-1-label-5\" for=\"forminator-field-radio-1-5-69ee2e73af761\" class=\"forminator-radio\" title=\"D\u1ecbch v\u1ee5 l\u00e0m \u0111\u1eb9p v\u00e0 spa\"><input type=\"radio\" name=\"radio-1\" value=\"D\u1ecbch-v\u1ee5-l\u00e0m-\u0111\u1eb9p-v\u00e0-spa\" id=\"forminator-field-radio-1-5-69ee2e73af761\" aria-labelledby=\"forminator-field-radio-1-label-5\" data-calculation=\"0\"   data-hidden-behavior=\"zero\"\/><span class=\"forminator-radio-bullet\" aria-hidden=\"true\"><\/span><span class=\"forminator-radio-label\">D\u1ecbch v\u1ee5 l\u00e0m \u0111\u1eb9p v\u00e0 spa<\/span><\/label><label id=\"forminator-field-radio-1-label-6\" for=\"forminator-field-radio-1-6-69ee2e73af761\" class=\"forminator-radio\" title=\"D\u1ecbch v\u1ee5 dinh d\u01b0\u1ee1ng\"><input type=\"radio\" name=\"radio-1\" value=\"D\u1ecbch-v\u1ee5-dinh-d\u01b0\u1ee1ng\" id=\"forminator-field-radio-1-6-69ee2e73af761\" aria-labelledby=\"forminator-field-radio-1-label-6\" data-calculation=\"0\"   data-hidden-behavior=\"zero\"\/><span class=\"forminator-radio-bullet\" aria-hidden=\"true\"><\/span><span class=\"forminator-radio-label\">D\u1ecbch v\u1ee5 dinh d\u01b0\u1ee1ng<\/span><\/label><\/div><\/div><\/div><input type=\"hidden\" name=\"referer_url\" value=\"\" \/><div class=\"forminator-row forminator-row-last\"><div class=\"forminator-col\"><div class=\"forminator-field\"><button class=\"forminator-button forminator-button-submit\">\u0110\u1eb6T L\u1ecaCH KH&Aacute;M<\/button><\/div><\/div><\/div><input type=\"hidden\" id=\"forminator_nonce\" name=\"forminator_nonce\" value=\"6cae4163d5\" \/><input type=\"hidden\" name=\"_wp_http_referer\" value=\"\/index.php\/wp-json\/wp\/v2\/pages\/98\" \/><input type=\"hidden\" name=\"form_id\" value=\"355\"><input type=\"hidden\" name=\"page_id\" value=\"98\"><input type=\"hidden\" name=\"form_type\" value=\"default\"><input type=\"hidden\" name=\"current_url\" value=\"https:\/\/hanhtrinhkydieu.id.vn\/index.php\/kham-suc-khoe-dinh-ky\/\"><input type=\"hidden\" name=\"render_id\" value=\"0\"><input type=\"hidden\" name=\"action\" value=\"forminator_submit_form_custom-forms\"><\/form><\/div>\n\t\t\t\t\t\t<\/div>\n\t\t\t\t<\/div>\n\t\t\t\t<\/div>\n\t\t","protected":false},"excerpt":{"rendered":"<p>KH\u00c1M S\u1ee8C KH\u1eceE \u0110\u1ecaNH K\u1ef2 T\u1ea1i sao n\u00ean kh\u00e1m s\u1ee9c kh\u1ecfe \u0111\u1ecbnh k\u1ef3 cho th\u00fa c\u01b0ng? \u0110\u1ea7u ti\u00ean, kh\u00e1m s\u1ee9c kh\u1ecfe \u0111\u1ecbnh k\u1ef3 gi\u00fap ph\u00e1t hi\u1ec7n s\u1edbm c\u00e1c b\u1ec7nh l\u00fd ti\u1ec1m \u1ea9n m\u00e0 th\u00fa c\u01b0ng c\u00f3 th\u1ec3 m\u1eafc ph\u1ea3i, t\u1eeb c\u00e1c b\u1ec7nh ph\u1ed5 bi\u1ebfn nh\u01b0 vi\u00eam nhi\u1ec5m, suy th\u1eadn, b\u1ec7nh tim, cho \u0111\u1ebfn nh\u1eefng b\u1ec7nh&#8230;<\/p>\n","protected":false},"author":1,"featured_media":0,"parent":0,"menu_order":0,"comment_status":"closed","ping_status":"closed","template":"","meta":{"_kadence_starter_templates_imported_post":false,"_kad_post_transparent":"","_kad_post_title":"hide","_kad_post_layout":"fullwidth","_kad_post_sidebar_id":"","_kad_post_content_style":"unboxed","_kad_post_vertical_padding":"hide","_kad_post_feature":"hide","_kad_post_feature_position":"","_kad_post_header":false,"_kad_post_footer":false,"_kad_post_classname":"","footnotes":""},"class_list":["post-98","page","type-page","status-publish","hentry"],"_links":{"self":[{"href":"https:\/\/hanhtrinhkydieu.id.vn\/index.php\/wp-json\/wp\/v2\/pages\/98","targetHints":{"allow":["GET"]}}],"collection":[{"href":"https:\/\/hanhtrinhkydieu.id.vn\/index.php\/wp-json\/wp\/v2\/pages"}],"about":[{"href":"https:\/\/hanhtrinhkydieu.id.vn\/index.php\/wp-json\/wp\/v2\/types\/page"}],"author":[{"embeddable":true,"href":"https:\/\/hanhtrinhkydieu.id.vn\/index.php\/wp-json\/wp\/v2\/users\/1"}],"replies":[{"embeddable":true,"href":"https:\/\/hanhtrinhkydieu.id.vn\/index.php\/wp-json\/wp\/v2\/comments?post=98"}],"version-history":[{"count":4,"href":"https:\/\/hanhtrinhkydieu.id.vn\/index.php\/wp-json\/wp\/v2\/pages\/98\/revisions"}],"predecessor-version":[{"id":501,"href":"https:\/\/hanhtrinhkydieu.id.vn\/index.php\/wp-json\/wp\/v2\/pages\/98\/revisions\/501"}],"wp:attachment":[{"href":"https:\/\/hanhtrinhkydieu.id.vn\/index.php\/wp-json\/wp\/v2\/media?parent=98"}],"curies":[{"name":"wp","href":"https:\/\/api.w.org\/{rel}","templated":true}]}}